{"id":520242,"date":"2024-02-28T16:57:19","date_gmt":"2024-02-28T15:57:19","guid":{"rendered":"https:\/\/konopljazdravi.si\/kontakt\/"},"modified":"2024-08-27T12:24:29","modified_gmt":"2024-08-27T10:24:29","slug":"kontakt","status":"publish","type":"page","link":"https:\/\/konopljazdravi.si\/hr\/kontakt\/","title":{"rendered":"Kontakt"},"content":{"rendered":"\n<div  class=\"container__wrapper mt-40\" >\n    <div class=\"container container--normal  \">\n        \n<div class=\"kz-contact\">\n    <h1>Zdravo,<\/h1>\n    <div class=\"kz-contact__contact-description\">\n        <p>znam da je puno nedoumica na po\u010detku upoznavanja svijeta konoplje, pa o\u010dekujem puno va\u0161ih poruka \ud83d\ude42<\/p>\n<p>Iskreno \u0107u Vas savjetovati jeste li prikladan kandidat za kori\u0161tenje proizvoda od konoplje. I koji je proizvod najprikladniji za Vas. Ni konoplja se ne mo\u017ee koristiti za sve probleme.<\/p>\n<p>Poku\u0161at \u0107u odgovoriti na Va\u0161e pitanje u razumno kratkom vremenu.<\/p>\n    <\/div>\n    <div class=\"kz-contact__form-and-links\">\n        <div class=\"kz-contact__form-and-links-form\">\n            \n<div class=\"wpcf7 no-js\" id=\"wpcf7-f520281-o1\" lang=\"sl-SI\" dir=\"ltr\" data-wpcf7-id=\"520281\">\n<div class=\"screen-reader-response\"><p role=\"status\" aria-live=\"polite\" aria-atomic=\"true\"><\/p> <ul><\/ul><\/div>\n<form action=\"\/hr\/wp-json\/wp\/v2\/pages\/520242#wpcf7-f520281-o1\" method=\"post\" class=\"wpcf7-form init\" aria-label=\"Contact form\" novalidate=\"novalidate\" data-status=\"init\">\n<fieldset class=\"hidden-fields-container\"><input type=\"hidden\" name=\"_wpcf7\" value=\"520281\" \/><input type=\"hidden\" name=\"_wpcf7_version\" value=\"6.1.1\" \/><input type=\"hidden\" name=\"_wpcf7_locale\" value=\"sl_SI\" \/><input type=\"hidden\" name=\"_wpcf7_unit_tag\" value=\"wpcf7-f520281-o1\" \/><input type=\"hidden\" name=\"_wpcf7_container_post\" value=\"0\" \/><input type=\"hidden\" name=\"_wpcf7_posted_data_hash\" value=\"\" \/>\n<\/fieldset>\n<div class='kz-contact-form'>\n\t<h3>Kontakt obrazac\n\t<\/h3>\n\t<div class='kz-contact-form__fields'>\n\t\t<div class='kz-contact-form__fields-field kz-contact-form__fields-half'>\n\t\t\t<p><label>Ime<\/label><br \/>\n<span class=\"wpcf7-form-control-wrap\" data-name=\"your-name\"><input size=\"40\" maxlength=\"400\" class=\"wpcf7-form-control wpcf7-text wpcf7-validates-as-required\" autocomplete=\"name\" aria-required=\"true\" aria-invalid=\"false\" placeholder=\"Va\u0161e ime, da znam sa kime komuniciram \ud83d\ude0a\" value=\"\" type=\"text\" name=\"your-name\" \/><\/span>\n\t\t\t<\/p>\n\t\t<\/div>\n\t\t<div class='kz-contact-form__fields-field kz-contact-form__fields-half'>\n\t\t\t<p><label>E-mail adresa<\/label><br \/>\n<span class=\"wpcf7-form-control-wrap\" data-name=\"your-email\"><input size=\"40\" maxlength=\"400\" class=\"wpcf7-form-control wpcf7-email wpcf7-validates-as-required wpcf7-text wpcf7-validates-as-email\" autocomplete=\"email\" aria-required=\"true\" aria-invalid=\"false\" placeholder=\"Va\u0161 e-mail, kako bih znao gdje odgovoriti\" value=\"\" type=\"email\" name=\"your-email\" \/><\/span>\n\t\t\t<\/p>\n\t\t<\/div>\n\t\t<div class='kz-contact-form__fields-field kz-contact-form__fields-full'>\n\t\t\t<p><label>Poruka<\/label><br \/>\n<span class=\"wpcf7-form-control-wrap\" data-name=\"textarea-429\"><textarea cols=\"40\" rows=\"10\" maxlength=\"2000\" class=\"wpcf7-form-control wpcf7-textarea\" aria-invalid=\"false\" placeholder=\"Molim Vas da pitanje napi\u0161ete \u0161to jasnije. Jedino tako mogu adekvatno odgovoriti.\" name=\"textarea-429\"><\/textarea><\/span>\n\t\t\t<\/p>\n\t\t<\/div>\n\t\t<div class='kz-contact-form__fields-field kz-contact-form__fields-full'>\n\t\t<input class=\"wpcf7-form-control wpcf7-hidden\" value=\"\" type=\"hidden\" name=\"hidden-akismet-email\" \/>\n\t\t<input class=\"wpcf7-form-control wpcf7-hidden\" value=\"Ovo polje morate obavezno ispuniti.\" type=\"hidden\" name=\"hidden-field\" \/>\n\t\t\t<p><input class=\"wpcf7-form-control wpcf7-submit has-spinner\" type=\"submit\" value=\"Po\u0161aljite poruku\" \/>\n\t\t\t<\/p>\n\t\t<\/div>\n\t<\/div>\n<\/div><p style=\"display: none !important;\" class=\"akismet-fields-container\" data-prefix=\"_wpcf7_ak_\"><label>&#916;<textarea name=\"_wpcf7_ak_hp_textarea\" cols=\"45\" rows=\"8\" maxlength=\"100\"><\/textarea><\/label><input type=\"hidden\" id=\"ak_js_1\" name=\"_wpcf7_ak_js\" value=\"187\"\/><script>document.getElementById( \"ak_js_1\" ).setAttribute( \"value\", ( new Date() ).getTime() );<\/script><\/p><div class=\"wpcf7-response-output\" aria-hidden=\"true\"><\/div>\n<\/form>\n<\/div>\n        <\/div>\n        <div class=\"kz-contact__form-and-links-buttons\">\n            <h4>Ako kontaktni obrasci nisu Va\u0161a stvar:<\/h4>\n                        <a class=\"button button--large button--primary\"\n           href=\"mailto:matej@konopljazdravi.si\"\n            >\n            <span>matej@konopljazdravi.si<\/span>\n                            <span class='icon icon--big '><svg width=\"24\" height=\"24\" viewBox=\"0 0 24 24\" fill=\"none\" xmlns=\"http:\/\/www.w3.org\/2000\/svg\">\n    <path d=\"M20 4C20.5046 3.99984 20.9906 4.19041 21.3605 4.5335C21.7305 4.87659 21.9572 5.34684 21.995 5.85L22 6V18C22.0002 18.5046 21.8096 18.9906 21.4665 19.3605C21.1234 19.7305 20.6532 19.9572 20.15 19.995L20 20H4C3.49542 20.0002 3.00943 19.8096 2.63945 19.4665C2.26947 19.1234 2.04284 18.6532 2.005 18.15L2 18V6C1.99984 5.49542 2.19041 5.00943 2.5335 4.63945C2.87659 4.26947 3.34684 4.04284 3.85 4.005L4 4H20ZM20 7.414L13.06 14.354C12.7787 14.6349 12.3975 14.7927 12 14.7927C11.6025 14.7927 11.2213 14.6349 10.94 14.354L4 7.414V18H20V7.414ZM18.586 6H5.414L12 12.586L18.586 6Z\" fill=\"white\"\/>\n<\/svg>\n<\/span>                                <\/a>\n                                <a class=\"button button--large button--primary\"\n           href=\"https:\/\/m.me\/konopljazdravii\"\n            >\n            <span>Pi\u0161ite na Messenger<\/span>\n                            <span class='icon icon--big '><svg width=\"25\" height=\"24\" viewBox=\"0 0 25 24\" fill=\"none\" xmlns=\"http:\/\/www.w3.org\/2000\/svg\">\n<path fill-rule=\"evenodd\" clip-rule=\"evenodd\" d=\"M1.77461 16.5311L7.02138 8.20701C7.85596 6.88277 9.64317 6.55305 10.8954 7.4922L15.0684 10.622C15.4513 10.9092 15.9781 10.9076 16.3594 10.6183L21.9952 6.34104C22.7475 5.77019 23.7294 6.6704 23.226 7.46927L17.9792 15.7934C17.1446 17.1176 15.3574 17.4474 14.1052 16.5082L9.93206 13.3783C9.54922 13.0912 9.02238 13.0927 8.64115 13.3821L3.00526 17.6593C2.25304 18.2301 1.2711 17.3299 1.77461 16.5311Z\" fill=\"white\"\/>\n<\/svg>\n<\/span>                                <\/a>\n                <\/div>\n    <\/div>\n<\/div>\n\n\n    <\/div>\n<\/div>\n\n\n\n<p><\/p>\n","protected":false},"excerpt":{"rendered":"","protected":false},"author":1,"featured_media":0,"parent":0,"menu_order":0,"comment_status":"closed","ping_status":"closed","template":"","meta":{"inline_featured_image":false,"footnotes":""},"class_list":["post-520242","page","type-page","status-publish","hentry"],"acf":[],"_links":{"self":[{"href":"https:\/\/konopljazdravi.si\/hr\/wp-json\/wp\/v2\/pages\/520242","targetHints":{"allow":["GET"]}}],"collection":[{"href":"https:\/\/konopljazdravi.si\/hr\/wp-json\/wp\/v2\/pages"}],"about":[{"href":"https:\/\/konopljazdravi.si\/hr\/wp-json\/wp\/v2\/types\/page"}],"author":[{"embeddable":true,"href":"https:\/\/konopljazdravi.si\/hr\/wp-json\/wp\/v2\/users\/1"}],"replies":[{"embeddable":true,"href":"https:\/\/konopljazdravi.si\/hr\/wp-json\/wp\/v2\/comments?post=520242"}],"version-history":[{"count":7,"href":"https:\/\/konopljazdravi.si\/hr\/wp-json\/wp\/v2\/pages\/520242\/revisions"}],"predecessor-version":[{"id":521196,"href":"https:\/\/konopljazdravi.si\/hr\/wp-json\/wp\/v2\/pages\/520242\/revisions\/521196"}],"wp:attachment":[{"href":"https:\/\/konopljazdravi.si\/hr\/wp-json\/wp\/v2\/media?parent=520242"}],"curies":[{"name":"wp","href":"https:\/\/api.w.org\/{rel}","templated":true}]}}