{"id":520253,"date":"2024-03-23T20:12:20","date_gmt":"2024-03-23T19:12:20","guid":{"rendered":"https:\/\/konopljazdravi.si\/pravilnik-nagradnih-iger\/"},"modified":"2024-10-21T10:59:23","modified_gmt":"2024-10-21T08:59:23","slug":"pravila-nagradnih-igara","status":"publish","type":"page","link":"https:\/\/konopljazdravi.si\/hr\/pravila-nagradnih-igara\/","title":{"rendered":"Pravila nagradnih igara"},"content":{"rendered":"\n<div  class=\"container__wrapper\" >\n    <div class=\"container container--small pt-64 kz-post-content \">\n        \n<h1 class=\"wp-block-post-title\">Pravila nagradnih igara<\/h1>\n\n\n<p>Svaka nagradna igra ima zasebnu, prilo\u017eenu politiku koju mo\u017eete pro\u010ditati prije sudjelovanja u nagradnoj igri.<\/p>\n\n\n    <\/div>\n<\/div>\n","protected":false},"excerpt":{"rendered":"","protected":false},"author":1,"featured_media":0,"parent":0,"menu_order":0,"comment_status":"closed","ping_status":"closed","template":"","meta":{"inline_featured_image":false,"footnotes":""},"class_list":["post-520253","page","type-page","status-publish","hentry"],"acf":[],"_links":{"self":[{"href":"https:\/\/konopljazdravi.si\/hr\/wp-json\/wp\/v2\/pages\/520253","targetHints":{"allow":["GET"]}}],"collection":[{"href":"https:\/\/konopljazdravi.si\/hr\/wp-json\/wp\/v2\/pages"}],"about":[{"href":"https:\/\/konopljazdravi.si\/hr\/wp-json\/wp\/v2\/types\/page"}],"author":[{"embeddable":true,"href":"https:\/\/konopljazdravi.si\/hr\/wp-json\/wp\/v2\/users\/1"}],"replies":[{"embeddable":true,"href":"https:\/\/konopljazdravi.si\/hr\/wp-json\/wp\/v2\/comments?post=520253"}],"version-history":[{"count":1,"href":"https:\/\/konopljazdravi.si\/hr\/wp-json\/wp\/v2\/pages\/520253\/revisions"}],"predecessor-version":[{"id":520254,"href":"https:\/\/konopljazdravi.si\/hr\/wp-json\/wp\/v2\/pages\/520253\/revisions\/520254"}],"wp:attachment":[{"href":"https:\/\/konopljazdravi.si\/hr\/wp-json\/wp\/v2\/media?parent=520253"}],"curies":[{"name":"wp","href":"https:\/\/api.w.org\/{rel}","templated":true}]}}