{"id":520266,"date":"2024-01-31T20:55:58","date_gmt":"2024-01-31T19:55:58","guid":{"rendered":"https:\/\/konopljazdravi.si\/politika-zasebnosti\/"},"modified":"2024-10-21T10:55:57","modified_gmt":"2024-10-21T08:55:57","slug":"politika-privatnosti","status":"publish","type":"page","link":"https:\/\/konopljazdravi.si\/hr\/politika-privatnosti\/","title":{"rendered":"Politika privatnosti i za\u0161tita osobnih podataka"},"content":{"rendered":"\n<div  class=\"container__wrapper\" >\n    <div class=\"container container--small pt-64 kz-post-content \">\n        \n<h1 class=\"wp-block-post-title\">Politika privatnosti i za\u0161tita osobnih podataka<\/h1>\n\n\n<p>Svjesni smo va\u017enosti prava na privatnost, stoga s podacima pojedinaca postupamo pa\u017eljivo i odgovorno, a pri obradi se pridr\u017eavamo odredbi Europske uredbe iz podru\u010dja za\u0161tite osobnih podataka i Zakona o za\u0161titi osobnih podataka. Pitanja u vezi obrade podataka mo\u017eete nam poslati na e-mail adresu: matej@konopljazdravi.si<\/p>\n\n\n\n<p><strong><strong>Kontrolor osobnih podataka<\/strong><\/strong><\/p>\n\n\n\n<p>Voditelj obrade osobnih podataka je Matej Mavri, s. p., Frankovo \u200b\u200bnaselje 99, 4220 \u0160kofja Loka. Operater \u0161titi osobne podatke kupaca i korisnika internetske trgovine, te sve ostale podatke prikupljene u procesu posjeta internetskoj stranici i online kupnji, <strong>te \u0161titi od otkrivanja i prijenosa tre\u0107im neovla\u0161tenim osobama<\/strong>. Svi osobni podaci korisnika su povjerljivi.<\/p>\n\n\n\n<p><strong>U ovom dokumentu obja\u0161njavamo:<\/strong><\/p>\n\n\n\n<ul class=\"wp-block-list\">\n<li>koje podatke prikupljamo, kako njima upravljamo i dijelimo li ih s nekim,<\/li>\n\n\n\n<li>koja prava imate u upravljanju, ispravku i brisanju osobnih podataka koje ste nam povjerili,<\/li>\n\n\n\n<li>tome kako osiguravamo sigurnost zbirki osobnih podataka,<\/li>\n\n\n\n<li>osim toga, dokument sadr\u017ei i upute o tome kako mo\u017eete ostvariti svoja prava.<\/li>\n<\/ul>\n\n\n\n<p><strong><strong>Pravna osnova za obradu osobnih podataka<\/strong><\/strong><\/p>\n\n\n\n<p>Va\u0161e osobne podatke obra\u0111ujemo sukladno <strong>Op\u0107oj uredbi o za\u0161titi osobnih podataka (GDPR), Zakonu o za\u0161titi osobnih podataka i drugim propisima<\/strong> koji ure\u0111uju podru\u010dje za\u0161tite osobnih podataka. Neke osobne podatke obra\u0111ujemo samo na temelju Va\u0161eg pristanka, dok je obrada nekih drugih podataka nu\u017ena za <strong>izvr\u0161enje ugovora<\/strong>, ispunjavanje <strong>zakonskih obveza<\/strong> ili iskazanog <strong>legitimnog interesa voditelja<\/strong> obrade. U nastavku mo\u017eete pro\u010ditati po kojoj pravnoj osnovi obra\u0111ujemo Va\u0161e podatke:<\/p>\n\n\n\n<p>\u00a0&#8211; <strong>Izvr\u0161enje ugovora<\/strong><\/p>\n\n\n\n<p>Ukoliko kupujete na na\u0161oj web stranici ili mi za Vas obavljamo neku drugu uslugu (npr. priprema ponude), davanje Va\u0161ih podataka je ugovorna obveza. U tom slu\u010daju \u0107emo podatke obra\u0111ivati \u200b\u200bisklju\u010divo u svrhu ispunjenja prava i obveza iz ugovora (npr. isporuka robe, izvr\u0161enje narud\u017ebe, komunikacija vezana uz kupnju, priprema ponude&#8230;).<\/p>\n\n\n\n<p>&#8211; <strong>Ispunjavanje zakonskih obveza<\/strong><\/p>\n\n\n\n<p>U nekim slu\u010dajevima obrada odre\u0111enih osobnih podataka <strong>zakonski nam name\u0107e obvezu<\/strong> (npr. izdavanje ra\u010duna za kupljenu robu, proslje\u0111ivanje osobnih podataka FURS-u u slu\u010daju ve\u0107ih iznosa nagradnih igara&#8230;).<\/p>\n\n\n\n<p>&#8211; <strong>Legitiman interes<\/strong><\/p>\n\n\n\n<p>Odre\u0111ene osobne podatke mo\u017eemo obra\u0111ivati \u200b\u200bna temelju legitimnog poslovnog interesa. To su npr. podataka u svrhu <strong>razvoja i pobolj\u0161anja na\u0161ih usluga<\/strong> (kada vam po\u0161aljemo e-mail u slu\u010daju da ste napustili ko\u0161aricu na na\u0161oj web stranici bez dovr\u0161etka kupnje), za tehni\u010dko odr\u017eavanje web stranica, za za\u0161titu i <strong>osiguranje sigurnosti na\u0161eg informacijskog sustava <\/strong>i povjerljivih informacija, te za sigurnost zaposlenika i imovine tvrtke. Na\u0161 legitimni interes za obradu Va\u0161ih podataka tako\u0111er je obrada podataka u svrhu <strong>sprje\u010davanja prijevara<\/strong>, rje\u0161avanja potencijalnih sporova i pritu\u017ebi, te za\u0161tite pravnih zahtjeva. Podatke koje obra\u0111ujemo na temelju legitimnog interesa obra\u0111ujemo u okviru Va\u0161ih legitimnih o\u010dekivanja u vezi s obradom osobnih podataka.<\/p>\n\n\n\n<p>&#8211;<strong> Pristanak<\/strong><\/p>\n\n\n\n<p>U slu\u010daju da nemamo drugu odgovaraju\u0107u pravnu osnovu za obradu Va\u0161ih podataka, prije obrade podataka za svaku pojedina\u010dnu svrhu moramo <strong>dobiti Va\u0161e odobrenje<\/strong>. Dakle, na temelju Va\u0161eg odobrenja, Va\u0161e osobne podatke obra\u0111ujemo u svrhu <strong>marketinga<\/strong>, pri \u010demu dato odobrenje mo\u017eete opozvati u svakom trenutku.<\/p>\n\n\n\n<p>Ostali primjeri:<\/p>\n\n\n\n<p>&#8211; \u010cuvanje u skladu s odgovaraju\u0107im pravilima nagradne igre.<\/p>\n\n\n\n<p>&#8211; komunikacija s vama vezano uz prodajne artikle i odgovaranje na upite;<\/p>\n\n\n\n<p>&#8211; sklapanje ugovora i ispunjavanje obveza iz njega;<\/p>\n\n\n\n<p>&#8211; marketin\u0161ke komunikacije (slanje elektroni\u010dke po\u0161te);<\/p>\n\n\n\n<p>&#8211; za ostvarivanje pravnih zahtjeva i rje\u0161avanje sporova; &#8211; za statisti\u010dke analize o prodaji na\u0161e robe (artikala) i kori\u0161tenju na\u0161e web stranice;<\/p>\n\n\n\n<p><strong><strong>Dobrovoljno davanje osobnih podataka i posljedice nedono\u0161enja<\/strong><\/strong><\/p>\n\n\n\n<p>Davanje osobnih podataka je dobrovoljno i niste nam ih du\u017eni dati, ali ako ih ne date, ne mo\u017eete s nama sklopiti ugovor (jer su nam potrebni za obradu i isporuku narud\u017ebe). Svaki put kada od vas dobijemo osobne podatke, nazna\u010dit \u0107emo koji su podaci takvi da njihovo neslanje uzrokuje navedene posljedice.<\/p>\n\n\n\n<p><strong>Prikupljanje, kori\u0161tenje i pohrana osobnih podataka<\/strong><\/p>\n\n\n\n<p>Sukladno na\u010delu proporcionalnosti prikupljamo samo one podatke o Vama koji su nam <strong>potrebni za postizanje svrhe<\/strong> kojoj te\u017eimo obradom.<\/p>\n\n\n\n<p><strong>Vrijeme \u010duvanja osobnih podataka<\/strong><\/p>\n\n\n\n<p>Va\u0161e osobne podatke \u010duvamo <strong>onoliko dugo koliko je potrebno za ispunjenje svrhe<\/strong> za koju se podaci obra\u0111uju. Nakon tog vremena bri\u0161emo, uni\u0161tavamo, blokiramo ili anonimiziramo va\u0161e podatke. U odre\u0111enim slu\u010dajevima rok \u010duvanja podataka je odre\u0111en zakonski, pa se podaci \u010duvaju onoliko dugo koliko je potrebno za ispunjavanje zakonskih obveza. Podatke koje obra\u0111ujemo na temelju Va\u0161e privole \u010duvamo do opoziva privole ili do Va\u0161eg zahtjeva za brisanje podataka.<\/p>\n\n\n\n<p>Podatke o izdanim ra\u010dunima \u010duvamo 10 godina od dana izdavanja. Podatke potrebne za sklapanje i ispunjenje ugovora izme\u0111u Vas i nas \u010duvamo jo\u0161 5 godina od ispunjenja ugovora (isporuka robe).<\/p>\n\n\n\n<p><strong>Prijenos podataka u tre\u0107e zemlje<\/strong><\/p>\n\n\n\n<p>Osim ako se ne prijavite na e-novosti, va\u0161i se podaci obra\u0111uju samo <strong>unutar Europske unije<\/strong> i Europskog gospodarskog prostora i ne proslje\u0111uju se tre\u0107im zemljama.<\/p>\n\n\n\n<p><strong>Tko ima pristup va\u0161im osobnim podacima<\/strong><\/p>\n\n\n\n<p>Va\u0161e osobne podatke ne proslje\u0111ujemo tre\u0107im osobama (izvan poduze\u0107a Matej Mavri, s.p.) osim onima koji s nama imaju pisani ugovor temeljem kojeg obavljaju odre\u0111ene poslove vezane uz obradu podataka te su se du\u017eni pridr\u017eavati zakona o obradi i za\u0161titi osobnih podataka (tj. ugovorni izvr\u0161itelji obrade). Ugovorni izvr\u0161itelji obrade kojima dostavljamo osobne podatke su:<\/p>\n\n\n\n<p>\u2013 dostavna slu\u017eba;<\/p>\n\n\n\n<p>\u2013 pru\u017eatelji marketin\u0161kih usluga;<\/p>\n\n\n\n<p>\u2013 pru\u017eatelji usluga e-po\u0161te;<\/p>\n\n\n\n<p>\u2013 pru\u017eatelji programskih rje\u0161enja<\/p>\n\n\n\n<p>\u2013 ra\u010dunovodstveni servis<\/p>\n\n\n\n<p>Ugovorni obra\u0111iva\u010di smiju obra\u0111ivati \u200b\u200bosobne podatke samo u okviru na\u0161ih uputa i ne smiju obra\u0111ivati \u200b\u200bosobne podatke za vlastite potrebe. Zajedno sa svojim zaposlenicima obvezuju se na za\u0161titu povjerljivosti Va\u0161ih osobnih podataka.<\/p>\n\n\n\n<p><strong>Prava vezana uz obradu osobnih podataka<\/strong><\/p>\n\n\n\n<p>U vezi s obradom osobnih podataka imate <strong>pravo na pristup podacima, pravo na ispravak i dopunu nepotpunih osobnih podataka, brisanje, ograni\u010denje obrade, pravo na prenosivost podataka i pravo na prigovor.<\/strong> Zahtjev za ostvarivanje navedenih prava mo\u017eete poslati na e-mail adresu: matej@konopljazdravi.si<\/p>\n\n\n\n<p>Kada osobne podatke obra\u0111ujemo na temelju va\u0161eg pristanka, tako\u0111er imate pravo u bilo kojem trenutku privremeno ili trajno opozvati svoj pristanak za obradu osobnih podataka, a da to ne utje\u010de na zakonitost obrade podataka koja je provedena na temelju suglasnosti do opoziva.<\/p>\n\n\n\n<ul class=\"wp-block-list\">\n<li><strong>\u2022\tPravo na pristup podacima<\/strong><\/li>\n<\/ul>\n\n\n\n<p>U sklopu prava na pristup, imate pravo od nas dobiti potvrdu obra\u0111ujemo li Va\u0161e osobne podatke, zatra\u017eiti pristup podacima koje obra\u0111ujemo o Vama, te dobiti informacije o svrhama u koje se podaci obra\u0111uju, koje vrste osobnih podataka, tko su potencijalni korisnici, koliko ih neko vrijeme \u010duvamo, u slu\u010daju da smo podatke dobili od druge osobe, uklju\u010duju\u0107i informacije o izvoru podataka, kao i informacije o automatiziranom odlu\u010divanju.<\/p>\n\n\n\n<ul class=\"wp-block-list\">\n<li><strong>Pravo na ispravak<\/strong><\/li>\n<\/ul>\n\n\n\n<p>U slu\u010daju da su podaci koje obra\u0111ujemo o Vama neto\u010dni ili nepotpuni, imate pravo zatra\u017eiti ispravak ili dopunu podataka.<\/p>\n\n\n\n<ul class=\"wp-block-list\">\n<li><strong>Pravo na brisanje<\/strong><\/li>\n<\/ul>\n\n\n\n<p>U odre\u0111enim slu\u010dajevima imate pravo zahtijevati brisanje va\u0161ih podataka. To mo\u017eete zatra\u017eiti u sljede\u0107im slu\u010dajevima:<\/p>\n\n\n\n<ul class=\"wp-block-list\">\n<li>Kada podaci vi\u0161e nisu potrebni za svrhe za koje su prikupljeni.<\/li>\n\n\n\n<li>Kada opozovete privolu za obradu podataka, a ne postoji druga pravna osnova za obradu podataka.<\/li>\n\n\n\n<li>Kada ste iskoristili pravo na prigovor na obradu osobnih podataka koje obra\u0111ujemo na temelju legitimnog interesa.<\/li>\n\n\n\n<li>U slu\u010daju nezakonite obrade osobnih podataka.<\/li>\n\n\n\n<li>Pravo na ograni\u010denje obrade<\/li>\n<\/ul>\n\n\n\n<p>Vezano uz obradu Va\u0161ih osobnih podataka, tako\u0111er imate pravo zatra\u017eiti ograni\u010denje obrade Va\u0161ih osobnih podataka, u okviru kojega privremeno prestajemo obra\u0111ivati \u200b\u200bVa\u0161e osobne podatke ako:<\/p>\n\n\n\n<ul class=\"wp-block-list\">\n<li>Osporavate to\u010dnost podataka.<\/li>\n\n\n\n<li>Umjesto brisanja podataka, tra\u017eite ograni\u010denje kori\u0161tenja podataka.<\/li>\n\n\n\n<li>Podaci nam vi\u0161e nisu potrebni za potrebe obrade, ali su Vam potrebni za podno\u0161enje, provedbu ili obranu pravnih zahtjeva.<\/li>\n\n\n\n<li>Podnijeli ste prigovor na obradu podataka.<\/li>\n\n\n\n<li>Pravo na prenosivost podataka.<\/li>\n<\/ul>\n\n\n\n<p>Kada obra\u0111ujemo va\u0161e osobne podatke na temelju privole ili ugovora automatiziranim sredstvima, imate pravo primiti svoje osobne podatke u strukturiranom, uobi\u010dajeno kori\u0161tenom i strojno \u010ditljivom formatu te ih proslijediti drugom voditelju obrade.<\/p>\n\n\n\n<ul class=\"wp-block-list\">\n<li><strong>Pravo na \u017ealbu<\/strong><\/li>\n<\/ul>\n\n\n\n<p>Ako smatrate da se obradom osobnih podataka kr\u0161e odredbe iz podru\u010dja za\u0161tite osobnih podataka, imate pravo podnijeti pritu\u017ebu i Informacijskom povjereniku na adresu: Dunajska 22, 1000 Ljubljana, e-mail: gp.ip @ip-rs.si, telefon: 012309730 , web stranica: www.ip-rs.si.<\/p>\n\n\n\n<ul class=\"wp-block-list\">\n<li><strong>Automatizirano dono\u0161enje odluka i profiliranjee<\/strong><\/li>\n<\/ul>\n\n\n\n<p>Va\u0161i osobni podaci ne podlije\u017eu automatiziranom odlu\u010divanju, niti su predmet profiliranja.<\/p>\n\n\n\n<ul class=\"wp-block-list\">\n<li><strong>Ostali korisnici osobnih podataka<\/strong><\/li>\n<\/ul>\n\n\n\n<p>U odre\u0111enim slu\u010dajevima i samo kada se doka\u017ee odgovaraju\u0107a pravna osnova, va\u0161i se podaci tako\u0111er mogu otkriti tre\u0107im stranama.<\/p>\n\n\n\n<p>Va\u0161e osobne podatke mo\u017eemo proslijediti tijelima javne vlasti u slu\u010dajevima odre\u0111enim propisima, ako je to potrebno za ispunjavanje na\u0161ih zakonskih obveza ili obavljanje njihovih slu\u017ebenih du\u017enosti, kao \u0161to su policija, sud, porezna uprava i dr.<\/p>\n\n\n\n<p>Kako bi se postigla gore navedena svrha obrade podataka, va\u0161i podaci tako\u0111er mogu biti otkriveni na\u0161im ugovornim izvr\u0161iteljima obrade, koji obra\u0111uju va\u0161e osobne podatke u na\u0161e ime i prema na\u0161im uputama. To su npr. odr\u017eavatelji programa i pru\u017eatelji usluga u oblaku gdje se pohranjuju va\u0161i podaci, dostavlja\u010di, pru\u017eatelji usluga ogla\u0161avanja itd.). Ugovorni obra\u0111iva\u010di ne\u0107e koristiti va\u0161e osobne podatke u svoje svrhe niti ih proslije\u0111ivati \u200b\u200btre\u0107im stranama bez na\u0161eg pristanka.<\/p>\n\n\n\n<ul class=\"wp-block-list\">\n<li><strong>Izvori dobivanja osobnih podataka<\/strong><\/li>\n<\/ul>\n\n\n\n<p>U ve\u0107ini slu\u010dajeva, podatke koje obra\u0111ujemo o vama dajete sami. Odaberete li karti\u010dni na\u010din pla\u0107anja u online trgovini, pru\u017eatelji platnih sustava dostavljaju nam informaciju o tome je li pla\u0107anje uspje\u0161no izvr\u0161eno, a da nam pritom ne otkriju broj va\u0161eg bankovnog ra\u010duna.<\/p>\n\n\n\n<ul class=\"wp-block-list\">\n<li><strong>Tehni\u010dke i organizacijske mjere za za\u0161titu Va\u0161ih osobnih podataka<\/strong><\/li>\n<\/ul>\n\n\n\n<p>Pru\u017eamo vam odgovaraju\u0107e tehni\u010dke i organizacijske postupke i mjere za za\u0161titu osobnih podataka. Kako bismo osigurali odgovaraju\u0107u razinu za\u0161tite Va\u0161ih osobnih podataka, provodimo sljede\u0107e mjere:<\/p>\n\n\n\n<ul class=\"wp-block-list\">\n<li>\u0160titimo softver koji obra\u0111uje osobne podatke,<\/li>\n\n\n\n<li>Sprje\u010davamo neovla\u0161teni pristup osobnim podacima tijekom njihovog prijenosa, uklju\u010duju\u0107i prijenos preko telekomunikacijskih mre\u017ea,<\/li>\n\n\n\n<li>Pru\u017eamo u\u010dinkovit na\u010din blokiranja, uni\u0161tavanja, brisanja ili anonimiziranja osobnih podataka,<\/li>\n\n\n\n<li>Omogu\u0107ujemo naknadno utvr\u0111ivanje kada i preko koga su pojedini podaci uneseni u zbirku osobnih podataka i kori\u0161teni.<\/li>\n<\/ul>\n\n\n\n<p>Sukladno Op\u0107oj uredbi o za\u0161titi osobnih podataka koristimo metode pseudonimizacije i enkripcije zbirki osobnih podataka, osiguravamo povjerljivost, cjelovitost i dostupnost sustava za obradu podataka te omogu\u0107ujemo pristup i dostupnost osobnih podataka u slu\u010daju fizi\u010dke ili tehni\u010dki incident.<\/p>\n\n\n\n<p><strong>Postupak za ostvarivanje prava<\/strong><\/p>\n\n\n\n<p>Ukoliko imate zahtjev u vezi s ostvarivanjem prava u vezi s Va\u0161im osobnim podacima, mo\u017eete ga uputiti pisanim putem ili na e-mail kontakt naveden na vrhu ovog dokumenta.<\/p>\n\n\n\n<p>U svrhu pouzdane identifikacije u slu\u010daju ostvarivanja prava u vezi s osobnim podacima, od Vas mo\u017eemo zatra\u017eiti dodatne informacije, a poduzimanje radnji mo\u017eemo odbiti samo ako doka\u017eemo da Vas ne mo\u017eemo pouzdano identificirati.<\/p>\n\n\n\n<p>Na va\u0161 zahtjev za ostvarivanje prava u vezi s osobnim podacima moramo odgovoriti bez nepotrebnog odga\u0111anja, a najkasnije u roku od mjesec dana od primitka va\u0161eg zahtjeva.<\/p>\n\n\n\n<p><strong>Obavijest nadzornom tijelu o povredi za\u0161tite osobnih podataka<\/strong><\/p>\n\n\n\n<p>U slu\u010daju povrede za\u0161tite osobnih podataka, operater je du\u017ean obavijestiti nadle\u017eno nadzorno tijelo, osim kada je vjerojatno da povredama nisu ugro\u017eena prava i slobode pojedinca. Me\u0111utim, ako povreda predstavlja zna\u010dajan rizik za prava i slobode pojedinaca na koje se podaci odnose, voditelj obrade \u0107e pojedince na koje se osobni podaci odnose odmah obavijestiti o povredi. Sve promjene na\u0161ih pravila o privatnosti bit \u0107e objavljene na ovoj web stranici. Pravila su zadnji put promijenjena\/a\u017eurirana: 1.10.2024<\/p>\n\n\n    <\/div>\n<\/div>\n","protected":false},"excerpt":{"rendered":"","protected":false},"author":1,"featured_media":0,"parent":0,"menu_order":0,"comment_status":"closed","ping_status":"open","template":"","meta":{"inline_featured_image":false,"footnotes":""},"class_list":["post-520266","page","type-page","status-publish","hentry"],"acf":[],"_links":{"self":[{"href":"https:\/\/konopljazdravi.si\/hr\/wp-json\/wp\/v2\/pages\/520266","targetHints":{"allow":["GET"]}}],"collection":[{"href":"https:\/\/konopljazdravi.si\/hr\/wp-json\/wp\/v2\/pages"}],"about":[{"href":"https:\/\/konopljazdravi.si\/hr\/wp-json\/wp\/v2\/types\/page"}],"author":[{"embeddable":true,"href":"https:\/\/konopljazdravi.si\/hr\/wp-json\/wp\/v2\/users\/1"}],"replies":[{"embeddable":true,"href":"https:\/\/konopljazdravi.si\/hr\/wp-json\/wp\/v2\/comments?post=520266"}],"version-history":[{"count":2,"href":"https:\/\/konopljazdravi.si\/hr\/wp-json\/wp\/v2\/pages\/520266\/revisions"}],"predecessor-version":[{"id":520269,"href":"https:\/\/konopljazdravi.si\/hr\/wp-json\/wp\/v2\/pages\/520266\/revisions\/520269"}],"wp:attachment":[{"href":"https:\/\/konopljazdravi.si\/hr\/wp-json\/wp\/v2\/media?parent=520266"}],"curies":[{"name":"wp","href":"https:\/\/api.w.org\/{rel}","templated":true}]}}