{"id":520366,"date":"2024-02-29T16:39:52","date_gmt":"2024-02-29T15:39:52","guid":{"rendered":"https:\/\/konopljazdravi.si\/izdelek\/cbd-kapljice-polni-spekter-5-cbd-ja\/"},"modified":"2026-04-17T10:58:47","modified_gmt":"2026-04-17T08:58:47","slug":"cbd-ulje-5-dr-gosar-bio","status":"publish","type":"product","link":"https:\/\/konopljazdravi.si\/hr\/produkt\/cbd-ulje-5-dr-gosar-bio\/","title":{"rendered":"Bio CBD ulje 7 %, dr. Gosar [20 ml] \u2013 sa farme"},"content":{"rendered":"\n<div  class=\"container__wrapper mb-120\" >\n    <div class=\"container container--normal  \">\n        \n<div class=\"kz-icons\">\n                    <div  class=\"kz-icon\">\n            <div class=\"kz-icon__image\" style=\"background-color: #E5EED6\">\n                <img decoding=\"async\" width=\"150\" height=\"150\" src=\"https:\/\/konopljazdravi.si\/app\/uploads\/2024\/03\/icon-quality.svg\" class=\"attachment-thumbnail size-thumbnail\" alt=\"\" \/>            <\/div>\n            <span>CBD ulje je pogodno za vegane<\/span>\n        <\/div>\n                    <div  class=\"kz-icon\">\n            <div class=\"kz-icon__image\" style=\"background-color: #E5EED6\">\n                <img decoding=\"async\" width=\"150\" height=\"150\" src=\"https:\/\/konopljazdravi.si\/app\/uploads\/2024\/03\/icon-quality.svg\" class=\"attachment-thumbnail size-thumbnail\" alt=\"\" \/>            <\/div>\n            <span>Mladi istra\u017eiva\u010d na Sveu\u010dili\u0161tu<\/span>\n        <\/div>\n                    <div  class=\"kz-icon\">\n            <div class=\"kz-icon__image\" style=\"background-color: #E5EED6\">\n                <img decoding=\"async\" width=\"150\" height=\"150\" src=\"https:\/\/konopljazdravi.si\/app\/uploads\/2024\/03\/icon-quality.svg\" class=\"attachment-thumbnail size-thumbnail\" alt=\"\" \/>            <\/div>\n            <span>Doktorska disertacija iz biljnih znanosti<\/span>\n        <\/div>\n                    <div  class=\"kz-icon\">\n            <div class=\"kz-icon__image\" style=\"background-color: #E5EED6\">\n                <img decoding=\"async\" width=\"150\" height=\"150\" src=\"https:\/\/konopljazdravi.si\/app\/uploads\/2024\/03\/icon-quality.svg\" class=\"attachment-thumbnail size-thumbnail\" alt=\"\" \/>            <\/div>\n            <span>Vlastito polje na eko farmi<\/span>\n        <\/div>\n    <\/div>\n\n\n    <\/div>\n<\/div>\n\n\n\n<div  class=\"container__wrapper\" >\n    <div class=\"container container--normal pb-64  \">\n        \n\n<div class=\"kz-text-image \">\n    <div class=\"kz-text-image__text\">\n        <h2><strong>Moramo razumjeti o CBD-u\u2026<\/strong><\/h2>\n<p><strong>Mo\u017eemo biti psihi\u010dki ovisni o konoplji. Ali samo ako sadr\u017ei ve\u0107e koli\u010dine THC-a (npr. 20% \u0161to je sto puta vi\u0161e). CBD ulje je sigurno u smislu ovisnosti.<\/strong><\/p>\n<p>Stru\u010dno \u2013 kanabidiol \u2013 nije psihoaktivan (nije definirano), \u010dak i ako ste ga popili cijelu bocu. Za to je kriv\u00a0<strong>0,2% THC<\/strong>\u00a0u ogromnim dozama.<\/p>\n<p>CBD utje\u010de na razne probleme preko endokanabinoidnog sustava (imaju ga svi kralje\u017enjaci).\u00a0<strong>Kako pove\u0107ati u\u010dinak?<\/strong>\u00a0Zajedno s drugim kanabinoidima (THC, CBG\u2026) i terpenima (eteri\u010dna ulja u cvijetu konoplje). Ukratko \u2013 pun spektar proizvoda, \u0161to ove CBD kapi i jesu.<\/p>\n<p>Sve te tvari utje\u010du na kona\u010dni rezultat, uklju\u010duju\u0107i i nuspojave. dr. Gosar koristi sjeme koje omogu\u0107uje njegovim proizvodima od konoplje da se pribli\u017ee 0,2% THC-a bez umjetne obrade. Stoga su kapi prirodne i\u00a0<strong>u\u010dinkovitije<\/strong>.<\/p>\n    <\/div>\n            <div class=\"kz-text-image__image\">\n            <img decoding=\"async\" width=\"600\" height=\"600\" src=\"https:\/\/konopljazdravi.si\/app\/uploads\/2024\/02\/polje-industrijske-konoplje-slikano-iz-zraka.jpg\" class=\"attachment-large size-large\" alt=\"\" srcset=\"https:\/\/konopljazdravi.si\/app\/uploads\/2024\/02\/polje-industrijske-konoplje-slikano-iz-zraka.jpg 600w, https:\/\/konopljazdravi.si\/app\/uploads\/2024\/02\/polje-industrijske-konoplje-slikano-iz-zraka-300x300.jpg 300w, https:\/\/konopljazdravi.si\/app\/uploads\/2024\/02\/polje-industrijske-konoplje-slikano-iz-zraka-150x150.jpg 150w, https:\/\/konopljazdravi.si\/app\/uploads\/2024\/02\/polje-industrijske-konoplje-slikano-iz-zraka-324x324.jpg 324w, https:\/\/konopljazdravi.si\/app\/uploads\/2024\/02\/polje-industrijske-konoplje-slikano-iz-zraka-416x416.jpg 416w, https:\/\/konopljazdravi.si\/app\/uploads\/2024\/02\/polje-industrijske-konoplje-slikano-iz-zraka-100x100.jpg 100w\" sizes=\"(max-width: 600px) 100vw, 600px\" \/>        <\/div>\n    <\/div>\n\n\n    <\/div>\n<\/div>\n\n\n\n<div  class=\"container__wrapper\" style='background-color:#f1f4eb;'>\n    <div class=\"container container--normal pt-64 pb-64  \">\n        \n\n<div class=\"kz-text-image kz-text-image--switch\">\n    <div class=\"kz-text-image__text\">\n        <h2><strong>Kada ima smisla koristiti CBD ulje?<\/strong><\/h2>\n<p><strong>CBD ulje i njihovi u\u010dinci ponekad se mogu izvu\u0107i iz konteksta. Na primjer CBD konopljino ulje ne poma\u017ee kod odre\u0111enih vrsta kroni\u010dne boli.<\/strong><\/p>\n<ul>\n<li>Dobrobit (stres, izgaranje, anksioznost, spavanje, uvjetna depresija).\u00a0<a href=\"https:\/\/konopljazdravi.si\/hr\/proizvod\/cbg-ulje-5-dr-gosar\/\">CBG je jo\u0161 bolji.<\/a><\/li>\n<li>Problemi s ko\u017eom (dermatitis, psorijaza, akne).\u00a0<a href=\"https:\/\/konopljazdravi.si\/hr\/proizvodi\/cbd-kozmetika-od-konoplje\/\">Kozmetika je prakti\u010dnija<\/a>.<\/li>\n<li>Neurolo\u0161ki (Alzheimerova bolest \u2013 apatija, agitacija [<a href=\"https:\/\/www.ncbi.nlm.nih.gov\/pmc\/articles\/PMC10604144\/\" target=\"_blank\" rel=\"noopener\">izvor<\/a>] | nepopustljiva epilepsija)<\/li>\n<li>Protuupalni u\u010dinci (reumatoidni artritis [<a href=\"https:\/\/www.nature.com\/articles\/s41419-020-02892-1\" target=\"_blank\" rel=\"noopener\">izvor<\/a>], upalna bolest crijeva)<\/li>\n<li>CBD i kroni\u010dna bol \u2013 uzrok mora biti upala a ne npr. o\u0161te\u0107eni \u017eivci<\/li>\n<li>CBD kapi kao pomo\u0107 va\u017enijem THC-u: mu\u010dnina, opu\u0161tanje mi\u0161i\u0107a, neuropatska bol<\/li>\n<li><a href=\"https:\/\/konopljazdravi.si\/hr\/moguca-ljekovitost\/\">Saznajte vi\u0161e o 40 pojedina\u010dnih problema<\/a>.<\/li>\n<\/ul>\n    <\/div>\n            <div class=\"kz-text-image__image\">\n            <img decoding=\"async\" width=\"600\" height=\"470\" src=\"https:\/\/konopljazdravi.si\/app\/uploads\/2024\/02\/konopljin-cvet-oz-vrsicek-slikan-od-blizu-v-ozadju-pa-rdec-traktor.jpg\" class=\"attachment-large size-large\" alt=\"konopljin svet oz. vr\u0161i\u010dek slikan od blizu v ozadju pa rde\u010d traktor\" srcset=\"https:\/\/konopljazdravi.si\/app\/uploads\/2024\/02\/konopljin-cvet-oz-vrsicek-slikan-od-blizu-v-ozadju-pa-rdec-traktor.jpg 600w, https:\/\/konopljazdravi.si\/app\/uploads\/2024\/02\/konopljin-cvet-oz-vrsicek-slikan-od-blizu-v-ozadju-pa-rdec-traktor-300x235.jpg 300w, https:\/\/konopljazdravi.si\/app\/uploads\/2024\/02\/konopljin-cvet-oz-vrsicek-slikan-od-blizu-v-ozadju-pa-rdec-traktor-416x326.jpg 416w\" sizes=\"(max-width: 600px) 100vw, 600px\" \/>        <\/div>\n    <\/div>\n\n\n    <\/div>\n<\/div>\n\n\n\n<div  class=\"container__wrapper mb-80\" >\n    <div class=\"container container--normal pt-64 pb-64  \">\n        \n\n<div class=\"kz-text-image \">\n    <div class=\"kz-text-image__text\">\n        <h2><strong>Je li CBD ulje dr. Gosara vrijedan povjerenja?<\/strong><\/h2>\n<p><strong>Prije dobivanja eko certifikata, farma se promatra 2 godine. Nakon toga morate nastaviti dokazivati \u200b\u200bekolo\u0161ku proizvodnju.<\/strong><\/p>\n<p>Organski certifikat zna\u010di i\u00a0<strong>odsutnost pesticida i kemijskih gnojiva<\/strong>. Tako\u0111er osigurava da se te\u0161ki metali ne unesu u CBD ulje. Na\u017ealost, konoplja to mo\u017ee jako dobro apsorbirati.<\/p>\n<p>Velika prednost u odnosu na konkurente je i saznanje da Dr. Gosar stekao kao\u00a0<strong>mladi istra\u017eiva\u010d<\/strong>\u00a0na Biotehni\u010dkom fakultetu Sveu\u010dili\u0161ta u Ljubljani i dok je pisao doktorsku disertaciju.<\/p>\n<p>Prvo je CBD ulje punio u bo\u010dicu od 10 ml (500 mg CBD), kasnije u bo\u010dicu od 15 ml, a sada su u bo\u010dici od 20 ml (1000 mg CBD). Proces je toliko \u201cispoliran\u201d da cijena CBD-a pada, a kvaliteta ostaje ista.<\/p>\n    <\/div>\n            <div class=\"kz-text-image__image\">\n            <img decoding=\"async\" width=\"600\" height=\"470\" src=\"https:\/\/konopljazdravi.si\/app\/uploads\/2024\/02\/pridne-roke-locujejo-konopljine-liste-in-cvetove-od-stebla.jpg\" class=\"attachment-large size-large\" alt=\"priden roke lo\u010dujejo industrijsko konopljo (liste in cvetove) od stebla\" srcset=\"https:\/\/konopljazdravi.si\/app\/uploads\/2024\/02\/pridne-roke-locujejo-konopljine-liste-in-cvetove-od-stebla.jpg 600w, https:\/\/konopljazdravi.si\/app\/uploads\/2024\/02\/pridne-roke-locujejo-konopljine-liste-in-cvetove-od-stebla-300x235.jpg 300w, https:\/\/konopljazdravi.si\/app\/uploads\/2024\/02\/pridne-roke-locujejo-konopljine-liste-in-cvetove-od-stebla-416x326.jpg 416w\" sizes=\"(max-width: 600px) 100vw, 600px\" \/>        <\/div>\n    <\/div>\n\n\n    <\/div>\n<\/div>\n\n\n\n<div  class=\"container__wrapper mb-120\" >\n    <div class=\"container container--small  \">\n        \n\n<div class=\"kz-commments\">\n    <\/div>\n\n\n    <\/div>\n<\/div>\n\n\n\n<div  class=\"container__wrapper\" >\n    <div class=\"container container--normal  \">\n        \n\n<div class=\"kz-products-block\">\n    <div class=\"kz-products-block__header\">\n        \n\n<h2 class=\"wp-block-heading\">Najbolje prodajani<\/h2>\n\n\n            <\/div>\n    <div class=\"kz-products-block__wrapper\">\n        <div class=\"kz-products-block__wrapper-inner\">\n            <ul class=\"products products--4\">\n                <li class=\"product type-product post-520514 status-publish first instock product_cat-cbd-ulje has-post-thumbnail shipping-taxable purchasable product-type-simple\">\n\t<a href=\"https:\/\/konopljazdravi.si\/hr\/produkt\/cbg-ulje-5-dr-gosar\/\" class=\"woocommerce-LoopProduct-link woocommerce-loop-product__link\"><img decoding=\"async\" width=\"324\" height=\"324\" src=\"https:\/\/konopljazdravi.si\/app\/uploads\/2024\/08\/CBG-kapljice-dr-borut-gosarja-v-rjavi-steklenicki-velikosti-20-ml-324x324.jpg\" class=\"attachment-woocommerce_thumbnail size-woocommerce_thumbnail\" alt=\"CBG kapljice dr borut gosarja v rjavi steklenicki velikosti 20 ml in s pisano nalepko ki predstavlja barve polnega spektra\" srcset=\"https:\/\/konopljazdravi.si\/app\/uploads\/2024\/08\/CBG-kapljice-dr-borut-gosarja-v-rjavi-steklenicki-velikosti-20-ml-324x324.jpg 324w, https:\/\/konopljazdravi.si\/app\/uploads\/2024\/08\/CBG-kapljice-dr-borut-gosarja-v-rjavi-steklenicki-velikosti-20-ml-300x300.jpg 300w, https:\/\/konopljazdravi.si\/app\/uploads\/2024\/08\/CBG-kapljice-dr-borut-gosarja-v-rjavi-steklenicki-velikosti-20-ml-150x150.jpg 150w, https:\/\/konopljazdravi.si\/app\/uploads\/2024\/08\/CBG-kapljice-dr-borut-gosarja-v-rjavi-steklenicki-velikosti-20-ml-416x416.jpg 416w, https:\/\/konopljazdravi.si\/app\/uploads\/2024\/08\/CBG-kapljice-dr-borut-gosarja-v-rjavi-steklenicki-velikosti-20-ml-100x100.jpg 100w, https:\/\/konopljazdravi.si\/app\/uploads\/2024\/08\/CBG-kapljice-dr-borut-gosarja-v-rjavi-steklenicki-velikosti-20-ml.jpg 600w\" sizes=\"(max-width: 324px) 100vw, 324px\" \/>                        <div class=\"product__content\">\n        <h2 class=\"woocommerce-loop-product__title\">CBG ulje: 5% CBG + 3% CBD Dr. Gosar [20 ml]<\/h2>        <span class=\"product__attribute\">20 ml, 1000mg CBG<\/span>\n        <div class=\"star-rating\" role=\"img\" aria-label=\"Ocjenjeno 5.00 od 5\">        <div class=\"kz-icon-rating\">\n            <span class='icon icon--small '><svg width=\"12\" height=\"12\" viewBox=\"0 0 12 12\" fill=\"none\" xmlns=\"http:\/\/www.w3.org\/2000\/svg\">\n<g id=\"star\">\n<path id=\"Path\" d=\"M8.78038 10.5C8.70042 10.5003 8.62155 10.4814 8.55038 10.445L6.00038 9.10998L3.45038 10.445C3.28145 10.5338 3.07668 10.5187 2.9226 10.4061C2.76851 10.2934 2.692 10.1029 2.72538 9.91498L3.22538 7.09998L1.16538 5.09998C1.03441 4.96928 0.986325 4.77694 1.04038 4.59998C1.0995 4.41869 1.25659 4.28681 1.44538 4.25998L4.29538 3.84498L5.55038 1.27998C5.63393 1.10748 5.80872 0.997925 6.00038 0.997925C6.19204 0.997925 6.36684 1.10748 6.45038 1.27998L7.72038 3.83998L10.5704 4.25498C10.7592 4.28181 10.9163 4.41369 10.9754 4.59498C11.0294 4.77194 10.9814 4.96428 10.8504 5.09498L8.79038 7.09498L9.29038 9.90998C9.32683 10.1014 9.24877 10.2965 9.09038 10.41C8.99984 10.4734 8.89082 10.5051 8.78038 10.5Z\" fill=\"#F7C623\"\/>\n<\/g>\n<\/svg>\n<\/span>            <span class=\"kz-icon-rating__rating\">\n                    5.0\/5.0                <\/span>\n            <span class=\"kz-icon-rating__dot\">\n                \u00b7\n            <\/span>\n                            <span class=\"kz-icon-rating__count-text\">\n                        15 ocjen                    <\/span>\n                    <\/div>\n        <\/div>                <div class=\"product__points\">\n            <ul><li>Puni spektar<\/li><li>Doma\u0107e<\/li><li>Analizirano<\/li><ul>        <\/div>\n            \n\t<span class=\"price\"><span class=\"woocommerce-Price-amount amount\"><bdi class=\"woocommerce-Price-bidi\">34,90<span class=\"woocommerce-Price-currencySymbol\">&euro;<\/span><\/bdi><\/span><\/span>\n<span class=\"gtm4wp_productdata\" style=\"display:none; visibility:hidden;\" data-gtm4wp_product_data=\"{&quot;internal_id&quot;:520514,&quot;item_id&quot;:520514,&quot;item_name&quot;:&quot;CBG ulje: 5% CBG + 3% CBD Dr. Gosar [20 ml]&quot;,&quot;sku&quot;:&quot;konop-gosar-cbg&quot;,&quot;price&quot;:34.89999999999999857891452847979962825775146484375,&quot;stocklevel&quot;:null,&quot;stockstatus&quot;:&quot;instock&quot;,&quot;google_business_vertical&quot;:&quot;retail&quot;,&quot;item_category&quot;:&quot;CBD ulje&quot;,&quot;id&quot;:520514,&quot;productlink&quot;:&quot;https:\\\/\\\/konopljazdravi.si\\\/hr\\\/produkt\\\/cbg-ulje-5-dr-gosar\\\/&quot;,&quot;item_list_name&quot;:&quot;General Product List&quot;,&quot;index&quot;:1,&quot;product_type&quot;:&quot;simple&quot;,&quot;item_brand&quot;:&quot;&quot;}\"><\/span>        <\/div>\n        <\/a><\/li>\n<li class=\"product type-product post-521766 status-publish instock product_cat-cbd-ulje has-post-thumbnail shipping-taxable purchasable product-type-simple\">\n\t<a href=\"https:\/\/konopljazdravi.si\/hr\/produkt\/cbd-ulje-10-alplant\/\" class=\"woocommerce-LoopProduct-link woocommerce-loop-product__link\"><img decoding=\"async\" width=\"324\" height=\"324\" src=\"https:\/\/konopljazdravi.si\/app\/uploads\/2024\/08\/cbd-kapljice-10-alplant-steklenicka-velikosti-10-ml-324x324.jpg\" class=\"attachment-woocommerce_thumbnail size-woocommerce_thumbnail\" alt=\"cbd kapljice 10 alplant velikosti 10 ml poleg pa embala\u017ea\" srcset=\"https:\/\/konopljazdravi.si\/app\/uploads\/2024\/08\/cbd-kapljice-10-alplant-steklenicka-velikosti-10-ml-324x324.jpg 324w, https:\/\/konopljazdravi.si\/app\/uploads\/2024\/08\/cbd-kapljice-10-alplant-steklenicka-velikosti-10-ml-300x300.jpg 300w, https:\/\/konopljazdravi.si\/app\/uploads\/2024\/08\/cbd-kapljice-10-alplant-steklenicka-velikosti-10-ml-150x150.jpg 150w, https:\/\/konopljazdravi.si\/app\/uploads\/2024\/08\/cbd-kapljice-10-alplant-steklenicka-velikosti-10-ml-768x768.jpg 768w, https:\/\/konopljazdravi.si\/app\/uploads\/2024\/08\/cbd-kapljice-10-alplant-steklenicka-velikosti-10-ml-416x416.jpg 416w, https:\/\/konopljazdravi.si\/app\/uploads\/2024\/08\/cbd-kapljice-10-alplant-steklenicka-velikosti-10-ml-100x100.jpg 100w, https:\/\/konopljazdravi.si\/app\/uploads\/2024\/08\/cbd-kapljice-10-alplant-steklenicka-velikosti-10-ml.jpg 800w\" sizes=\"(max-width: 324px) 100vw, 324px\" \/>                        <div class=\"product__content\">\n        <h2 class=\"woocommerce-loop-product__title\">Eko CBD ulje 10 % Alplant (1000 mg CBD) \u2013 10 ml<\/h2>        <span class=\"product__attribute\">10ml, 1000mg CBD<\/span>\n                        <div class=\"product__points\">\n            <ul><li>Puni spektar<\/li><li>Eko iz \u0160vicarske<\/li><li>MCT ulje<\/li><ul>        <\/div>\n            \n\t<span class=\"price\"><span class=\"woocommerce-Price-amount amount\"><bdi class=\"woocommerce-Price-bidi\">25,00<span class=\"woocommerce-Price-currencySymbol\">&euro;<\/span><\/bdi><\/span><\/span>\n<span class=\"gtm4wp_productdata\" style=\"display:none; visibility:hidden;\" data-gtm4wp_product_data=\"{&quot;internal_id&quot;:521766,&quot;item_id&quot;:521766,&quot;item_name&quot;:&quot;Eko CBD ulje 10 % Alplant (1000 mg CBD) \\u2013 10 ml&quot;,&quot;sku&quot;:&quot;konop-alplant-10&quot;,&quot;price&quot;:25,&quot;stocklevel&quot;:11,&quot;stockstatus&quot;:&quot;instock&quot;,&quot;google_business_vertical&quot;:&quot;retail&quot;,&quot;item_category&quot;:&quot;CBD ulje&quot;,&quot;id&quot;:521766,&quot;productlink&quot;:&quot;https:\\\/\\\/konopljazdravi.si\\\/hr\\\/produkt\\\/cbd-ulje-10-alplant\\\/&quot;,&quot;item_list_name&quot;:&quot;General Product List&quot;,&quot;index&quot;:2,&quot;product_type&quot;:&quot;simple&quot;,&quot;item_brand&quot;:&quot;&quot;}\"><\/span>        <\/div>\n        <\/a><\/li>\n<li class=\"product type-product post-521763 status-publish last instock product_cat-cbd-ulje has-post-thumbnail shipping-taxable purchasable product-type-simple\">\n\t<a href=\"https:\/\/konopljazdravi.si\/hr\/produkt\/cbd-smola-20-dr-gosar\/\" class=\"woocommerce-LoopProduct-link woocommerce-loop-product__link\"><img decoding=\"async\" width=\"324\" height=\"324\" src=\"https:\/\/konopljazdravi.si\/app\/uploads\/2024\/08\/cbd-smola-20-dr-gosar-324x324.jpg\" class=\"attachment-woocommerce_thumbnail size-woocommerce_thumbnail\" alt=\"dozirka rjave barve in v njej cbd smola 20 doktor gosarja\" srcset=\"https:\/\/konopljazdravi.si\/app\/uploads\/2024\/08\/cbd-smola-20-dr-gosar-324x324.jpg 324w, https:\/\/konopljazdravi.si\/app\/uploads\/2024\/08\/cbd-smola-20-dr-gosar-300x300.jpg 300w, https:\/\/konopljazdravi.si\/app\/uploads\/2024\/08\/cbd-smola-20-dr-gosar-150x150.jpg 150w, https:\/\/konopljazdravi.si\/app\/uploads\/2024\/08\/cbd-smola-20-dr-gosar-416x416.jpg 416w, https:\/\/konopljazdravi.si\/app\/uploads\/2024\/08\/cbd-smola-20-dr-gosar-100x100.jpg 100w, https:\/\/konopljazdravi.si\/app\/uploads\/2024\/08\/cbd-smola-20-dr-gosar.jpg 500w\" sizes=\"(max-width: 324px) 100vw, 324px\" \/>                        <div class=\"product__content\">\n        <h2 class=\"woocommerce-loop-product__title\">CBD smola 20 % dr. Gosar &#8211; sa farme u Sloveniji<\/h2>        <span class=\"product__attribute\">5ml, 1000mg CBD<\/span>\n        <div class=\"star-rating\" role=\"img\" aria-label=\"Ocjenjeno 5.00 od 5\">        <div class=\"kz-icon-rating\">\n            <span class='icon icon--small '><svg width=\"12\" height=\"12\" viewBox=\"0 0 12 12\" fill=\"none\" xmlns=\"http:\/\/www.w3.org\/2000\/svg\">\n<g id=\"star\">\n<path id=\"Path\" d=\"M8.78038 10.5C8.70042 10.5003 8.62155 10.4814 8.55038 10.445L6.00038 9.10998L3.45038 10.445C3.28145 10.5338 3.07668 10.5187 2.9226 10.4061C2.76851 10.2934 2.692 10.1029 2.72538 9.91498L3.22538 7.09998L1.16538 5.09998C1.03441 4.96928 0.986325 4.77694 1.04038 4.59998C1.0995 4.41869 1.25659 4.28681 1.44538 4.25998L4.29538 3.84498L5.55038 1.27998C5.63393 1.10748 5.80872 0.997925 6.00038 0.997925C6.19204 0.997925 6.36684 1.10748 6.45038 1.27998L7.72038 3.83998L10.5704 4.25498C10.7592 4.28181 10.9163 4.41369 10.9754 4.59498C11.0294 4.77194 10.9814 4.96428 10.8504 5.09498L8.79038 7.09498L9.29038 9.90998C9.32683 10.1014 9.24877 10.2965 9.09038 10.41C8.99984 10.4734 8.89082 10.5051 8.78038 10.5Z\" fill=\"#F7C623\"\/>\n<\/g>\n<\/svg>\n<\/span>            <span class=\"kz-icon-rating__rating\">\n                    5.0\/5.0                <\/span>\n            <span class=\"kz-icon-rating__dot\">\n                \u00b7\n            <\/span>\n                            <span class=\"kz-icon-rating__count-text\">\n                        1 ocjena                    <\/span>\n                    <\/div>\n        <\/div>                <div class=\"product__points\">\n            <ul><li>Djelomi\u010dno puni spektar<\/li><li>Konzumiramo malo THC-a<\/li><li>Sna\u017ean okus<\/li><ul>        <\/div>\n            \n\t<span class=\"price\"><span class=\"woocommerce-Price-amount amount\"><bdi class=\"woocommerce-Price-bidi\">55,90<span class=\"woocommerce-Price-currencySymbol\">&euro;<\/span><\/bdi><\/span><\/span>\n<span class=\"gtm4wp_productdata\" style=\"display:none; visibility:hidden;\" data-gtm4wp_product_data=\"{&quot;internal_id&quot;:521763,&quot;item_id&quot;:521763,&quot;item_name&quot;:&quot;CBD smola 20 % dr. Gosar - sa farme u Sloveniji&quot;,&quot;sku&quot;:&quot;konop-smola-gosar20&quot;,&quot;price&quot;:55.89999999999999857891452847979962825775146484375,&quot;stocklevel&quot;:1,&quot;stockstatus&quot;:&quot;instock&quot;,&quot;google_business_vertical&quot;:&quot;retail&quot;,&quot;item_category&quot;:&quot;CBD ulje&quot;,&quot;id&quot;:521763,&quot;productlink&quot;:&quot;https:\\\/\\\/konopljazdravi.si\\\/hr\\\/produkt\\\/cbd-smola-20-dr-gosar\\\/&quot;,&quot;item_list_name&quot;:&quot;General Product List&quot;,&quot;index&quot;:3,&quot;product_type&quot;:&quot;simple&quot;,&quot;item_brand&quot;:&quot;&quot;}\"><\/span>        <\/div>\n        <\/a><\/li>\n<li class=\"product type-product post-521607 status-publish first outofstock product_cat-cbd-ulje has-post-thumbnail shipping-taxable purchasable product-type-simple\">\n\t<a href=\"https:\/\/konopljazdravi.si\/hr\/produkt\/cbd-sprej-bez-thc-harmony-citrus\/\" class=\"woocommerce-LoopProduct-link woocommerce-loop-product__link\"><img decoding=\"async\" width=\"324\" height=\"324\" src=\"https:\/\/konopljazdravi.si\/app\/uploads\/2024\/08\/cbd-prsilo-harmony-500-mg-324x324.jpg\" class=\"attachment-woocommerce_thumbnail size-woocommerce_thumbnail\" alt=\"cbd pr\u0161ilo harmony 500 citrus\" srcset=\"https:\/\/konopljazdravi.si\/app\/uploads\/2024\/08\/cbd-prsilo-harmony-500-mg-324x324.jpg 324w, https:\/\/konopljazdravi.si\/app\/uploads\/2024\/08\/cbd-prsilo-harmony-500-mg-300x300.jpg 300w, https:\/\/konopljazdravi.si\/app\/uploads\/2024\/08\/cbd-prsilo-harmony-500-mg-150x150.jpg 150w, https:\/\/konopljazdravi.si\/app\/uploads\/2024\/08\/cbd-prsilo-harmony-500-mg-768x768.jpg 768w, https:\/\/konopljazdravi.si\/app\/uploads\/2024\/08\/cbd-prsilo-harmony-500-mg-416x416.jpg 416w, https:\/\/konopljazdravi.si\/app\/uploads\/2024\/08\/cbd-prsilo-harmony-500-mg-100x100.jpg 100w, https:\/\/konopljazdravi.si\/app\/uploads\/2024\/08\/cbd-prsilo-harmony-500-mg.jpg 1000w\" sizes=\"(max-width: 324px) 100vw, 324px\" \/>                        <div class=\"product__content\">\n        <h2 class=\"woocommerce-loop-product__title\">CBD sprej bez THC-a Harmony citrus, 500mg<\/h2>        <span class=\"product__attribute\">15ml, 150 prskanja<\/span>\n                        <div class=\"product__points\">\n            <ul><li>Brez THC<\/li><li>Za dnevne uporabo<\/li><li>Okus limone<\/li><ul>        <\/div>\n            \n\t<span class=\"price\"><span class=\"woocommerce-Price-amount amount\"><bdi class=\"woocommerce-Price-bidi\">23,90<span class=\"woocommerce-Price-currencySymbol\">&euro;<\/span><\/bdi><\/span><\/span>\n<span class=\"gtm4wp_productdata\" style=\"display:none; visibility:hidden;\" data-gtm4wp_product_data=\"{&quot;internal_id&quot;:521607,&quot;item_id&quot;:521607,&quot;item_name&quot;:&quot;CBD sprej bez THC-a Harmony citrus, 500mg&quot;,&quot;sku&quot;:&quot;konop-prsilo-harmony&quot;,&quot;price&quot;:23.89999999999999857891452847979962825775146484375,&quot;stocklevel&quot;:0,&quot;stockstatus&quot;:&quot;outofstock&quot;,&quot;google_business_vertical&quot;:&quot;retail&quot;,&quot;item_category&quot;:&quot;CBD ulje&quot;,&quot;id&quot;:521607,&quot;productlink&quot;:&quot;https:\\\/\\\/konopljazdravi.si\\\/hr\\\/produkt\\\/cbd-sprej-bez-thc-harmony-citrus\\\/&quot;,&quot;item_list_name&quot;:&quot;General Product List&quot;,&quot;index&quot;:4,&quot;product_type&quot;:&quot;simple&quot;,&quot;item_brand&quot;:&quot;&quot;}\"><\/span>        <\/div>\n        <\/a><\/li>\n            <\/ul>\n        <\/div>\n    <\/div>\n<\/div>\n\n\n    <\/div>\n<\/div>\n","protected":false},"excerpt":{"rendered":"<p>To je kratek opis izdelka.<\/p>\n","protected":false},"featured_media":526400,"comment_status":"open","ping_status":"closed","template":"","meta":{"inline_featured_image":false},"product_brand":[],"product_cat":[87],"product_tag":[],"class_list":{"0":"post-520366","1":"product","2":"type-product","3":"status-publish","4":"has-post-thumbnail","6":"product_cat-cbd-ulje","8":"","9":"instock","10":"shipping-taxable","11":"purchasable","12":"product-type-simple"},"acf":[],"_links":{"self":[{"href":"https:\/\/konopljazdravi.si\/hr\/wp-json\/wp\/v2\/product\/520366","targetHints":{"allow":["GET"]}}],"collection":[{"href":"https:\/\/konopljazdravi.si\/hr\/wp-json\/wp\/v2\/product"}],"about":[{"href":"https:\/\/konopljazdravi.si\/hr\/wp-json\/wp\/v2\/types\/product"}],"replies":[{"embeddable":true,"href":"https:\/\/konopljazdravi.si\/hr\/wp-json\/wp\/v2\/comments?post=520366"}],"wp:featuredmedia":[{"embeddable":true,"href":"https:\/\/konopljazdravi.si\/hr\/wp-json\/wp\/v2\/media\/526400"}],"wp:attachment":[{"href":"https:\/\/konopljazdravi.si\/hr\/wp-json\/wp\/v2\/media?parent=520366"}],"wp:term":[{"taxonomy":"product_brand","embeddable":true,"href":"https:\/\/konopljazdravi.si\/hr\/wp-json\/wp\/v2\/product_brand?post=520366"},{"taxonomy":"product_cat","embeddable":true,"href":"https:\/\/konopljazdravi.si\/hr\/wp-json\/wp\/v2\/product_cat?post=520366"},{"taxonomy":"product_tag","embeddable":true,"href":"https:\/\/konopljazdravi.si\/hr\/wp-json\/wp\/v2\/product_tag?post=520366"}],"curies":[{"name":"wp","href":"https:\/\/api.w.org\/{rel}","templated":true}]}}