{"id":520514,"date":"2024-08-16T19:13:15","date_gmt":"2024-08-16T17:13:15","guid":{"rendered":"https:\/\/konopljazdravi.si\/?post_type=product&#038;p=520514"},"modified":"2026-04-24T11:13:01","modified_gmt":"2026-04-24T09:13:01","slug":"cbg-ulje-5-dr-gosar","status":"publish","type":"product","link":"https:\/\/konopljazdravi.si\/hr\/produkt\/cbg-ulje-5-dr-gosar\/","title":{"rendered":"CBG ulje: 5% CBG + 3% CBD Dr. Gosar [20 ml]"},"content":{"rendered":"\n<div  class=\"container__wrapper mb-120\" >\n    <div class=\"container container--normal  \">\n        \n<div class=\"kz-icons\">\n                    <div  class=\"kz-icon\">\n            <div class=\"kz-icon__image\" style=\"background-color: #E5EED6\">\n                <img decoding=\"async\" width=\"150\" height=\"150\" src=\"https:\/\/konopljazdravi.si\/app\/uploads\/2024\/03\/icon-quality.svg\" class=\"attachment-thumbnail size-thumbnail\" alt=\"\" \/>            <\/div>\n            <span>CBD ulje je pogodno za vegane<\/span>\n        <\/div>\n                    <div  class=\"kz-icon\">\n            <div class=\"kz-icon__image\" style=\"background-color: #E5EED6\">\n                <img decoding=\"async\" width=\"150\" height=\"150\" src=\"https:\/\/konopljazdravi.si\/app\/uploads\/2024\/03\/icon-quality.svg\" class=\"attachment-thumbnail size-thumbnail\" alt=\"\" \/>            <\/div>\n            <span>Mladi istra\u017eiva\u010d na Sveu\u010dili\u0161tu<\/span>\n        <\/div>\n                    <div  class=\"kz-icon\">\n            <div class=\"kz-icon__image\" style=\"background-color: #E5EED6\">\n                <img decoding=\"async\" width=\"150\" height=\"150\" src=\"https:\/\/konopljazdravi.si\/app\/uploads\/2024\/03\/icon-quality.svg\" class=\"attachment-thumbnail size-thumbnail\" alt=\"\" \/>            <\/div>\n            <span>Doktorska disertacija iz biljnih znanosti<\/span>\n        <\/div>\n                    <div  class=\"kz-icon\">\n            <div class=\"kz-icon__image\" style=\"background-color: #E5EED6\">\n                <img decoding=\"async\" width=\"150\" height=\"150\" src=\"https:\/\/konopljazdravi.si\/app\/uploads\/2024\/03\/icon-quality.svg\" class=\"attachment-thumbnail size-thumbnail\" alt=\"\" \/>            <\/div>\n            <span>Vlastito polje na eko farmi<\/span>\n        <\/div>\n    <\/div>\n\n\n    <\/div>\n<\/div>\n\n\n\n<div  class=\"container__wrapper\" >\n    <div class=\"container container--normal pb-64  \">\n        \n\n<div class=\"kz-text-image \">\n    <div class=\"kz-text-image__text\">\n        <h2><strong>Usporedimo CBG i CBD<\/strong><\/h2>\n<p><strong>Kanabigerol (CBG) zahtijeva manju koli\u010dinu za isti u\u010dinak. Moramo uzeti manje kapi.<\/strong><\/p>\n<p>Ako su oba kanabinoida prisutna u velikim, zna\u010dajnim koli\u010dinama, djeluju sinergisti\u010dki i takvi su proizvodi jo\u0161 sna\u017eniji.<\/p>\n<p>CBG i CBD potencijalno <strong>oba mogu lije\u010diti<\/strong> bla\u017eu bol i pomo\u0107i kod tjeskobe i spavanja.<\/p>\n<p>Oba mogu <strong>pove\u0107ati broj endokanabinoida<\/strong> u tijelu. Da, tako\u0111er znamo kako napraviti ne\u0161to sli\u010dno CBG-u (endo &#8211; proizvodi se unutar tijela).<\/p>\n<p>Uz ludilo na\u0161ih \u017eivota, \u017eivimo u tjeskobi. Trebamo ne\u0161to \u0161to poma\u017ee, ali <strong>ne stvara ovisnost<\/strong> (poput THC proizvoda). CBG je, me\u0111utim, vrlo vjerojatno bolji kandidat za to od CBD-a.<\/p>\n<p>Svi ostali kanabinoidi, uklju\u010duju\u0107i CBD, kasnije su razvijeni iz CBG u biljci konoplje. [<a href=\"https:\/\/www.nature.com\/articles\/s41598-024-66879-0\" target=\"_blank\" rel=\"noopener\">izvor<\/a>]<\/p>\n    <\/div>\n            <div class=\"kz-text-image__image\">\n            <img decoding=\"async\" width=\"600\" height=\"480\" src=\"https:\/\/konopljazdravi.si\/app\/uploads\/2024\/08\/formula-spojine-CBG-in-v-ozadju-CBG-konopljini-vrsicki.jpg\" class=\"attachment-large size-large\" alt=\"formula spojine CBG in v ozadju CBG konopljini vr\u0161i\u010dki na beli mizi od blizu slikani\" srcset=\"https:\/\/konopljazdravi.si\/app\/uploads\/2024\/08\/formula-spojine-CBG-in-v-ozadju-CBG-konopljini-vrsicki.jpg 600w, https:\/\/konopljazdravi.si\/app\/uploads\/2024\/08\/formula-spojine-CBG-in-v-ozadju-CBG-konopljini-vrsicki-300x240.jpg 300w, https:\/\/konopljazdravi.si\/app\/uploads\/2024\/08\/formula-spojine-CBG-in-v-ozadju-CBG-konopljini-vrsicki-416x333.jpg 416w\" sizes=\"(max-width: 600px) 100vw, 600px\" \/>        <\/div>\n    <\/div>\n\n\n    <\/div>\n<\/div>\n\n\n\n<div  class=\"container__wrapper\" style='background-color:#f1f4eb;'>\n    <div class=\"container container--normal pt-64 pb-64  \">\n        \n\n<div class=\"kz-text-image kz-text-image--switch\">\n    <div class=\"kz-text-image__text\">\n        <h2><strong>Kada ima smisla koristiti CBG ulje?<\/strong><\/h2>\n<p><strong>Moj omiljeni istra\u017eiva\u010d dr. Ethan Russo napravio je pregled stanja upotrebe CBG-a 2021. I pratio ga klini\u010dkom studijom na ljudima 2024. Otkrio je da\u2026<\/strong><\/p>\n<p>U ve\u0107ini slu\u010dajeva CBG se koristi u medicinske svrhe. Dakle ne za rekreativce kao na pr. pijenje alkohola. To\u010dnije, <strong>50% korisnika<\/strong> i samo oko 5% u rekreativne svrhe. Ostalo je za oboje.<\/p>\n<p>Naj\u010de\u0161\u0107i slu\u010dajevi primjene su <strong>u podru\u010dju<\/strong> tjeskobe, nesanice, depresije i boli.<\/p>\n<p>Naj\u010de\u0161\u0107e su <strong>uspjeli prestati<\/strong> s antidepresivima, neopioidnim analgeticima (ovo su oni bla\u017ei, jer po meni CBG ne mo\u017ee ubla\u017eiti jako jake bolove), inhibitorima proteinske pumpe (npr. Nolpase).<\/p>\n<p>CBG je <strong>bio u\u010dinkovitiji<\/strong> od ostalih kanabinoida kod: endometrioze, upalne bolesti crijeva i sindroma iritabilnog crijeva. [<a href=\"https:\/\/pubmed.ncbi.nlm.nih.gov\/34569849\/\" target=\"_blank\" rel=\"noopener\">izvor<\/a>]<\/p>\n    <\/div>\n            <div class=\"kz-text-image__image\">\n            <img decoding=\"async\" width=\"600\" height=\"480\" src=\"https:\/\/konopljazdravi.si\/app\/uploads\/2024\/08\/biljka-konopljine-rastline-na-polju-slikana-od-blizu-v-spodnji-del-mocnega-stebla.jpg\" class=\"attachment-large size-large\" alt=\"biljka konopljine rastline slikana na polju od blizu v spodnji del mo\u010dnega stebla\" srcset=\"https:\/\/konopljazdravi.si\/app\/uploads\/2024\/08\/biljka-konopljine-rastline-na-polju-slikana-od-blizu-v-spodnji-del-mocnega-stebla.jpg 600w, https:\/\/konopljazdravi.si\/app\/uploads\/2024\/08\/biljka-konopljine-rastline-na-polju-slikana-od-blizu-v-spodnji-del-mocnega-stebla-300x240.jpg 300w, https:\/\/konopljazdravi.si\/app\/uploads\/2024\/08\/biljka-konopljine-rastline-na-polju-slikana-od-blizu-v-spodnji-del-mocnega-stebla-416x333.jpg 416w\" sizes=\"(max-width: 600px) 100vw, 600px\" \/>        <\/div>\n    <\/div>\n\n\n    <\/div>\n<\/div>\n\n\n\n<div  class=\"container__wrapper mb-80\" >\n    <div class=\"container container--normal pt-64 pb-64 kz-post-content \">\n        \n\n<div class=\"kz-text-image kz-text-image--text-only\">\n    <div class=\"kz-text-image__text\">\n        <h2><strong>Mo\u017eemo li do\u017eivjeti nuspojave?<\/strong><\/h2>\n<p><strong>Korisnici CBG-a naj\u010de\u0161\u0107e su prijavili suha usta, pospanost, pove\u0107an apetit i suhe o\u010di.<\/strong><\/p>\n<p>Znanstvenici su objasnili da bi u normalnim dozama sve to mogla biti posljedica THC-a, koji je uvijek prisutan barem u malim koli\u010dinama u proizvodima punog spektra.<\/p>\n<table>\n<tbody>\n<tr>\n<td><strong>Nuspojava<\/strong><\/td>\n<td><strong>Usporedba s placebom<\/strong><\/td>\n<\/tr>\n<tr>\n<td>Intoksikacija<\/td>\n<td>Bez \u201cozljeda\u201d<\/td>\n<\/tr>\n<tr>\n<td>Suhe o\u010di<\/td>\n<td>Ne\u0161to vi\u0161e<\/td>\n<\/tr>\n<tr>\n<td>Suha usta<\/td>\n<td>Vi\u0161e<\/td>\n<\/tr>\n<tr>\n<td>Pospanost<\/td>\n<td>Puno vi\u0161e<\/td>\n<\/tr>\n<tr>\n<td>Glad<\/td>\n<td>Ne\u0161to vi\u0161e<\/td>\n<\/tr>\n<\/tbody>\n<\/table>\n    <\/div>\n    <\/div>\n\n\n    <\/div>\n<\/div>\n\n\n\n<div  class=\"container__wrapper mb-120\" >\n    <div class=\"container container--small  \">\n        \n\n<div class=\"kz-commments\">\n    <\/div>\n\n\n    <\/div>\n<\/div>\n\n\n\n<div  class=\"container__wrapper\" >\n    <div class=\"container container--normal  \">\n        \n\n<div class=\"kz-products-block\">\n    <div class=\"kz-products-block__header\">\n        \n\n<h2 class=\"wp-block-heading\">Najbolje prodajani<\/h2>\n\n\n            <\/div>\n    <div class=\"kz-products-block__wrapper\">\n        <div class=\"kz-products-block__wrapper-inner\">\n            <ul class=\"products products--4\">\n                <li class=\"product type-product post-520366 status-publish first instock product_cat-cbd-ulje has-post-thumbnail shipping-taxable purchasable product-type-simple\">\n\t<a href=\"https:\/\/konopljazdravi.si\/hr\/produkt\/cbd-ulje-5-dr-gosar-bio\/\" class=\"woocommerce-LoopProduct-link woocommerce-loop-product__link\"><img decoding=\"async\" width=\"324\" height=\"324\" src=\"https:\/\/konopljazdravi.si\/app\/uploads\/2024\/02\/7-odstotne-cbd-kapljice-dr-gosar-324x324.jpg\" class=\"attachment-woocommerce_thumbnail size-woocommerce_thumbnail\" alt=\"Bio CBD ulje 7 %, dr. Gosar [20 ml] \u2013 sa farme\" srcset=\"https:\/\/konopljazdravi.si\/app\/uploads\/2024\/02\/7-odstotne-cbd-kapljice-dr-gosar-324x324.jpg 324w, https:\/\/konopljazdravi.si\/app\/uploads\/2024\/02\/7-odstotne-cbd-kapljice-dr-gosar-300x300.jpg 300w, https:\/\/konopljazdravi.si\/app\/uploads\/2024\/02\/7-odstotne-cbd-kapljice-dr-gosar-150x150.jpg 150w, https:\/\/konopljazdravi.si\/app\/uploads\/2024\/02\/7-odstotne-cbd-kapljice-dr-gosar-768x768.jpg 768w, https:\/\/konopljazdravi.si\/app\/uploads\/2024\/02\/7-odstotne-cbd-kapljice-dr-gosar-416x416.jpg 416w, https:\/\/konopljazdravi.si\/app\/uploads\/2024\/02\/7-odstotne-cbd-kapljice-dr-gosar-100x100.jpg 100w, https:\/\/konopljazdravi.si\/app\/uploads\/2024\/02\/7-odstotne-cbd-kapljice-dr-gosar.jpg 1000w\" sizes=\"(max-width: 324px) 100vw, 324px\" \/>                        <div class=\"product__content\">\n        <h2 class=\"woocommerce-loop-product__title\">Bio CBD ulje 7 %, dr. Gosar [20 ml] \u2013 sa farme<\/h2>        <span class=\"product__attribute\">20ml, 1000mg CBD<\/span>\n        <div class=\"star-rating\" role=\"img\" aria-label=\"Ocjenjeno 4.85 od 5\">        <div class=\"kz-icon-rating\">\n            <span class='icon icon--small '><svg width=\"12\" height=\"12\" viewBox=\"0 0 12 12\" fill=\"none\" xmlns=\"http:\/\/www.w3.org\/2000\/svg\">\n<g id=\"star\">\n<path id=\"Path\" d=\"M8.78038 10.5C8.70042 10.5003 8.62155 10.4814 8.55038 10.445L6.00038 9.10998L3.45038 10.445C3.28145 10.5338 3.07668 10.5187 2.9226 10.4061C2.76851 10.2934 2.692 10.1029 2.72538 9.91498L3.22538 7.09998L1.16538 5.09998C1.03441 4.96928 0.986325 4.77694 1.04038 4.59998C1.0995 4.41869 1.25659 4.28681 1.44538 4.25998L4.29538 3.84498L5.55038 1.27998C5.63393 1.10748 5.80872 0.997925 6.00038 0.997925C6.19204 0.997925 6.36684 1.10748 6.45038 1.27998L7.72038 3.83998L10.5704 4.25498C10.7592 4.28181 10.9163 4.41369 10.9754 4.59498C11.0294 4.77194 10.9814 4.96428 10.8504 5.09498L8.79038 7.09498L9.29038 9.90998C9.32683 10.1014 9.24877 10.2965 9.09038 10.41C8.99984 10.4734 8.89082 10.5051 8.78038 10.5Z\" fill=\"#F7C623\"\/>\n<\/g>\n<\/svg>\n<\/span>            <span class=\"kz-icon-rating__rating\">\n                    4.9\/5.0                <\/span>\n            <span class=\"kz-icon-rating__dot\">\n                \u00b7\n            <\/span>\n                            <span class=\"kz-icon-rating__count-text\">\n                        52 ocjen                    <\/span>\n                    <\/div>\n        <\/div>                <div class=\"product__points\">\n            <ul><li>Puni spektar<\/li><li>Prirodno iz SLO<\/li><li>Maksimalni THC<\/li><ul>        <\/div>\n            \n\t<span class=\"price\"><span class=\"woocommerce-Price-amount amount\"><bdi class=\"woocommerce-Price-bidi\">29,90<span class=\"woocommerce-Price-currencySymbol\">&euro;<\/span><\/bdi><\/span><\/span>\n<span class=\"gtm4wp_productdata\" style=\"display:none; visibility:hidden;\" data-gtm4wp_product_data=\"{&quot;internal_id&quot;:520366,&quot;item_id&quot;:520366,&quot;item_name&quot;:&quot;Bio CBD ulje 7 %, dr. Gosar [20 ml] \\u2013 sa farme&quot;,&quot;sku&quot;:&quot;konop-cbdgosar5&quot;,&quot;price&quot;:29.89999999999999857891452847979962825775146484375,&quot;stocklevel&quot;:null,&quot;stockstatus&quot;:&quot;instock&quot;,&quot;google_business_vertical&quot;:&quot;retail&quot;,&quot;item_category&quot;:&quot;CBD ulje&quot;,&quot;id&quot;:520366,&quot;productlink&quot;:&quot;https:\\\/\\\/konopljazdravi.si\\\/hr\\\/produkt\\\/cbd-ulje-5-dr-gosar-bio\\\/&quot;,&quot;item_list_name&quot;:&quot;General Product List&quot;,&quot;index&quot;:1,&quot;product_type&quot;:&quot;simple&quot;,&quot;item_brand&quot;:&quot;&quot;}\"><\/span>        <\/div>\n        <\/a><\/li>\n<li class=\"product type-product post-521766 status-publish instock product_cat-cbd-ulje has-post-thumbnail shipping-taxable purchasable product-type-simple\">\n\t<a href=\"https:\/\/konopljazdravi.si\/hr\/produkt\/cbd-ulje-10-alplant\/\" class=\"woocommerce-LoopProduct-link woocommerce-loop-product__link\"><img decoding=\"async\" width=\"324\" height=\"324\" src=\"https:\/\/konopljazdravi.si\/app\/uploads\/2024\/08\/cbd-kapljice-10-alplant-steklenicka-velikosti-10-ml-324x324.jpg\" class=\"attachment-woocommerce_thumbnail size-woocommerce_thumbnail\" alt=\"cbd kapljice 10 alplant velikosti 10 ml poleg pa embala\u017ea\" srcset=\"https:\/\/konopljazdravi.si\/app\/uploads\/2024\/08\/cbd-kapljice-10-alplant-steklenicka-velikosti-10-ml-324x324.jpg 324w, https:\/\/konopljazdravi.si\/app\/uploads\/2024\/08\/cbd-kapljice-10-alplant-steklenicka-velikosti-10-ml-300x300.jpg 300w, https:\/\/konopljazdravi.si\/app\/uploads\/2024\/08\/cbd-kapljice-10-alplant-steklenicka-velikosti-10-ml-150x150.jpg 150w, https:\/\/konopljazdravi.si\/app\/uploads\/2024\/08\/cbd-kapljice-10-alplant-steklenicka-velikosti-10-ml-768x768.jpg 768w, https:\/\/konopljazdravi.si\/app\/uploads\/2024\/08\/cbd-kapljice-10-alplant-steklenicka-velikosti-10-ml-416x416.jpg 416w, https:\/\/konopljazdravi.si\/app\/uploads\/2024\/08\/cbd-kapljice-10-alplant-steklenicka-velikosti-10-ml-100x100.jpg 100w, https:\/\/konopljazdravi.si\/app\/uploads\/2024\/08\/cbd-kapljice-10-alplant-steklenicka-velikosti-10-ml.jpg 800w\" sizes=\"(max-width: 324px) 100vw, 324px\" \/>                        <div class=\"product__content\">\n        <h2 class=\"woocommerce-loop-product__title\">Eko CBD ulje 10 % Alplant (1000 mg CBD) \u2013 10 ml<\/h2>        <span class=\"product__attribute\">10ml, 1000mg CBD<\/span>\n                        <div class=\"product__points\">\n            <ul><li>Puni spektar<\/li><li>Eko iz \u0160vicarske<\/li><li>MCT ulje<\/li><ul>        <\/div>\n            \n\t<span class=\"price\"><span class=\"woocommerce-Price-amount amount\"><bdi class=\"woocommerce-Price-bidi\">25,00<span class=\"woocommerce-Price-currencySymbol\">&euro;<\/span><\/bdi><\/span><\/span>\n<span class=\"gtm4wp_productdata\" style=\"display:none; visibility:hidden;\" data-gtm4wp_product_data=\"{&quot;internal_id&quot;:521766,&quot;item_id&quot;:521766,&quot;item_name&quot;:&quot;Eko CBD ulje 10 % Alplant (1000 mg CBD) \\u2013 10 ml&quot;,&quot;sku&quot;:&quot;konop-alplant-10&quot;,&quot;price&quot;:25,&quot;stocklevel&quot;:11,&quot;stockstatus&quot;:&quot;instock&quot;,&quot;google_business_vertical&quot;:&quot;retail&quot;,&quot;item_category&quot;:&quot;CBD ulje&quot;,&quot;id&quot;:521766,&quot;productlink&quot;:&quot;https:\\\/\\\/konopljazdravi.si\\\/hr\\\/produkt\\\/cbd-ulje-10-alplant\\\/&quot;,&quot;item_list_name&quot;:&quot;General Product List&quot;,&quot;index&quot;:2,&quot;product_type&quot;:&quot;simple&quot;,&quot;item_brand&quot;:&quot;&quot;}\"><\/span>        <\/div>\n        <\/a><\/li>\n<li class=\"product type-product post-521763 status-publish last instock product_cat-cbd-ulje has-post-thumbnail shipping-taxable purchasable product-type-simple\">\n\t<a href=\"https:\/\/konopljazdravi.si\/hr\/produkt\/cbd-smola-20-dr-gosar\/\" class=\"woocommerce-LoopProduct-link woocommerce-loop-product__link\"><img decoding=\"async\" width=\"324\" height=\"324\" src=\"https:\/\/konopljazdravi.si\/app\/uploads\/2024\/08\/cbd-smola-20-dr-gosar-324x324.jpg\" class=\"attachment-woocommerce_thumbnail size-woocommerce_thumbnail\" alt=\"dozirka rjave barve in v njej cbd smola 20 doktor gosarja\" srcset=\"https:\/\/konopljazdravi.si\/app\/uploads\/2024\/08\/cbd-smola-20-dr-gosar-324x324.jpg 324w, https:\/\/konopljazdravi.si\/app\/uploads\/2024\/08\/cbd-smola-20-dr-gosar-300x300.jpg 300w, https:\/\/konopljazdravi.si\/app\/uploads\/2024\/08\/cbd-smola-20-dr-gosar-150x150.jpg 150w, https:\/\/konopljazdravi.si\/app\/uploads\/2024\/08\/cbd-smola-20-dr-gosar-416x416.jpg 416w, https:\/\/konopljazdravi.si\/app\/uploads\/2024\/08\/cbd-smola-20-dr-gosar-100x100.jpg 100w, https:\/\/konopljazdravi.si\/app\/uploads\/2024\/08\/cbd-smola-20-dr-gosar.jpg 500w\" sizes=\"(max-width: 324px) 100vw, 324px\" \/>                        <div class=\"product__content\">\n        <h2 class=\"woocommerce-loop-product__title\">CBD smola 20 % dr. Gosar &#8211; sa farme u Sloveniji<\/h2>        <span class=\"product__attribute\">5ml, 1000mg CBD<\/span>\n        <div class=\"star-rating\" role=\"img\" aria-label=\"Ocjenjeno 5.00 od 5\">        <div class=\"kz-icon-rating\">\n            <span class='icon icon--small '><svg width=\"12\" height=\"12\" viewBox=\"0 0 12 12\" fill=\"none\" xmlns=\"http:\/\/www.w3.org\/2000\/svg\">\n<g id=\"star\">\n<path id=\"Path\" d=\"M8.78038 10.5C8.70042 10.5003 8.62155 10.4814 8.55038 10.445L6.00038 9.10998L3.45038 10.445C3.28145 10.5338 3.07668 10.5187 2.9226 10.4061C2.76851 10.2934 2.692 10.1029 2.72538 9.91498L3.22538 7.09998L1.16538 5.09998C1.03441 4.96928 0.986325 4.77694 1.04038 4.59998C1.0995 4.41869 1.25659 4.28681 1.44538 4.25998L4.29538 3.84498L5.55038 1.27998C5.63393 1.10748 5.80872 0.997925 6.00038 0.997925C6.19204 0.997925 6.36684 1.10748 6.45038 1.27998L7.72038 3.83998L10.5704 4.25498C10.7592 4.28181 10.9163 4.41369 10.9754 4.59498C11.0294 4.77194 10.9814 4.96428 10.8504 5.09498L8.79038 7.09498L9.29038 9.90998C9.32683 10.1014 9.24877 10.2965 9.09038 10.41C8.99984 10.4734 8.89082 10.5051 8.78038 10.5Z\" fill=\"#F7C623\"\/>\n<\/g>\n<\/svg>\n<\/span>            <span class=\"kz-icon-rating__rating\">\n                    5.0\/5.0                <\/span>\n            <span class=\"kz-icon-rating__dot\">\n                \u00b7\n            <\/span>\n                            <span class=\"kz-icon-rating__count-text\">\n                        1 ocjena                    <\/span>\n                    <\/div>\n        <\/div>                <div class=\"product__points\">\n            <ul><li>Djelomi\u010dno puni spektar<\/li><li>Konzumiramo malo THC-a<\/li><li>Sna\u017ean okus<\/li><ul>        <\/div>\n            \n\t<span class=\"price\"><span class=\"woocommerce-Price-amount amount\"><bdi class=\"woocommerce-Price-bidi\">55,90<span class=\"woocommerce-Price-currencySymbol\">&euro;<\/span><\/bdi><\/span><\/span>\n<span class=\"gtm4wp_productdata\" style=\"display:none; visibility:hidden;\" data-gtm4wp_product_data=\"{&quot;internal_id&quot;:521763,&quot;item_id&quot;:521763,&quot;item_name&quot;:&quot;CBD smola 20 % dr. Gosar - sa farme u Sloveniji&quot;,&quot;sku&quot;:&quot;konop-smola-gosar20&quot;,&quot;price&quot;:55.89999999999999857891452847979962825775146484375,&quot;stocklevel&quot;:1,&quot;stockstatus&quot;:&quot;instock&quot;,&quot;google_business_vertical&quot;:&quot;retail&quot;,&quot;item_category&quot;:&quot;CBD ulje&quot;,&quot;id&quot;:521763,&quot;productlink&quot;:&quot;https:\\\/\\\/konopljazdravi.si\\\/hr\\\/produkt\\\/cbd-smola-20-dr-gosar\\\/&quot;,&quot;item_list_name&quot;:&quot;General Product List&quot;,&quot;index&quot;:3,&quot;product_type&quot;:&quot;simple&quot;,&quot;item_brand&quot;:&quot;&quot;}\"><\/span>        <\/div>\n        <\/a><\/li>\n<li class=\"product type-product post-521607 status-publish first outofstock product_cat-cbd-ulje has-post-thumbnail shipping-taxable purchasable product-type-simple\">\n\t<a href=\"https:\/\/konopljazdravi.si\/hr\/produkt\/cbd-sprej-bez-thc-harmony-citrus\/\" class=\"woocommerce-LoopProduct-link woocommerce-loop-product__link\"><img decoding=\"async\" width=\"324\" height=\"324\" src=\"https:\/\/konopljazdravi.si\/app\/uploads\/2024\/08\/cbd-prsilo-harmony-500-mg-324x324.jpg\" class=\"attachment-woocommerce_thumbnail size-woocommerce_thumbnail\" alt=\"cbd pr\u0161ilo harmony 500 citrus\" srcset=\"https:\/\/konopljazdravi.si\/app\/uploads\/2024\/08\/cbd-prsilo-harmony-500-mg-324x324.jpg 324w, https:\/\/konopljazdravi.si\/app\/uploads\/2024\/08\/cbd-prsilo-harmony-500-mg-300x300.jpg 300w, https:\/\/konopljazdravi.si\/app\/uploads\/2024\/08\/cbd-prsilo-harmony-500-mg-150x150.jpg 150w, https:\/\/konopljazdravi.si\/app\/uploads\/2024\/08\/cbd-prsilo-harmony-500-mg-768x768.jpg 768w, https:\/\/konopljazdravi.si\/app\/uploads\/2024\/08\/cbd-prsilo-harmony-500-mg-416x416.jpg 416w, https:\/\/konopljazdravi.si\/app\/uploads\/2024\/08\/cbd-prsilo-harmony-500-mg-100x100.jpg 100w, https:\/\/konopljazdravi.si\/app\/uploads\/2024\/08\/cbd-prsilo-harmony-500-mg.jpg 1000w\" sizes=\"(max-width: 324px) 100vw, 324px\" \/>                        <div class=\"product__content\">\n        <h2 class=\"woocommerce-loop-product__title\">CBD sprej bez THC-a Harmony citrus, 500mg<\/h2>        <span class=\"product__attribute\">15ml, 150 prskanja<\/span>\n                        <div class=\"product__points\">\n            <ul><li>Brez THC<\/li><li>Za dnevne uporabo<\/li><li>Okus limone<\/li><ul>        <\/div>\n            \n\t<span class=\"price\"><span class=\"woocommerce-Price-amount amount\"><bdi class=\"woocommerce-Price-bidi\">23,90<span class=\"woocommerce-Price-currencySymbol\">&euro;<\/span><\/bdi><\/span><\/span>\n<span class=\"gtm4wp_productdata\" style=\"display:none; visibility:hidden;\" data-gtm4wp_product_data=\"{&quot;internal_id&quot;:521607,&quot;item_id&quot;:521607,&quot;item_name&quot;:&quot;CBD sprej bez THC-a Harmony citrus, 500mg&quot;,&quot;sku&quot;:&quot;konop-prsilo-harmony&quot;,&quot;price&quot;:23.89999999999999857891452847979962825775146484375,&quot;stocklevel&quot;:0,&quot;stockstatus&quot;:&quot;outofstock&quot;,&quot;google_business_vertical&quot;:&quot;retail&quot;,&quot;item_category&quot;:&quot;CBD ulje&quot;,&quot;id&quot;:521607,&quot;productlink&quot;:&quot;https:\\\/\\\/konopljazdravi.si\\\/hr\\\/produkt\\\/cbd-sprej-bez-thc-harmony-citrus\\\/&quot;,&quot;item_list_name&quot;:&quot;General Product List&quot;,&quot;index&quot;:4,&quot;product_type&quot;:&quot;simple&quot;,&quot;item_brand&quot;:&quot;&quot;}\"><\/span>        <\/div>\n        <\/a><\/li>\n            <\/ul>\n        <\/div>\n    <\/div>\n<\/div>\n\n\n    <\/div>\n<\/div>\n","protected":false},"excerpt":{"rendered":"<p>To je kratek opis izdelka.<\/p>\n","protected":false},"featured_media":521739,"comment_status":"open","ping_status":"closed","template":"","meta":{"inline_featured_image":false},"product_brand":[],"product_cat":[87],"product_tag":[],"class_list":{"0":"post-520514","1":"product","2":"type-product","3":"status-publish","4":"has-post-thumbnail","6":"product_cat-cbd-ulje","8":"","9":"instock","10":"shipping-taxable","11":"purchasable","12":"product-type-simple"},"acf":[],"_links":{"self":[{"href":"https:\/\/konopljazdravi.si\/hr\/wp-json\/wp\/v2\/product\/520514","targetHints":{"allow":["GET"]}}],"collection":[{"href":"https:\/\/konopljazdravi.si\/hr\/wp-json\/wp\/v2\/product"}],"about":[{"href":"https:\/\/konopljazdravi.si\/hr\/wp-json\/wp\/v2\/types\/product"}],"replies":[{"embeddable":true,"href":"https:\/\/konopljazdravi.si\/hr\/wp-json\/wp\/v2\/comments?post=520514"}],"wp:featuredmedia":[{"embeddable":true,"href":"https:\/\/konopljazdravi.si\/hr\/wp-json\/wp\/v2\/media\/521739"}],"wp:attachment":[{"href":"https:\/\/konopljazdravi.si\/hr\/wp-json\/wp\/v2\/media?parent=520514"}],"wp:term":[{"taxonomy":"product_brand","embeddable":true,"href":"https:\/\/konopljazdravi.si\/hr\/wp-json\/wp\/v2\/product_brand?post=520514"},{"taxonomy":"product_cat","embeddable":true,"href":"https:\/\/konopljazdravi.si\/hr\/wp-json\/wp\/v2\/product_cat?post=520514"},{"taxonomy":"product_tag","embeddable":true,"href":"https:\/\/konopljazdravi.si\/hr\/wp-json\/wp\/v2\/product_tag?post=520514"}],"curies":[{"name":"wp","href":"https:\/\/api.w.org\/{rel}","templated":true}]}}