{"id":521604,"date":"2024-08-26T14:53:23","date_gmt":"2024-08-26T12:53:23","guid":{"rendered":"https:\/\/konopljazdravi.si\/izdelek\/cbd-kapsule-enecta-premium\/"},"modified":"2025-12-31T10:06:15","modified_gmt":"2025-12-31T09:06:15","slug":"cbd-kapsule-enecta-premium","status":"publish","type":"product","link":"https:\/\/konopljazdravi.si\/hr\/produkt\/cbd-kapsule-enecta-premium\/","title":{"rendered":"CBD kapsule Enecta premium 1000mg"},"content":{"rendered":"\n<div  class=\"container__wrapper mb-120\" >\n    <div class=\"container container--normal  \">\n        \n<div class=\"kz-icons\">\n                    <div  class=\"kz-icon\">\n            <div class=\"kz-icon__image\" style=\"background-color: #E5EED6\">\n                <img decoding=\"async\" width=\"150\" height=\"150\" src=\"https:\/\/konopljazdravi.si\/app\/uploads\/2024\/03\/icon-quality.svg\" class=\"attachment-thumbnail size-thumbnail\" alt=\"\" \/>            <\/div>\n            <span>Kvaliteta po pristupa\u010dnim cijenama<\/span>\n        <\/div>\n                    <div  class=\"kz-icon\">\n            <div class=\"kz-icon__image\" style=\"background-color: #E5EED6\">\n                <img decoding=\"async\" width=\"150\" height=\"150\" src=\"https:\/\/konopljazdravi.si\/app\/uploads\/2024\/03\/icon-quality.svg\" class=\"attachment-thumbnail size-thumbnail\" alt=\"\" \/>            <\/div>\n            <span>Analizirano u neovisnom laboratoriju<\/span>\n        <\/div>\n                    <div  class=\"kz-icon\">\n            <div class=\"kz-icon__image\" style=\"background-color: #E5EED6\">\n                <img decoding=\"async\" width=\"150\" height=\"150\" src=\"https:\/\/konopljazdravi.si\/app\/uploads\/2024\/03\/icon-quality.svg\" class=\"attachment-thumbnail size-thumbnail\" alt=\"\" \/>            <\/div>\n            <span>Prirodni sastav<\/span>\n        <\/div>\n                    <div  class=\"kz-icon\">\n            <div class=\"kz-icon__image\" style=\"background-color: #E5EED6\">\n                <img decoding=\"async\" width=\"150\" height=\"150\" src=\"https:\/\/konopljazdravi.si\/app\/uploads\/2024\/03\/icon-quality.svg\" class=\"attachment-thumbnail size-thumbnail\" alt=\"\" \/>            <\/div>\n            <span>Certificirana konoplja<\/span>\n        <\/div>\n    <\/div>\n\n\n    <\/div>\n<\/div>\n\n\n\n<div  class=\"container__wrapper\" >\n    <div class=\"container container--normal pb-64  \">\n        \n\n<div class=\"kz-text-image kz-text-image--text-only\">\n    <div class=\"kz-text-image__text\">\n        <h2><strong>Redovne analize i 100% prirodni sastojci<\/strong><\/h2>\n<p><strong>Tvrtka Enecta uzgaja konoplju na BIO na\u010din u Italiji. Proizvodi su pouzdani.<\/strong><\/p>\n<p>CBD kapsule redovito se testiraju u neovisnom laboratoriju. Dakle, mo\u017eemo biti sigurni da konoplja nije kontaminirana. Enecta CBD kapsule sadr\u017ee 100% prirodne sastojke. Izbjegavaju bilo kakve kemijske dodatke.<\/p>\n    <\/div>\n    <\/div>\n\n\n    <\/div>\n<\/div>\n\n\n\n<div  class=\"container__wrapper\" style='background-color:#f1f4eb;'>\n    <div class=\"container container--normal pt-64 pb-64  \">\n        \n\n<div class=\"kz-text-image kz-text-image--switch\">\n    <div class=\"kz-text-image__text\">\n        <h2><strong>Kada kupiti Enecta CBD kapsule umjesto kapi?<\/strong><\/h2>\n<p><strong>Kada \u017eelimo izbje\u0107i mogu\u0107i lo\u0161 okus konoplje i trebamo diskreciju. I\u2026<\/strong><\/p>\n<p>Ako se ne \u017eelimo baviti dozom, a 33 mg CBD-a je sasvim u redu za nas (za vi\u0161e pogledajte odjeljak skrivene upotrebe). CBD kapi ulja zahtijevaju mirne ruke i dobar vid. \u017delimo unaprijed izra\u010dunati to\u010dne tro\u0161kove i koli\u010dinu (za mjesec dana). Koristili smo druge meke kapsule napravljene od dva dijela koje su pukle.<\/p>\n    <\/div>\n            <div class=\"kz-text-image__image\">\n            <img decoding=\"async\" width=\"600\" height=\"383\" src=\"https:\/\/konopljazdravi.si\/app\/uploads\/2024\/08\/moski-v-roki-drzi-eno-mehko-kapsulo.jpg\" class=\"attachment-large size-large\" alt=\"mo\u0161ki s \u010drno brado v roki dr\u017ei eno mehko kapsulo\" srcset=\"https:\/\/konopljazdravi.si\/app\/uploads\/2024\/08\/moski-v-roki-drzi-eno-mehko-kapsulo.jpg 600w, https:\/\/konopljazdravi.si\/app\/uploads\/2024\/08\/moski-v-roki-drzi-eno-mehko-kapsulo-300x192.jpg 300w, https:\/\/konopljazdravi.si\/app\/uploads\/2024\/08\/moski-v-roki-drzi-eno-mehko-kapsulo-416x266.jpg 416w\" sizes=\"(max-width: 600px) 100vw, 600px\" \/>        <\/div>\n    <\/div>\n\n\n    <\/div>\n<\/div>\n\n\n\n<div  class=\"container__wrapper\" >\n    <div class=\"container container--normal pt-64 pb-64  \">\n        \n\n<div class=\"kz-text-image kz-text-image--text-only\">\n    <div class=\"kz-text-image__text\">\n        <h2><strong>Kakve efekte mo\u017eemo o\u010dekivati?<\/strong><\/h2>\n<p><strong>Definitivno bolji op\u0107i osje\u0107aj.<\/strong><\/p>\n<p>Bolje op\u0107e blagostanje i prije svega opu\u0161tanje. Industrijska konoplja to omogu\u0107uje. Mo\u017eemo o\u010dekivati \u200b\u200bmanje stresan dan, \u0161to lako dovodi do manje stresne ve\u010deri. Ve\u010dernja upotreba tako\u0111er nam mo\u017ee pomo\u0107i da bolje spavamo. Kroni\u010dni stres mo\u017ee lako oslabiti imunolo\u0161ki sustav. [<a href=\"https:\/\/www.ncbi.nlm.nih.gov\/pmc\/articles\/PMC2475648\/\" target=\"_blank\" rel=\"noopener\">izvor<\/a>]<\/p>\n<p>Ako ustanovimo da se CBD kapsule vrte, onda ih konzumirajte najkasnije do 17 sati. Za ve\u010dernju upotrebu preporu\u010dujem CBG <a href=\"https:\/\/konopljazdravi.si\/hr\/proizvod\/cbg-ulje-5-dr-gosar\/\">kapi ulja sa \u0161to vi\u0161e THC-a.<\/a><\/p>\n    <\/div>\n    <\/div>\n\n\n    <\/div>\n<\/div>\n\n\n\n<div  class=\"container__wrapper mb-80\" style='background-color:#f1f4eb;'>\n    <div class=\"container container--normal pt-64 pb-64  \">\n        \n\n<div class=\"kz-text-image kz-text-image--text-only\">\n    <div class=\"kz-text-image__text\">\n        <h2><strong>Kako se prave meke CBD kapsule?<\/strong><\/h2>\n<p><strong>Najlak\u0161i na\u010din da ovo pogledate je u tri koraka.<\/strong><\/p>\n<p>Organska konoplja s CBD-om razrije\u0111ena je u ulju sjemenki konoplje koje tako\u0111er sami proizvode.<\/p>\n<p>Ovojnice kapsula mogu biti izra\u0111ene od celuloze (biljne) ili \u017eelatine (\u017eivotinjske). Imaju \u017eelatinu.<\/p>\n<p>Posljednji korak je ulijevanje ulja u omota\u010d kapsule i zatvaranje. Na taj na\u010din \u0161tite vrijedne sastojke od zraka i vlage.<\/p>\n    <\/div>\n    <\/div>\n\n\n    <\/div>\n<\/div>\n\n\n\n<div  class=\"container__wrapper mb-120\" >\n    <div class=\"container container--small  \">\n        \n\n<div class=\"kz-commments\">\n    <\/div>\n\n\n    <\/div>\n<\/div>\n\n\n\n<div  class=\"container__wrapper\" >\n    <div class=\"container container--normal  \">\n        \n\n<div class=\"kz-products-block\">\n    <div class=\"kz-products-block__header\">\n        \n\n<h2 class=\"wp-block-heading\">Najprodavaniji<\/h2>\n\n\n            <\/div>\n    <div class=\"kz-products-block__wrapper\">\n        <div class=\"kz-products-block__wrapper-inner\">\n            <ul class=\"products products--4\">\n                <li class=\"product type-product post-520366 status-publish first instock product_cat-cbd-ulje has-post-thumbnail shipping-taxable purchasable product-type-simple\">\n\t<a href=\"https:\/\/konopljazdravi.si\/hr\/produkt\/cbd-ulje-5-dr-gosar-bio\/\" class=\"woocommerce-LoopProduct-link woocommerce-loop-product__link\"><img decoding=\"async\" width=\"324\" height=\"324\" src=\"https:\/\/konopljazdravi.si\/app\/uploads\/2024\/02\/7-odstotne-cbd-kapljice-dr-gosar-324x324.jpg\" class=\"attachment-woocommerce_thumbnail size-woocommerce_thumbnail\" alt=\"Bio CBD ulje 7 %, dr. Gosar [20 ml] \u2013 sa farme\" srcset=\"https:\/\/konopljazdravi.si\/app\/uploads\/2024\/02\/7-odstotne-cbd-kapljice-dr-gosar-324x324.jpg 324w, https:\/\/konopljazdravi.si\/app\/uploads\/2024\/02\/7-odstotne-cbd-kapljice-dr-gosar-300x300.jpg 300w, https:\/\/konopljazdravi.si\/app\/uploads\/2024\/02\/7-odstotne-cbd-kapljice-dr-gosar-150x150.jpg 150w, https:\/\/konopljazdravi.si\/app\/uploads\/2024\/02\/7-odstotne-cbd-kapljice-dr-gosar-768x768.jpg 768w, https:\/\/konopljazdravi.si\/app\/uploads\/2024\/02\/7-odstotne-cbd-kapljice-dr-gosar-416x416.jpg 416w, https:\/\/konopljazdravi.si\/app\/uploads\/2024\/02\/7-odstotne-cbd-kapljice-dr-gosar-100x100.jpg 100w, https:\/\/konopljazdravi.si\/app\/uploads\/2024\/02\/7-odstotne-cbd-kapljice-dr-gosar.jpg 1000w\" sizes=\"(max-width: 324px) 100vw, 324px\" \/>                        <div class=\"product__content\">\n        <h2 class=\"woocommerce-loop-product__title\">Bio CBD ulje 7 %, dr. Gosar [20 ml] \u2013 sa farme<\/h2>        <span class=\"product__attribute\">20ml, 1000mg CBD<\/span>\n        <div class=\"star-rating\" role=\"img\" aria-label=\"Ocjenjeno 4.85 od 5\">        <div class=\"kz-icon-rating\">\n            <span class='icon icon--small '><svg width=\"12\" height=\"12\" viewBox=\"0 0 12 12\" fill=\"none\" xmlns=\"http:\/\/www.w3.org\/2000\/svg\">\n<g id=\"star\">\n<path id=\"Path\" d=\"M8.78038 10.5C8.70042 10.5003 8.62155 10.4814 8.55038 10.445L6.00038 9.10998L3.45038 10.445C3.28145 10.5338 3.07668 10.5187 2.9226 10.4061C2.76851 10.2934 2.692 10.1029 2.72538 9.91498L3.22538 7.09998L1.16538 5.09998C1.03441 4.96928 0.986325 4.77694 1.04038 4.59998C1.0995 4.41869 1.25659 4.28681 1.44538 4.25998L4.29538 3.84498L5.55038 1.27998C5.63393 1.10748 5.80872 0.997925 6.00038 0.997925C6.19204 0.997925 6.36684 1.10748 6.45038 1.27998L7.72038 3.83998L10.5704 4.25498C10.7592 4.28181 10.9163 4.41369 10.9754 4.59498C11.0294 4.77194 10.9814 4.96428 10.8504 5.09498L8.79038 7.09498L9.29038 9.90998C9.32683 10.1014 9.24877 10.2965 9.09038 10.41C8.99984 10.4734 8.89082 10.5051 8.78038 10.5Z\" fill=\"#F7C623\"\/>\n<\/g>\n<\/svg>\n<\/span>            <span class=\"kz-icon-rating__rating\">\n                    4.9\/5.0                <\/span>\n            <span class=\"kz-icon-rating__dot\">\n                \u00b7\n            <\/span>\n                            <span class=\"kz-icon-rating__count-text\">\n                        52 ocjen                    <\/span>\n                    <\/div>\n        <\/div>                <div class=\"product__points\">\n            <ul><li>Puni spektar<\/li><li>Prirodno iz SLO<\/li><li>Maksimalni THC<\/li><ul>        <\/div>\n            \n\t<span class=\"price\"><span class=\"woocommerce-Price-amount amount\"><bdi class=\"woocommerce-Price-bidi\">29,90<span class=\"woocommerce-Price-currencySymbol\">&euro;<\/span><\/bdi><\/span><\/span>\n<span class=\"gtm4wp_productdata\" style=\"display:none; visibility:hidden;\" data-gtm4wp_product_data=\"{&quot;internal_id&quot;:520366,&quot;item_id&quot;:520366,&quot;item_name&quot;:&quot;Bio CBD ulje 7 %, dr. Gosar [20 ml] \\u2013 sa farme&quot;,&quot;sku&quot;:&quot;konop-cbdgosar5&quot;,&quot;price&quot;:29.89999999999999857891452847979962825775146484375,&quot;stocklevel&quot;:null,&quot;stockstatus&quot;:&quot;instock&quot;,&quot;google_business_vertical&quot;:&quot;retail&quot;,&quot;item_category&quot;:&quot;CBD ulje&quot;,&quot;id&quot;:520366,&quot;productlink&quot;:&quot;https:\\\/\\\/konopljazdravi.si\\\/hr\\\/produkt\\\/cbd-ulje-5-dr-gosar-bio\\\/&quot;,&quot;item_list_name&quot;:&quot;General Product List&quot;,&quot;index&quot;:1,&quot;product_type&quot;:&quot;simple&quot;,&quot;item_brand&quot;:&quot;&quot;}\"><\/span>        <\/div>\n        <\/a><\/li>\n<li class=\"product type-product post-521766 status-publish instock product_cat-cbd-ulje has-post-thumbnail shipping-taxable purchasable product-type-simple\">\n\t<a href=\"https:\/\/konopljazdravi.si\/hr\/produkt\/cbd-ulje-10-alplant\/\" class=\"woocommerce-LoopProduct-link woocommerce-loop-product__link\"><img decoding=\"async\" width=\"324\" height=\"324\" src=\"https:\/\/konopljazdravi.si\/app\/uploads\/2024\/08\/cbd-kapljice-10-alplant-steklenicka-velikosti-10-ml-324x324.jpg\" class=\"attachment-woocommerce_thumbnail size-woocommerce_thumbnail\" alt=\"cbd kapljice 10 alplant velikosti 10 ml poleg pa embala\u017ea\" srcset=\"https:\/\/konopljazdravi.si\/app\/uploads\/2024\/08\/cbd-kapljice-10-alplant-steklenicka-velikosti-10-ml-324x324.jpg 324w, https:\/\/konopljazdravi.si\/app\/uploads\/2024\/08\/cbd-kapljice-10-alplant-steklenicka-velikosti-10-ml-300x300.jpg 300w, https:\/\/konopljazdravi.si\/app\/uploads\/2024\/08\/cbd-kapljice-10-alplant-steklenicka-velikosti-10-ml-150x150.jpg 150w, https:\/\/konopljazdravi.si\/app\/uploads\/2024\/08\/cbd-kapljice-10-alplant-steklenicka-velikosti-10-ml-768x768.jpg 768w, https:\/\/konopljazdravi.si\/app\/uploads\/2024\/08\/cbd-kapljice-10-alplant-steklenicka-velikosti-10-ml-416x416.jpg 416w, https:\/\/konopljazdravi.si\/app\/uploads\/2024\/08\/cbd-kapljice-10-alplant-steklenicka-velikosti-10-ml-100x100.jpg 100w, https:\/\/konopljazdravi.si\/app\/uploads\/2024\/08\/cbd-kapljice-10-alplant-steklenicka-velikosti-10-ml.jpg 800w\" sizes=\"(max-width: 324px) 100vw, 324px\" \/>                        <div class=\"product__content\">\n        <h2 class=\"woocommerce-loop-product__title\">Eko CBD ulje 10 % Alplant (1000 mg CBD) \u2013 10 ml<\/h2>        <span class=\"product__attribute\">10ml, 1000mg CBD<\/span>\n                        <div class=\"product__points\">\n            <ul><li>Puni spektar<\/li><li>Eko iz \u0160vicarske<\/li><li>MCT ulje<\/li><ul>        <\/div>\n            \n\t<span class=\"price\"><span class=\"woocommerce-Price-amount amount\"><bdi class=\"woocommerce-Price-bidi\">25,00<span class=\"woocommerce-Price-currencySymbol\">&euro;<\/span><\/bdi><\/span><\/span>\n<span class=\"gtm4wp_productdata\" style=\"display:none; visibility:hidden;\" data-gtm4wp_product_data=\"{&quot;internal_id&quot;:521766,&quot;item_id&quot;:521766,&quot;item_name&quot;:&quot;Eko CBD ulje 10 % Alplant (1000 mg CBD) \\u2013 10 ml&quot;,&quot;sku&quot;:&quot;konop-alplant-10&quot;,&quot;price&quot;:25,&quot;stocklevel&quot;:10,&quot;stockstatus&quot;:&quot;instock&quot;,&quot;google_business_vertical&quot;:&quot;retail&quot;,&quot;item_category&quot;:&quot;CBD ulje&quot;,&quot;id&quot;:521766,&quot;productlink&quot;:&quot;https:\\\/\\\/konopljazdravi.si\\\/hr\\\/produkt\\\/cbd-ulje-10-alplant\\\/&quot;,&quot;item_list_name&quot;:&quot;General Product List&quot;,&quot;index&quot;:2,&quot;product_type&quot;:&quot;simple&quot;,&quot;item_brand&quot;:&quot;&quot;}\"><\/span>        <\/div>\n        <\/a><\/li>\n<li class=\"product type-product post-520514 status-publish last instock product_cat-cbd-ulje has-post-thumbnail shipping-taxable purchasable product-type-simple\">\n\t<a href=\"https:\/\/konopljazdravi.si\/hr\/produkt\/cbg-ulje-5-dr-gosar\/\" class=\"woocommerce-LoopProduct-link woocommerce-loop-product__link\"><img decoding=\"async\" width=\"324\" height=\"324\" src=\"https:\/\/konopljazdravi.si\/app\/uploads\/2024\/08\/CBG-kapljice-dr-borut-gosarja-v-rjavi-steklenicki-velikosti-20-ml-324x324.jpg\" class=\"attachment-woocommerce_thumbnail size-woocommerce_thumbnail\" alt=\"CBG kapljice dr borut gosarja v rjavi steklenicki velikosti 20 ml in s pisano nalepko ki predstavlja barve polnega spektra\" srcset=\"https:\/\/konopljazdravi.si\/app\/uploads\/2024\/08\/CBG-kapljice-dr-borut-gosarja-v-rjavi-steklenicki-velikosti-20-ml-324x324.jpg 324w, https:\/\/konopljazdravi.si\/app\/uploads\/2024\/08\/CBG-kapljice-dr-borut-gosarja-v-rjavi-steklenicki-velikosti-20-ml-300x300.jpg 300w, https:\/\/konopljazdravi.si\/app\/uploads\/2024\/08\/CBG-kapljice-dr-borut-gosarja-v-rjavi-steklenicki-velikosti-20-ml-150x150.jpg 150w, https:\/\/konopljazdravi.si\/app\/uploads\/2024\/08\/CBG-kapljice-dr-borut-gosarja-v-rjavi-steklenicki-velikosti-20-ml-416x416.jpg 416w, https:\/\/konopljazdravi.si\/app\/uploads\/2024\/08\/CBG-kapljice-dr-borut-gosarja-v-rjavi-steklenicki-velikosti-20-ml-100x100.jpg 100w, https:\/\/konopljazdravi.si\/app\/uploads\/2024\/08\/CBG-kapljice-dr-borut-gosarja-v-rjavi-steklenicki-velikosti-20-ml.jpg 600w\" sizes=\"(max-width: 324px) 100vw, 324px\" \/>                        <div class=\"product__content\">\n        <h2 class=\"woocommerce-loop-product__title\">CBG ulje: 5% CBG + 3% CBD Dr. Gosar [20 ml]<\/h2>        <span class=\"product__attribute\">20 ml, 1000mg CBG<\/span>\n        <div class=\"star-rating\" role=\"img\" aria-label=\"Ocjenjeno 5.00 od 5\">        <div class=\"kz-icon-rating\">\n            <span class='icon icon--small '><svg width=\"12\" height=\"12\" viewBox=\"0 0 12 12\" fill=\"none\" xmlns=\"http:\/\/www.w3.org\/2000\/svg\">\n<g id=\"star\">\n<path id=\"Path\" d=\"M8.78038 10.5C8.70042 10.5003 8.62155 10.4814 8.55038 10.445L6.00038 9.10998L3.45038 10.445C3.28145 10.5338 3.07668 10.5187 2.9226 10.4061C2.76851 10.2934 2.692 10.1029 2.72538 9.91498L3.22538 7.09998L1.16538 5.09998C1.03441 4.96928 0.986325 4.77694 1.04038 4.59998C1.0995 4.41869 1.25659 4.28681 1.44538 4.25998L4.29538 3.84498L5.55038 1.27998C5.63393 1.10748 5.80872 0.997925 6.00038 0.997925C6.19204 0.997925 6.36684 1.10748 6.45038 1.27998L7.72038 3.83998L10.5704 4.25498C10.7592 4.28181 10.9163 4.41369 10.9754 4.59498C11.0294 4.77194 10.9814 4.96428 10.8504 5.09498L8.79038 7.09498L9.29038 9.90998C9.32683 10.1014 9.24877 10.2965 9.09038 10.41C8.99984 10.4734 8.89082 10.5051 8.78038 10.5Z\" fill=\"#F7C623\"\/>\n<\/g>\n<\/svg>\n<\/span>            <span class=\"kz-icon-rating__rating\">\n                    5.0\/5.0                <\/span>\n            <span class=\"kz-icon-rating__dot\">\n                \u00b7\n            <\/span>\n                            <span class=\"kz-icon-rating__count-text\">\n                        15 ocjen                    <\/span>\n                    <\/div>\n        <\/div>                <div class=\"product__points\">\n            <ul><li>Puni spektar<\/li><li>Doma\u0107e<\/li><li>Analizirano<\/li><ul>        <\/div>\n            \n\t<span class=\"price\"><span class=\"woocommerce-Price-amount amount\"><bdi class=\"woocommerce-Price-bidi\">34,90<span class=\"woocommerce-Price-currencySymbol\">&euro;<\/span><\/bdi><\/span><\/span>\n<span class=\"gtm4wp_productdata\" style=\"display:none; visibility:hidden;\" data-gtm4wp_product_data=\"{&quot;internal_id&quot;:520514,&quot;item_id&quot;:520514,&quot;item_name&quot;:&quot;CBG ulje: 5% CBG + 3% CBD Dr. Gosar [20 ml]&quot;,&quot;sku&quot;:&quot;konop-gosar-cbg&quot;,&quot;price&quot;:34.89999999999999857891452847979962825775146484375,&quot;stocklevel&quot;:null,&quot;stockstatus&quot;:&quot;instock&quot;,&quot;google_business_vertical&quot;:&quot;retail&quot;,&quot;item_category&quot;:&quot;CBD ulje&quot;,&quot;id&quot;:520514,&quot;productlink&quot;:&quot;https:\\\/\\\/konopljazdravi.si\\\/hr\\\/produkt\\\/cbg-ulje-5-dr-gosar\\\/&quot;,&quot;item_list_name&quot;:&quot;General Product List&quot;,&quot;index&quot;:3,&quot;product_type&quot;:&quot;simple&quot;,&quot;item_brand&quot;:&quot;&quot;}\"><\/span>        <\/div>\n        <\/a><\/li>\n<li class=\"product type-product post-521763 status-publish first instock product_cat-cbd-ulje has-post-thumbnail shipping-taxable purchasable product-type-simple\">\n\t<a href=\"https:\/\/konopljazdravi.si\/hr\/produkt\/cbd-smola-20-dr-gosar\/\" class=\"woocommerce-LoopProduct-link woocommerce-loop-product__link\"><img decoding=\"async\" width=\"324\" height=\"324\" src=\"https:\/\/konopljazdravi.si\/app\/uploads\/2024\/08\/cbd-smola-20-dr-gosar-324x324.jpg\" class=\"attachment-woocommerce_thumbnail size-woocommerce_thumbnail\" alt=\"dozirka rjave barve in v njej cbd smola 20 doktor gosarja\" srcset=\"https:\/\/konopljazdravi.si\/app\/uploads\/2024\/08\/cbd-smola-20-dr-gosar-324x324.jpg 324w, https:\/\/konopljazdravi.si\/app\/uploads\/2024\/08\/cbd-smola-20-dr-gosar-300x300.jpg 300w, https:\/\/konopljazdravi.si\/app\/uploads\/2024\/08\/cbd-smola-20-dr-gosar-150x150.jpg 150w, https:\/\/konopljazdravi.si\/app\/uploads\/2024\/08\/cbd-smola-20-dr-gosar-416x416.jpg 416w, https:\/\/konopljazdravi.si\/app\/uploads\/2024\/08\/cbd-smola-20-dr-gosar-100x100.jpg 100w, https:\/\/konopljazdravi.si\/app\/uploads\/2024\/08\/cbd-smola-20-dr-gosar.jpg 500w\" sizes=\"(max-width: 324px) 100vw, 324px\" \/>                        <div class=\"product__content\">\n        <h2 class=\"woocommerce-loop-product__title\">CBD smola 20 % dr. Gosar &#8211; sa farme u Sloveniji<\/h2>        <span class=\"product__attribute\">5ml, 1000mg CBD<\/span>\n        <div class=\"star-rating\" role=\"img\" aria-label=\"Ocjenjeno 5.00 od 5\">        <div class=\"kz-icon-rating\">\n            <span class='icon icon--small '><svg width=\"12\" height=\"12\" viewBox=\"0 0 12 12\" fill=\"none\" xmlns=\"http:\/\/www.w3.org\/2000\/svg\">\n<g id=\"star\">\n<path id=\"Path\" d=\"M8.78038 10.5C8.70042 10.5003 8.62155 10.4814 8.55038 10.445L6.00038 9.10998L3.45038 10.445C3.28145 10.5338 3.07668 10.5187 2.9226 10.4061C2.76851 10.2934 2.692 10.1029 2.72538 9.91498L3.22538 7.09998L1.16538 5.09998C1.03441 4.96928 0.986325 4.77694 1.04038 4.59998C1.0995 4.41869 1.25659 4.28681 1.44538 4.25998L4.29538 3.84498L5.55038 1.27998C5.63393 1.10748 5.80872 0.997925 6.00038 0.997925C6.19204 0.997925 6.36684 1.10748 6.45038 1.27998L7.72038 3.83998L10.5704 4.25498C10.7592 4.28181 10.9163 4.41369 10.9754 4.59498C11.0294 4.77194 10.9814 4.96428 10.8504 5.09498L8.79038 7.09498L9.29038 9.90998C9.32683 10.1014 9.24877 10.2965 9.09038 10.41C8.99984 10.4734 8.89082 10.5051 8.78038 10.5Z\" fill=\"#F7C623\"\/>\n<\/g>\n<\/svg>\n<\/span>            <span class=\"kz-icon-rating__rating\">\n                    5.0\/5.0                <\/span>\n            <span class=\"kz-icon-rating__dot\">\n                \u00b7\n            <\/span>\n                            <span class=\"kz-icon-rating__count-text\">\n                        1 ocjena                    <\/span>\n                    <\/div>\n        <\/div>                <div class=\"product__points\">\n            <ul><li>Djelomi\u010dno puni spektar<\/li><li>Konzumiramo malo THC-a<\/li><li>Sna\u017ean okus<\/li><ul>        <\/div>\n            \n\t<span class=\"price\"><span class=\"woocommerce-Price-amount amount\"><bdi class=\"woocommerce-Price-bidi\">55,90<span class=\"woocommerce-Price-currencySymbol\">&euro;<\/span><\/bdi><\/span><\/span>\n<span class=\"gtm4wp_productdata\" style=\"display:none; visibility:hidden;\" data-gtm4wp_product_data=\"{&quot;internal_id&quot;:521763,&quot;item_id&quot;:521763,&quot;item_name&quot;:&quot;CBD smola 20 % dr. Gosar - sa farme u Sloveniji&quot;,&quot;sku&quot;:&quot;konop-smola-gosar20&quot;,&quot;price&quot;:55.89999999999999857891452847979962825775146484375,&quot;stocklevel&quot;:1,&quot;stockstatus&quot;:&quot;instock&quot;,&quot;google_business_vertical&quot;:&quot;retail&quot;,&quot;item_category&quot;:&quot;CBD ulje&quot;,&quot;id&quot;:521763,&quot;productlink&quot;:&quot;https:\\\/\\\/konopljazdravi.si\\\/hr\\\/produkt\\\/cbd-smola-20-dr-gosar\\\/&quot;,&quot;item_list_name&quot;:&quot;General Product List&quot;,&quot;index&quot;:4,&quot;product_type&quot;:&quot;simple&quot;,&quot;item_brand&quot;:&quot;&quot;}\"><\/span>        <\/div>\n        <\/a><\/li>\n            <\/ul>\n        <\/div>\n    <\/div>\n<\/div>\n\n\n    <\/div>\n<\/div>\n","protected":false},"excerpt":{"rendered":"","protected":false},"featured_media":521391,"comment_status":"open","ping_status":"closed","template":"","meta":{"inline_featured_image":false},"product_brand":[],"product_cat":[87],"product_tag":[],"class_list":{"0":"post-521604","1":"product","2":"type-product","3":"status-publish","4":"has-post-thumbnail","6":"product_cat-cbd-ulje","8":"","9":"instock","10":"shipping-taxable","11":"purchasable","12":"product-type-simple"},"acf":[],"_links":{"self":[{"href":"https:\/\/konopljazdravi.si\/hr\/wp-json\/wp\/v2\/product\/521604","targetHints":{"allow":["GET"]}}],"collection":[{"href":"https:\/\/konopljazdravi.si\/hr\/wp-json\/wp\/v2\/product"}],"about":[{"href":"https:\/\/konopljazdravi.si\/hr\/wp-json\/wp\/v2\/types\/product"}],"replies":[{"embeddable":true,"href":"https:\/\/konopljazdravi.si\/hr\/wp-json\/wp\/v2\/comments?post=521604"}],"wp:featuredmedia":[{"embeddable":true,"href":"https:\/\/konopljazdravi.si\/hr\/wp-json\/wp\/v2\/media\/521391"}],"wp:attachment":[{"href":"https:\/\/konopljazdravi.si\/hr\/wp-json\/wp\/v2\/media?parent=521604"}],"wp:term":[{"taxonomy":"product_brand","embeddable":true,"href":"https:\/\/konopljazdravi.si\/hr\/wp-json\/wp\/v2\/product_brand?post=521604"},{"taxonomy":"product_cat","embeddable":true,"href":"https:\/\/konopljazdravi.si\/hr\/wp-json\/wp\/v2\/product_cat?post=521604"},{"taxonomy":"product_tag","embeddable":true,"href":"https:\/\/konopljazdravi.si\/hr\/wp-json\/wp\/v2\/product_tag?post=521604"}],"curies":[{"name":"wp","href":"https:\/\/api.w.org\/{rel}","templated":true}]}}