{"id":521607,"date":"2024-08-26T15:29:02","date_gmt":"2024-08-26T13:29:02","guid":{"rendered":"https:\/\/konopljazdravi.si\/izdelek\/cbd-prsilo-brez-thc-harmony\/"},"modified":"2024-12-16T20:13:22","modified_gmt":"2024-12-16T19:13:22","slug":"cbd-sprej-bez-thc-harmony-citrus","status":"publish","type":"product","link":"https:\/\/konopljazdravi.si\/hr\/produkt\/cbd-sprej-bez-thc-harmony-citrus\/","title":{"rendered":"CBD sprej bez THC-a Harmony citrus, 500mg"},"content":{"rendered":"\n<div  class=\"container__wrapper mb-120\" >\n    <div class=\"container container--normal  \">\n        \n<div class=\"kz-icons\">\n                    <div  class=\"kz-icon\">\n            <div class=\"kz-icon__image\" style=\"background-color: #E5EED6\">\n                <img decoding=\"async\" width=\"150\" height=\"150\" src=\"https:\/\/konopljazdravi.si\/app\/uploads\/2024\/03\/icon-quality.svg\" class=\"attachment-thumbnail size-thumbnail\" alt=\"\" \/>            <\/div>\n            <span>Kvaliteta po pristupa\u010dnim cijenama<\/span>\n        <\/div>\n                    <div  class=\"kz-icon\">\n            <div class=\"kz-icon__image\" style=\"background-color: #E5EED6\">\n                <img decoding=\"async\" width=\"150\" height=\"150\" src=\"https:\/\/konopljazdravi.si\/app\/uploads\/2024\/03\/icon-quality.svg\" class=\"attachment-thumbnail size-thumbnail\" alt=\"\" \/>            <\/div>\n            <span>Analizirano u neovisnom laboratoriju<\/span>\n        <\/div>\n                    <div  class=\"kz-icon\">\n            <div class=\"kz-icon__image\" style=\"background-color: #E5EED6\">\n                <img decoding=\"async\" width=\"150\" height=\"150\" src=\"https:\/\/konopljazdravi.si\/app\/uploads\/2024\/03\/icon-quality.svg\" class=\"attachment-thumbnail size-thumbnail\" alt=\"\" \/>            <\/div>\n            <span>Pogodno za vegane<\/span>\n        <\/div>\n                    <div  class=\"kz-icon\">\n            <div class=\"kz-icon__image\" style=\"background-color: #E5EED6\">\n                <img decoding=\"async\" width=\"150\" height=\"150\" src=\"https:\/\/konopljazdravi.si\/app\/uploads\/2024\/03\/icon-quality.svg\" class=\"attachment-thumbnail size-thumbnail\" alt=\"\" \/>            <\/div>\n            <span>U bliskoj suradnji s poljoprivrednicima<\/span>\n        <\/div>\n    <\/div>\n\n\n    <\/div>\n<\/div>\n\n\n\n<div  class=\"container__wrapper\" >\n    <div class=\"container container--normal pb-64  \">\n        \n\n<div class=\"kz-text-image \">\n    <div class=\"kz-text-image__text\">\n        <h2><strong>Za svakodnevnu upotrebu<\/strong><\/h2>\n<p><strong>Pogotovo kada nas THC u drugim proizvodima ne smije ni u \u010demu ometati.<\/strong><\/p>\n<p>CBD sprej Harmony nam to omogu\u0107uje. Ovih je dana puno stresa i neki dani zahtijevaju pomo\u0107 izvana. Lak\u0161e je<strong> prona\u0107i ravnote\u017eu<\/strong>, smiriti se i fokusirati na posao. Za jo\u0161 ja\u010di u\u010dinak, tada mo\u017eemo izvesti svoju omiljenu tehniku \u200b\u200bbrzog opu\u0161tanja, ako je mogu\u0107e.<\/p>\n    <\/div>\n            <div class=\"kz-text-image__image\">\n            <img decoding=\"async\" width=\"600\" height=\"383\" src=\"https:\/\/konopljazdravi.si\/app\/uploads\/2024\/08\/dekle-uporablja-cbd-prsilo-in-meri-cas-po-razprsku.jpg\" class=\"attachment-large size-large\" alt=\"dekle uporablja cbd prsilo in meri cas po razprsku\" srcset=\"https:\/\/konopljazdravi.si\/app\/uploads\/2024\/08\/dekle-uporablja-cbd-prsilo-in-meri-cas-po-razprsku.jpg 600w, https:\/\/konopljazdravi.si\/app\/uploads\/2024\/08\/dekle-uporablja-cbd-prsilo-in-meri-cas-po-razprsku-300x192.jpg 300w, https:\/\/konopljazdravi.si\/app\/uploads\/2024\/08\/dekle-uporablja-cbd-prsilo-in-meri-cas-po-razprsku-416x266.jpg 416w\" sizes=\"(max-width: 600px) 100vw, 600px\" \/>        <\/div>\n    <\/div>\n\n\n    <\/div>\n<\/div>\n\n\n\n<div  class=\"container__wrapper\" style='background-color:#f1f4eb;'>\n    <div class=\"container container--normal pt-64 pb-64  \">\n        \n\n<div class=\"kz-text-image kz-text-image--switch\">\n    <div class=\"kz-text-image__text\">\n        <h2><strong>Budnost i energija<\/strong><\/h2>\n<p><strong>Konoplja u malim koli\u010dinama stimulira, u ve\u0107im smiruje.<\/strong><\/p>\n<p>Neki od vas mo\u017eda smatraju da nam ni\u017ee doze ovog CBD spreja mogu malo pove\u0107ati energiju. <strong>Dr.<\/strong> <strong>Dani Gordon<\/strong> u svojoj knjizi CBD biblija opisuje kako lak\u0161e zapo\u010deti dan s malom dozom CBD-a kada vam nedostaje volje i energije.<\/p>\n<p>Preporu\u010dujem kori\u0161tenje proizvoda <strong>do 17 sati<\/strong>, jer kasnije CBD mo\u017ee probuditi neke ljude. Za ve\u010dernju upotrebu preporu\u010dujem <a href=\"https:\/\/konopljazdravi.si\/hr\/proizvod\/cbg-ulje-5-dr-gosar\/\">CBG kapi ulja sa \u0161to vi\u0161e THC-a.<\/a><\/p>\n    <\/div>\n            <div class=\"kz-text-image__image\">\n            <img decoding=\"async\" width=\"600\" height=\"383\" src=\"https:\/\/konopljazdravi.si\/app\/uploads\/2024\/08\/vplivnica-podjetja-eharmony-ima-v-rokah-prsilo.jpg\" class=\"attachment-large size-large\" alt=\"vplivnica podjetja eharmony ima v rokah pr\u0161ilo\" srcset=\"https:\/\/konopljazdravi.si\/app\/uploads\/2024\/08\/vplivnica-podjetja-eharmony-ima-v-rokah-prsilo.jpg 600w, https:\/\/konopljazdravi.si\/app\/uploads\/2024\/08\/vplivnica-podjetja-eharmony-ima-v-rokah-prsilo-300x192.jpg 300w, https:\/\/konopljazdravi.si\/app\/uploads\/2024\/08\/vplivnica-podjetja-eharmony-ima-v-rokah-prsilo-416x266.jpg 416w\" sizes=\"(max-width: 600px) 100vw, 600px\" \/>        <\/div>\n    <\/div>\n\n\n    <\/div>\n<\/div>\n\n\n\n<div  class=\"container__wrapper\" >\n    <div class=\"container container--normal pt-64 pb-64  \">\n        \n\n<div class=\"kz-text-image \">\n    <div class=\"kz-text-image__text\">\n        <h2><strong>U Harmonyju su proveli vlastito istra\u017eivanje<\/strong><\/h2>\n<p><strong>Brojke koje su dobili su prili\u010dno velike, ako ih uzmemo s rezervom, bit \u0107e taman.<\/strong><\/p>\n<p>Studija je ohrabruju\u0107a. Testirano je na 107 dobrovoljaca kojima je davan CBD sprej 14 dana. \u010cak 85% ispitanika slo\u017eilo se da im je <strong>proizvod pomogao u ravnote\u017ei<\/strong>, smirenosti i koncentraciji. Osim toga, 80% njih tako\u0111er je primijetilo pobolj\u0161anje u kvaliteti sna (imali su mirniju ve\u010der). Kao rezultat toga, jutro je tako\u0111er bilo puno energije.<\/p>\n    <\/div>\n            <div class=\"kz-text-image__image\">\n            <img decoding=\"async\" width=\"600\" height=\"383\" src=\"https:\/\/konopljazdravi.si\/app\/uploads\/2024\/08\/eharmony-raziskava.jpg\" class=\"attachment-large size-large\" alt=\"\" srcset=\"https:\/\/konopljazdravi.si\/app\/uploads\/2024\/08\/eharmony-raziskava.jpg 600w, https:\/\/konopljazdravi.si\/app\/uploads\/2024\/08\/eharmony-raziskava-300x192.jpg 300w, https:\/\/konopljazdravi.si\/app\/uploads\/2024\/08\/eharmony-raziskava-416x266.jpg 416w\" sizes=\"(max-width: 600px) 100vw, 600px\" \/>        <\/div>\n    <\/div>\n\n\n    <\/div>\n<\/div>\n\n\n\n<div  class=\"container__wrapper mb-80\" style='background-color:#f1f4eb;'>\n    <div class=\"container container--normal pt-64 pb-64  \">\n        \n\n<div class=\"kz-text-image kz-text-image--text-only\">\n    <div class=\"kz-text-image__text\">\n        <h2><strong>QR kod za pregled analize kanabinoida<\/strong><\/h2>\n<p><strong>Ostali proizvo\u0111a\u010di prila\u017eu analizu na web stranicu.<\/strong><\/p>\n<p>U Harmonyju se kvaliteta proizvoda shva\u0107a vrlo ozbiljno. Vjerujem da imaju toliko prihoda da prvo testiraju sve sirovine. Neki kona\u010dni proizvodi se analiziraju na u\u010dinkovitost. Zatim na ambala\u017eu ispisuju QR kod koji nas telefonom povezuje s njihovim certifikatom analize. Tako mo\u017eemo provjeriti rezultate iz razdoblja kada je kupljeni proizvod napravljen. Ma\u0161tovito.<\/p>\n    <\/div>\n    <\/div>\n\n\n    <\/div>\n<\/div>\n\n\n\n<div  class=\"container__wrapper mb-120\" >\n    <div class=\"container container--small  \">\n        \n\n<div class=\"kz-commments\">\n    <\/div>\n\n\n    <\/div>\n<\/div>\n\n\n\n<div  class=\"container__wrapper\" >\n    <div class=\"container container--normal  \">\n        \n\n<div class=\"kz-products-block\">\n    <div class=\"kz-products-block__header\">\n        \n\n<h2 class=\"wp-block-heading\">Najprodavaniji<\/h2>\n\n\n            <\/div>\n    <div class=\"kz-products-block__wrapper\">\n        <div class=\"kz-products-block__wrapper-inner\">\n            <ul class=\"products products--4\">\n                <li class=\"product type-product post-520366 status-publish first instock product_cat-cbd-ulje has-post-thumbnail shipping-taxable purchasable product-type-simple\">\n\t<a href=\"https:\/\/konopljazdravi.si\/hr\/produkt\/cbd-ulje-5-dr-gosar-bio\/\" class=\"woocommerce-LoopProduct-link woocommerce-loop-product__link\"><img decoding=\"async\" width=\"324\" height=\"324\" src=\"https:\/\/konopljazdravi.si\/app\/uploads\/2024\/02\/7-odstotne-cbd-kapljice-dr-gosar-324x324.jpg\" class=\"attachment-woocommerce_thumbnail size-woocommerce_thumbnail\" alt=\"Bio CBD ulje 7 %, dr. Gosar [20 ml] \u2013 sa farme\" srcset=\"https:\/\/konopljazdravi.si\/app\/uploads\/2024\/02\/7-odstotne-cbd-kapljice-dr-gosar-324x324.jpg 324w, https:\/\/konopljazdravi.si\/app\/uploads\/2024\/02\/7-odstotne-cbd-kapljice-dr-gosar-300x300.jpg 300w, https:\/\/konopljazdravi.si\/app\/uploads\/2024\/02\/7-odstotne-cbd-kapljice-dr-gosar-150x150.jpg 150w, https:\/\/konopljazdravi.si\/app\/uploads\/2024\/02\/7-odstotne-cbd-kapljice-dr-gosar-768x768.jpg 768w, https:\/\/konopljazdravi.si\/app\/uploads\/2024\/02\/7-odstotne-cbd-kapljice-dr-gosar-416x416.jpg 416w, https:\/\/konopljazdravi.si\/app\/uploads\/2024\/02\/7-odstotne-cbd-kapljice-dr-gosar-100x100.jpg 100w, https:\/\/konopljazdravi.si\/app\/uploads\/2024\/02\/7-odstotne-cbd-kapljice-dr-gosar.jpg 1000w\" sizes=\"(max-width: 324px) 100vw, 324px\" \/>                        <div class=\"product__content\">\n        <h2 class=\"woocommerce-loop-product__title\">Bio CBD ulje 7 %, dr. Gosar [20 ml] \u2013 sa farme<\/h2>        <span class=\"product__attribute\">20ml, 1000mg CBD<\/span>\n        <div class=\"star-rating\" role=\"img\" aria-label=\"Ocjenjeno 4.85 od 5\">        <div class=\"kz-icon-rating\">\n            <span class='icon icon--small '><svg width=\"12\" height=\"12\" viewBox=\"0 0 12 12\" fill=\"none\" xmlns=\"http:\/\/www.w3.org\/2000\/svg\">\n<g id=\"star\">\n<path id=\"Path\" d=\"M8.78038 10.5C8.70042 10.5003 8.62155 10.4814 8.55038 10.445L6.00038 9.10998L3.45038 10.445C3.28145 10.5338 3.07668 10.5187 2.9226 10.4061C2.76851 10.2934 2.692 10.1029 2.72538 9.91498L3.22538 7.09998L1.16538 5.09998C1.03441 4.96928 0.986325 4.77694 1.04038 4.59998C1.0995 4.41869 1.25659 4.28681 1.44538 4.25998L4.29538 3.84498L5.55038 1.27998C5.63393 1.10748 5.80872 0.997925 6.00038 0.997925C6.19204 0.997925 6.36684 1.10748 6.45038 1.27998L7.72038 3.83998L10.5704 4.25498C10.7592 4.28181 10.9163 4.41369 10.9754 4.59498C11.0294 4.77194 10.9814 4.96428 10.8504 5.09498L8.79038 7.09498L9.29038 9.90998C9.32683 10.1014 9.24877 10.2965 9.09038 10.41C8.99984 10.4734 8.89082 10.5051 8.78038 10.5Z\" fill=\"#F7C623\"\/>\n<\/g>\n<\/svg>\n<\/span>            <span class=\"kz-icon-rating__rating\">\n                    4.9\/5.0                <\/span>\n            <span class=\"kz-icon-rating__dot\">\n                \u00b7\n            <\/span>\n                            <span class=\"kz-icon-rating__count-text\">\n                        52 ocjen                    <\/span>\n                    <\/div>\n        <\/div>                <div class=\"product__points\">\n            <ul><li>Puni spektar<\/li><li>Prirodno iz SLO<\/li><li>Maksimalni THC<\/li><ul>        <\/div>\n            \n\t<span class=\"price\"><span class=\"woocommerce-Price-amount amount\"><bdi class=\"woocommerce-Price-bidi\">29,90<span class=\"woocommerce-Price-currencySymbol\">&euro;<\/span><\/bdi><\/span><\/span>\n<span class=\"gtm4wp_productdata\" style=\"display:none; visibility:hidden;\" data-gtm4wp_product_data=\"{&quot;internal_id&quot;:520366,&quot;item_id&quot;:520366,&quot;item_name&quot;:&quot;Bio CBD ulje 7 %, dr. Gosar [20 ml] \\u2013 sa farme&quot;,&quot;sku&quot;:&quot;konop-cbdgosar5&quot;,&quot;price&quot;:29.89999999999999857891452847979962825775146484375,&quot;stocklevel&quot;:null,&quot;stockstatus&quot;:&quot;instock&quot;,&quot;google_business_vertical&quot;:&quot;retail&quot;,&quot;item_category&quot;:&quot;CBD ulje&quot;,&quot;id&quot;:520366,&quot;productlink&quot;:&quot;https:\\\/\\\/konopljazdravi.si\\\/hr\\\/produkt\\\/cbd-ulje-5-dr-gosar-bio\\\/&quot;,&quot;item_list_name&quot;:&quot;General Product List&quot;,&quot;index&quot;:1,&quot;product_type&quot;:&quot;simple&quot;,&quot;item_brand&quot;:&quot;&quot;}\"><\/span>        <\/div>\n        <\/a><\/li>\n<li class=\"product type-product post-520514 status-publish instock product_cat-cbd-ulje has-post-thumbnail shipping-taxable purchasable product-type-simple\">\n\t<a href=\"https:\/\/konopljazdravi.si\/hr\/produkt\/cbg-ulje-5-dr-gosar\/\" class=\"woocommerce-LoopProduct-link woocommerce-loop-product__link\"><img decoding=\"async\" width=\"324\" height=\"324\" src=\"https:\/\/konopljazdravi.si\/app\/uploads\/2024\/08\/CBG-kapljice-dr-borut-gosarja-v-rjavi-steklenicki-velikosti-20-ml-324x324.jpg\" class=\"attachment-woocommerce_thumbnail size-woocommerce_thumbnail\" alt=\"CBG kapljice dr borut gosarja v rjavi steklenicki velikosti 20 ml in s pisano nalepko ki predstavlja barve polnega spektra\" srcset=\"https:\/\/konopljazdravi.si\/app\/uploads\/2024\/08\/CBG-kapljice-dr-borut-gosarja-v-rjavi-steklenicki-velikosti-20-ml-324x324.jpg 324w, https:\/\/konopljazdravi.si\/app\/uploads\/2024\/08\/CBG-kapljice-dr-borut-gosarja-v-rjavi-steklenicki-velikosti-20-ml-300x300.jpg 300w, https:\/\/konopljazdravi.si\/app\/uploads\/2024\/08\/CBG-kapljice-dr-borut-gosarja-v-rjavi-steklenicki-velikosti-20-ml-150x150.jpg 150w, https:\/\/konopljazdravi.si\/app\/uploads\/2024\/08\/CBG-kapljice-dr-borut-gosarja-v-rjavi-steklenicki-velikosti-20-ml-416x416.jpg 416w, https:\/\/konopljazdravi.si\/app\/uploads\/2024\/08\/CBG-kapljice-dr-borut-gosarja-v-rjavi-steklenicki-velikosti-20-ml-100x100.jpg 100w, https:\/\/konopljazdravi.si\/app\/uploads\/2024\/08\/CBG-kapljice-dr-borut-gosarja-v-rjavi-steklenicki-velikosti-20-ml.jpg 600w\" sizes=\"(max-width: 324px) 100vw, 324px\" \/>                        <div class=\"product__content\">\n        <h2 class=\"woocommerce-loop-product__title\">CBG ulje: 5% CBG + 3% CBD Dr. Gosar [20 ml]<\/h2>        <span class=\"product__attribute\">20 ml, 1000mg CBG<\/span>\n        <div class=\"star-rating\" role=\"img\" aria-label=\"Ocjenjeno 5.00 od 5\">        <div class=\"kz-icon-rating\">\n            <span class='icon icon--small '><svg width=\"12\" height=\"12\" viewBox=\"0 0 12 12\" fill=\"none\" xmlns=\"http:\/\/www.w3.org\/2000\/svg\">\n<g id=\"star\">\n<path id=\"Path\" d=\"M8.78038 10.5C8.70042 10.5003 8.62155 10.4814 8.55038 10.445L6.00038 9.10998L3.45038 10.445C3.28145 10.5338 3.07668 10.5187 2.9226 10.4061C2.76851 10.2934 2.692 10.1029 2.72538 9.91498L3.22538 7.09998L1.16538 5.09998C1.03441 4.96928 0.986325 4.77694 1.04038 4.59998C1.0995 4.41869 1.25659 4.28681 1.44538 4.25998L4.29538 3.84498L5.55038 1.27998C5.63393 1.10748 5.80872 0.997925 6.00038 0.997925C6.19204 0.997925 6.36684 1.10748 6.45038 1.27998L7.72038 3.83998L10.5704 4.25498C10.7592 4.28181 10.9163 4.41369 10.9754 4.59498C11.0294 4.77194 10.9814 4.96428 10.8504 5.09498L8.79038 7.09498L9.29038 9.90998C9.32683 10.1014 9.24877 10.2965 9.09038 10.41C8.99984 10.4734 8.89082 10.5051 8.78038 10.5Z\" fill=\"#F7C623\"\/>\n<\/g>\n<\/svg>\n<\/span>            <span class=\"kz-icon-rating__rating\">\n                    5.0\/5.0                <\/span>\n            <span class=\"kz-icon-rating__dot\">\n                \u00b7\n            <\/span>\n                            <span class=\"kz-icon-rating__count-text\">\n                        15 ocjen                    <\/span>\n                    <\/div>\n        <\/div>                <div class=\"product__points\">\n            <ul><li>Puni spektar<\/li><li>Doma\u0107e<\/li><li>Analizirano<\/li><ul>        <\/div>\n            \n\t<span class=\"price\"><span class=\"woocommerce-Price-amount amount\"><bdi class=\"woocommerce-Price-bidi\">34,90<span class=\"woocommerce-Price-currencySymbol\">&euro;<\/span><\/bdi><\/span><\/span>\n<span class=\"gtm4wp_productdata\" style=\"display:none; visibility:hidden;\" data-gtm4wp_product_data=\"{&quot;internal_id&quot;:520514,&quot;item_id&quot;:520514,&quot;item_name&quot;:&quot;CBG ulje: 5% CBG + 3% CBD Dr. Gosar [20 ml]&quot;,&quot;sku&quot;:&quot;konop-gosar-cbg&quot;,&quot;price&quot;:34.89999999999999857891452847979962825775146484375,&quot;stocklevel&quot;:null,&quot;stockstatus&quot;:&quot;instock&quot;,&quot;google_business_vertical&quot;:&quot;retail&quot;,&quot;item_category&quot;:&quot;CBD ulje&quot;,&quot;id&quot;:520514,&quot;productlink&quot;:&quot;https:\\\/\\\/konopljazdravi.si\\\/hr\\\/produkt\\\/cbg-ulje-5-dr-gosar\\\/&quot;,&quot;item_list_name&quot;:&quot;General Product List&quot;,&quot;index&quot;:2,&quot;product_type&quot;:&quot;simple&quot;,&quot;item_brand&quot;:&quot;&quot;}\"><\/span>        <\/div>\n        <\/a><\/li>\n<li class=\"product type-product post-521604 status-publish last instock product_cat-cbd-ulje has-post-thumbnail shipping-taxable purchasable product-type-simple\">\n\t<a href=\"https:\/\/konopljazdravi.si\/hr\/produkt\/cbd-kapsule-enecta-premium\/\" class=\"woocommerce-LoopProduct-link woocommerce-loop-product__link\"><img decoding=\"async\" width=\"324\" height=\"324\" src=\"https:\/\/konopljazdravi.si\/app\/uploads\/2024\/08\/enecta-premium-CBD-kapsule-1000-mg-324x324.jpg\" class=\"attachment-woocommerce_thumbnail size-woocommerce_thumbnail\" alt=\"enecta premium cbd kapsula 1000 mg v \u0161katlici\" srcset=\"https:\/\/konopljazdravi.si\/app\/uploads\/2024\/08\/enecta-premium-CBD-kapsule-1000-mg-324x324.jpg 324w, https:\/\/konopljazdravi.si\/app\/uploads\/2024\/08\/enecta-premium-CBD-kapsule-1000-mg-300x300.jpg 300w, https:\/\/konopljazdravi.si\/app\/uploads\/2024\/08\/enecta-premium-CBD-kapsule-1000-mg-150x150.jpg 150w, https:\/\/konopljazdravi.si\/app\/uploads\/2024\/08\/enecta-premium-CBD-kapsule-1000-mg-768x768.jpg 768w, https:\/\/konopljazdravi.si\/app\/uploads\/2024\/08\/enecta-premium-CBD-kapsule-1000-mg-416x416.jpg 416w, https:\/\/konopljazdravi.si\/app\/uploads\/2024\/08\/enecta-premium-CBD-kapsule-1000-mg-100x100.jpg 100w, https:\/\/konopljazdravi.si\/app\/uploads\/2024\/08\/enecta-premium-CBD-kapsule-1000-mg.jpg 1000w\" sizes=\"(max-width: 324px) 100vw, 324px\" \/>                        <div class=\"product__content\">\n        <h2 class=\"woocommerce-loop-product__title\">CBD kapsule Enecta premium 1000mg<\/h2>        <span class=\"product__attribute\">30 kap. 33 mg svaka<\/span>\n        <div class=\"star-rating\" role=\"img\" aria-label=\"Ocjenjeno 5.00 od 5\">        <div class=\"kz-icon-rating\">\n            <span class='icon icon--small '><svg width=\"12\" height=\"12\" viewBox=\"0 0 12 12\" fill=\"none\" xmlns=\"http:\/\/www.w3.org\/2000\/svg\">\n<g id=\"star\">\n<path id=\"Path\" d=\"M8.78038 10.5C8.70042 10.5003 8.62155 10.4814 8.55038 10.445L6.00038 9.10998L3.45038 10.445C3.28145 10.5338 3.07668 10.5187 2.9226 10.4061C2.76851 10.2934 2.692 10.1029 2.72538 9.91498L3.22538 7.09998L1.16538 5.09998C1.03441 4.96928 0.986325 4.77694 1.04038 4.59998C1.0995 4.41869 1.25659 4.28681 1.44538 4.25998L4.29538 3.84498L5.55038 1.27998C5.63393 1.10748 5.80872 0.997925 6.00038 0.997925C6.19204 0.997925 6.36684 1.10748 6.45038 1.27998L7.72038 3.83998L10.5704 4.25498C10.7592 4.28181 10.9163 4.41369 10.9754 4.59498C11.0294 4.77194 10.9814 4.96428 10.8504 5.09498L8.79038 7.09498L9.29038 9.90998C9.32683 10.1014 9.24877 10.2965 9.09038 10.41C8.99984 10.4734 8.89082 10.5051 8.78038 10.5Z\" fill=\"#F7C623\"\/>\n<\/g>\n<\/svg>\n<\/span>            <span class=\"kz-icon-rating__rating\">\n                    5.0\/5.0                <\/span>\n            <span class=\"kz-icon-rating__dot\">\n                \u00b7\n            <\/span>\n                            <span class=\"kz-icon-rating__count-text\">\n                        1 ocjena                    <\/span>\n                    <\/div>\n        <\/div>                <div class=\"product__points\">\n            <ul><li>Puni spektar<\/li><li>Jak proizvod<\/li><li>Delikatan okus<\/li><ul>        <\/div>\n            \n\t<span class=\"price\"><span class=\"woocommerce-Price-amount amount\"><bdi class=\"woocommerce-Price-bidi\">29,90<span class=\"woocommerce-Price-currencySymbol\">&euro;<\/span><\/bdi><\/span><\/span>\n<span class=\"gtm4wp_productdata\" style=\"display:none; visibility:hidden;\" data-gtm4wp_product_data=\"{&quot;internal_id&quot;:521604,&quot;item_id&quot;:521604,&quot;item_name&quot;:&quot;CBD kapsule Enecta premium 1000mg&quot;,&quot;sku&quot;:&quot;konop-kapsule-enecta&quot;,&quot;price&quot;:29.89999999999999857891452847979962825775146484375,&quot;stocklevel&quot;:null,&quot;stockstatus&quot;:&quot;instock&quot;,&quot;google_business_vertical&quot;:&quot;retail&quot;,&quot;item_category&quot;:&quot;CBD ulje&quot;,&quot;id&quot;:521604,&quot;productlink&quot;:&quot;https:\\\/\\\/konopljazdravi.si\\\/hr\\\/produkt\\\/cbd-kapsule-enecta-premium\\\/&quot;,&quot;item_list_name&quot;:&quot;General Product List&quot;,&quot;index&quot;:3,&quot;product_type&quot;:&quot;simple&quot;,&quot;item_brand&quot;:&quot;&quot;}\"><\/span>        <\/div>\n        <\/a><\/li>\n<li class=\"product type-product post-521766 status-publish first instock product_cat-cbd-ulje has-post-thumbnail shipping-taxable purchasable product-type-simple\">\n\t<a href=\"https:\/\/konopljazdravi.si\/hr\/produkt\/cbd-ulje-10-alplant\/\" class=\"woocommerce-LoopProduct-link woocommerce-loop-product__link\"><img decoding=\"async\" width=\"324\" height=\"324\" src=\"https:\/\/konopljazdravi.si\/app\/uploads\/2024\/08\/cbd-kapljice-10-alplant-steklenicka-velikosti-10-ml-324x324.jpg\" class=\"attachment-woocommerce_thumbnail size-woocommerce_thumbnail\" alt=\"cbd kapljice 10 alplant velikosti 10 ml poleg pa embala\u017ea\" srcset=\"https:\/\/konopljazdravi.si\/app\/uploads\/2024\/08\/cbd-kapljice-10-alplant-steklenicka-velikosti-10-ml-324x324.jpg 324w, https:\/\/konopljazdravi.si\/app\/uploads\/2024\/08\/cbd-kapljice-10-alplant-steklenicka-velikosti-10-ml-300x300.jpg 300w, https:\/\/konopljazdravi.si\/app\/uploads\/2024\/08\/cbd-kapljice-10-alplant-steklenicka-velikosti-10-ml-150x150.jpg 150w, https:\/\/konopljazdravi.si\/app\/uploads\/2024\/08\/cbd-kapljice-10-alplant-steklenicka-velikosti-10-ml-768x768.jpg 768w, https:\/\/konopljazdravi.si\/app\/uploads\/2024\/08\/cbd-kapljice-10-alplant-steklenicka-velikosti-10-ml-416x416.jpg 416w, https:\/\/konopljazdravi.si\/app\/uploads\/2024\/08\/cbd-kapljice-10-alplant-steklenicka-velikosti-10-ml-100x100.jpg 100w, https:\/\/konopljazdravi.si\/app\/uploads\/2024\/08\/cbd-kapljice-10-alplant-steklenicka-velikosti-10-ml.jpg 800w\" sizes=\"(max-width: 324px) 100vw, 324px\" \/>                        <div class=\"product__content\">\n        <h2 class=\"woocommerce-loop-product__title\">Eko CBD ulje 10 % Alplant (1000 mg CBD) \u2013 10 ml<\/h2>        <span class=\"product__attribute\">10ml, 1000mg CBD<\/span>\n                        <div class=\"product__points\">\n            <ul><li>Puni spektar<\/li><li>Eko iz \u0160vicarske<\/li><li>MCT ulje<\/li><ul>        <\/div>\n            \n\t<span class=\"price\"><span class=\"woocommerce-Price-amount amount\"><bdi class=\"woocommerce-Price-bidi\">25,00<span class=\"woocommerce-Price-currencySymbol\">&euro;<\/span><\/bdi><\/span><\/span>\n<span class=\"gtm4wp_productdata\" style=\"display:none; visibility:hidden;\" data-gtm4wp_product_data=\"{&quot;internal_id&quot;:521766,&quot;item_id&quot;:521766,&quot;item_name&quot;:&quot;Eko CBD ulje 10 % Alplant (1000 mg CBD) \\u2013 10 ml&quot;,&quot;sku&quot;:&quot;konop-alplant-10&quot;,&quot;price&quot;:25,&quot;stocklevel&quot;:10,&quot;stockstatus&quot;:&quot;instock&quot;,&quot;google_business_vertical&quot;:&quot;retail&quot;,&quot;item_category&quot;:&quot;CBD ulje&quot;,&quot;id&quot;:521766,&quot;productlink&quot;:&quot;https:\\\/\\\/konopljazdravi.si\\\/hr\\\/produkt\\\/cbd-ulje-10-alplant\\\/&quot;,&quot;item_list_name&quot;:&quot;General Product List&quot;,&quot;index&quot;:4,&quot;product_type&quot;:&quot;simple&quot;,&quot;item_brand&quot;:&quot;&quot;}\"><\/span>        <\/div>\n        <\/a><\/li>\n            <\/ul>\n        <\/div>\n    <\/div>\n<\/div>\n\n\n    <\/div>\n<\/div>\n","protected":false},"excerpt":{"rendered":"","protected":false},"featured_media":521366,"comment_status":"open","ping_status":"closed","template":"","meta":{"inline_featured_image":false},"product_brand":[],"product_cat":[87],"product_tag":[],"class_list":{"0":"post-521607","1":"product","2":"type-product","3":"status-publish","4":"has-post-thumbnail","6":"product_cat-cbd-ulje","8":"","9":"outofstock","10":"shipping-taxable","11":"purchasable","12":"product-type-simple"},"acf":[],"_links":{"self":[{"href":"https:\/\/konopljazdravi.si\/hr\/wp-json\/wp\/v2\/product\/521607","targetHints":{"allow":["GET"]}}],"collection":[{"href":"https:\/\/konopljazdravi.si\/hr\/wp-json\/wp\/v2\/product"}],"about":[{"href":"https:\/\/konopljazdravi.si\/hr\/wp-json\/wp\/v2\/types\/product"}],"replies":[{"embeddable":true,"href":"https:\/\/konopljazdravi.si\/hr\/wp-json\/wp\/v2\/comments?post=521607"}],"wp:featuredmedia":[{"embeddable":true,"href":"https:\/\/konopljazdravi.si\/hr\/wp-json\/wp\/v2\/media\/521366"}],"wp:attachment":[{"href":"https:\/\/konopljazdravi.si\/hr\/wp-json\/wp\/v2\/media?parent=521607"}],"wp:term":[{"taxonomy":"product_brand","embeddable":true,"href":"https:\/\/konopljazdravi.si\/hr\/wp-json\/wp\/v2\/product_brand?post=521607"},{"taxonomy":"product_cat","embeddable":true,"href":"https:\/\/konopljazdravi.si\/hr\/wp-json\/wp\/v2\/product_cat?post=521607"},{"taxonomy":"product_tag","embeddable":true,"href":"https:\/\/konopljazdravi.si\/hr\/wp-json\/wp\/v2\/product_tag?post=521607"}],"curies":[{"name":"wp","href":"https:\/\/api.w.org\/{rel}","templated":true}]}}