{"id":521766,"date":"2024-08-26T13:27:00","date_gmt":"2024-08-26T11:27:00","guid":{"rendered":"https:\/\/konopljazdravi.si\/izdelek\/cbd-kapljice-10-alplant\/"},"modified":"2026-04-28T21:50:22","modified_gmt":"2026-04-28T19:50:22","slug":"cbd-ulje-10-alplant","status":"publish","type":"product","link":"https:\/\/konopljazdravi.si\/hr\/produkt\/cbd-ulje-10-alplant\/","title":{"rendered":"Eko CBD ulje 10 % Alplant (1000 mg CBD) \u2013 10 ml"},"content":{"rendered":"\n<div  class=\"container__wrapper mb-120\" >\n    <div class=\"container container--normal  \">\n        \n<div class=\"kz-icons\">\n                    <div  class=\"kz-icon\">\n            <div class=\"kz-icon__image\" style=\"background-color: #E5EED6\">\n                <img decoding=\"async\" width=\"150\" height=\"150\" src=\"https:\/\/konopljazdravi.si\/app\/uploads\/2024\/03\/icon-quality.svg\" class=\"attachment-thumbnail size-thumbnail\" alt=\"\" \/>            <\/div>\n            <span>Polja i staklenici oko Berna<\/span>\n        <\/div>\n                    <div  class=\"kz-icon\">\n            <div class=\"kz-icon__image\" style=\"background-color: #E5EED6\">\n                <img decoding=\"async\" width=\"150\" height=\"150\" src=\"https:\/\/konopljazdravi.si\/app\/uploads\/2024\/03\/icon-quality.svg\" class=\"attachment-thumbnail size-thumbnail\" alt=\"\" \/>            <\/div>\n            <span>Vode\u0107a udruga Ighanf<\/span>\n        <\/div>\n                    <div  class=\"kz-icon\">\n            <div class=\"kz-icon__image\" style=\"background-color: #E5EED6\">\n                <img decoding=\"async\" width=\"150\" height=\"150\" src=\"https:\/\/konopljazdravi.si\/app\/uploads\/2024\/03\/icon-quality.svg\" class=\"attachment-thumbnail size-thumbnail\" alt=\"\" \/>            <\/div>\n            <span>Veliki vlastiti laboratorij za analize<\/span>\n        <\/div>\n                    <div  class=\"kz-icon\">\n            <div class=\"kz-icon__image\" style=\"background-color: #E5EED6\">\n                <img decoding=\"async\" width=\"150\" height=\"150\" src=\"https:\/\/konopljazdravi.si\/app\/uploads\/2024\/03\/icon-quality.svg\" class=\"attachment-thumbnail size-thumbnail\" alt=\"\" \/>            <\/div>\n            <span>Transparetni pregled proizvodnje<\/span>\n        <\/div>\n    <\/div>\n\n\n    <\/div>\n<\/div>\n\n\n\n<div  class=\"container__wrapper\" >\n    <div class=\"container container--normal pb-64  \">\n        \n\n<div class=\"kz-text-image \">\n    <div class=\"kz-text-image__text\">\n        <h2><strong>Vlastito eko poljoprivredno zemlji\u0161te<\/strong><\/h2>\n<p><strong>U okolici \u0161vicarske prijestolnice Berna, tvrtka Alplant obra\u0111uje polja, staklenike i zatvorene prostore.<\/strong><\/p>\n<p>Budu\u0107i da potra\u017enja na\u0161ih potro\u0161a\u010da za CBD-om pada za 10 % s vremena na vrijeme, oni ostatak industrijske konoplje moraju nabaviti negdje drugdje. Dodatni ekstrakt iz industrijske konoplje Cannabis sativa dobiva se iz lokalne konoplje, koje u \u0160vicarskoj svakako ne nedostaje.<\/p>\n<p>Nakon toga slijedi testiranje kako bi se osigurala \u010disto\u0107a proizvedenog CBD ulja (pesticidi i te\u0161ki metali).<\/p>\n    <\/div>\n            <div class=\"kz-text-image__image\">\n            <img decoding=\"async\" width=\"600\" height=\"350\" src=\"https:\/\/konopljazdravi.si\/app\/uploads\/2024\/08\/dom-podjetja-alplant-slikano-iz-zraka.jpg\" class=\"attachment-large size-large\" alt=\"dom podjetja Alplant, slikano iz zraka, v ozadju so polja in gore\" srcset=\"https:\/\/konopljazdravi.si\/app\/uploads\/2024\/08\/dom-podjetja-alplant-slikano-iz-zraka.jpg 600w, https:\/\/konopljazdravi.si\/app\/uploads\/2024\/08\/dom-podjetja-alplant-slikano-iz-zraka-300x175.jpg 300w, https:\/\/konopljazdravi.si\/app\/uploads\/2024\/08\/dom-podjetja-alplant-slikano-iz-zraka-416x243.jpg 416w\" sizes=\"(max-width: 600px) 100vw, 600px\" \/>        <\/div>\n    <\/div>\n\n\n    <\/div>\n<\/div>\n\n\n\n<div  class=\"container__wrapper\" style='background-color:#f1f4eb;'>\n    <div class=\"container container--normal pt-64 pb-64  \">\n        \n\n<div class=\"kz-text-image kz-text-image--switch\">\n    <div class=\"kz-text-image__text\">\n        <h2><strong>Ekstrakcija superkriti\u010dnog CO2<\/strong><\/h2>\n<p><strong>Kvalitetna i odr\u017eiva metoda proizvodnje te iznimno \u010disti CBD ekstrakt iz konoplje.<\/strong><\/p>\n<p>Ne ostavlja gotovo nikakve ostatke otapala, osiguravaju\u0107i da je ekstrakt konoplje \u010dist i siguran za konzumaciju.<\/p>\n<p>CO2 se mo\u017ee reciklirati iz drugih industrija, tako da je to prili\u010dno odr\u017eiv izbor za izradu CBD ulja 10 %.<\/p>\n    <\/div>\n            <div class=\"kz-text-image__image\">\n            <img decoding=\"async\" width=\"600\" height=\"350\" src=\"https:\/\/konopljazdravi.si\/app\/uploads\/2024\/08\/konoplja-v-ravni-vrsti-posajena-na-polju-v-svici.jpg\" class=\"attachment-large size-large\" alt=\"Konoplja posajena v ravni vrsti na polju v \u0160vici - slikano iz pti\u010dje perspektive\" srcset=\"https:\/\/konopljazdravi.si\/app\/uploads\/2024\/08\/konoplja-v-ravni-vrsti-posajena-na-polju-v-svici.jpg 600w, https:\/\/konopljazdravi.si\/app\/uploads\/2024\/08\/konoplja-v-ravni-vrsti-posajena-na-polju-v-svici-300x175.jpg 300w, https:\/\/konopljazdravi.si\/app\/uploads\/2024\/08\/konoplja-v-ravni-vrsti-posajena-na-polju-v-svici-416x243.jpg 416w\" sizes=\"(max-width: 600px) 100vw, 600px\" \/>        <\/div>\n    <\/div>\n\n\n    <\/div>\n<\/div>\n\n\n\n<div  class=\"container__wrapper mb-80\" >\n    <div class=\"container container--normal pt-64 pb-64  \">\n        \n\n<div class=\"kz-text-image kz-text-image--text-only\">\n    <div class=\"kz-text-image__text\">\n        <h2><strong>\u0160to ovih 10% CBD ulja poma\u017ee u ravnote\u017ei?<\/strong><\/h2>\n<p><strong>Ljudi imaju endokanabinoidni sustav koji prima signale od spojeva konoplje. <\/strong><\/p>\n<p>CBD mo\u017ee pridonijeti ubla\u017eavanju boli, ali samo ako je uzrok upala. Puni spektar tako\u0111er malo poma\u017ee u tome. CBD ulje tako\u0111er popravlja raspolo\u017eenje i poma\u017eu u sveukupnoj ravnote\u017ei, \u0161to im daje zna\u010dajan potencijal za upotrebu i u drugim podru\u010djima.<\/p>\n    <\/div>\n    <\/div>\n\n\n    <\/div>\n<\/div>\n\n\n\n<div  class=\"container__wrapper mb-120\" >\n    <div class=\"container container--small  \">\n        \n\n<div class=\"kz-commments\">\n    <\/div>\n\n\n    <\/div>\n<\/div>\n\n\n\n<div  class=\"container__wrapper\" >\n    <div class=\"container container--normal  \">\n        \n\n<div class=\"kz-products-block\">\n    <div class=\"kz-products-block__header\">\n        \n\n<h2 class=\"wp-block-heading\">Najbolje prodajani<\/h2>\n\n\n            <\/div>\n    <div class=\"kz-products-block__wrapper\">\n        <div class=\"kz-products-block__wrapper-inner\">\n            <ul class=\"products products--4\">\n                <li class=\"product type-product post-520366 status-publish first instock product_cat-cbd-ulje has-post-thumbnail shipping-taxable purchasable product-type-simple\">\n\t<a href=\"https:\/\/konopljazdravi.si\/hr\/produkt\/cbd-ulje-5-dr-gosar-bio\/\" class=\"woocommerce-LoopProduct-link woocommerce-loop-product__link\"><img decoding=\"async\" width=\"324\" height=\"324\" src=\"https:\/\/konopljazdravi.si\/app\/uploads\/2024\/02\/7-odstotne-cbd-kapljice-dr-gosar-324x324.jpg\" class=\"attachment-woocommerce_thumbnail size-woocommerce_thumbnail\" alt=\"Bio CBD ulje 7 %, dr. Gosar [20 ml] \u2013 sa farme\" srcset=\"https:\/\/konopljazdravi.si\/app\/uploads\/2024\/02\/7-odstotne-cbd-kapljice-dr-gosar-324x324.jpg 324w, https:\/\/konopljazdravi.si\/app\/uploads\/2024\/02\/7-odstotne-cbd-kapljice-dr-gosar-300x300.jpg 300w, https:\/\/konopljazdravi.si\/app\/uploads\/2024\/02\/7-odstotne-cbd-kapljice-dr-gosar-150x150.jpg 150w, https:\/\/konopljazdravi.si\/app\/uploads\/2024\/02\/7-odstotne-cbd-kapljice-dr-gosar-768x768.jpg 768w, https:\/\/konopljazdravi.si\/app\/uploads\/2024\/02\/7-odstotne-cbd-kapljice-dr-gosar-416x416.jpg 416w, https:\/\/konopljazdravi.si\/app\/uploads\/2024\/02\/7-odstotne-cbd-kapljice-dr-gosar-100x100.jpg 100w, https:\/\/konopljazdravi.si\/app\/uploads\/2024\/02\/7-odstotne-cbd-kapljice-dr-gosar.jpg 1000w\" sizes=\"(max-width: 324px) 100vw, 324px\" \/>                        <div class=\"product__content\">\n        <h2 class=\"woocommerce-loop-product__title\">Bio CBD ulje 7 %, dr. Gosar [20 ml] \u2013 sa farme<\/h2>        <span class=\"product__attribute\">20ml, 1000mg CBD<\/span>\n        <div class=\"star-rating\" role=\"img\" aria-label=\"Ocjenjeno 4.85 od 5\">        <div class=\"kz-icon-rating\">\n            <span class='icon icon--small '><svg width=\"12\" height=\"12\" viewBox=\"0 0 12 12\" fill=\"none\" xmlns=\"http:\/\/www.w3.org\/2000\/svg\">\n<g id=\"star\">\n<path id=\"Path\" d=\"M8.78038 10.5C8.70042 10.5003 8.62155 10.4814 8.55038 10.445L6.00038 9.10998L3.45038 10.445C3.28145 10.5338 3.07668 10.5187 2.9226 10.4061C2.76851 10.2934 2.692 10.1029 2.72538 9.91498L3.22538 7.09998L1.16538 5.09998C1.03441 4.96928 0.986325 4.77694 1.04038 4.59998C1.0995 4.41869 1.25659 4.28681 1.44538 4.25998L4.29538 3.84498L5.55038 1.27998C5.63393 1.10748 5.80872 0.997925 6.00038 0.997925C6.19204 0.997925 6.36684 1.10748 6.45038 1.27998L7.72038 3.83998L10.5704 4.25498C10.7592 4.28181 10.9163 4.41369 10.9754 4.59498C11.0294 4.77194 10.9814 4.96428 10.8504 5.09498L8.79038 7.09498L9.29038 9.90998C9.32683 10.1014 9.24877 10.2965 9.09038 10.41C8.99984 10.4734 8.89082 10.5051 8.78038 10.5Z\" fill=\"#F7C623\"\/>\n<\/g>\n<\/svg>\n<\/span>            <span class=\"kz-icon-rating__rating\">\n                    4.9\/5.0                <\/span>\n            <span class=\"kz-icon-rating__dot\">\n                \u00b7\n            <\/span>\n                            <span class=\"kz-icon-rating__count-text\">\n                        52 ocjen                    <\/span>\n                    <\/div>\n        <\/div>                <div class=\"product__points\">\n            <ul><li>Puni spektar<\/li><li>Prirodno iz SLO<\/li><li>Maksimalni THC<\/li><ul>        <\/div>\n            \n\t<span class=\"price\"><span class=\"woocommerce-Price-amount amount\"><bdi class=\"woocommerce-Price-bidi\">29,90<span class=\"woocommerce-Price-currencySymbol\">&euro;<\/span><\/bdi><\/span><\/span>\n<span class=\"gtm4wp_productdata\" style=\"display:none; visibility:hidden;\" data-gtm4wp_product_data=\"{&quot;internal_id&quot;:520366,&quot;item_id&quot;:520366,&quot;item_name&quot;:&quot;Bio CBD ulje 7 %, dr. Gosar [20 ml] \\u2013 sa farme&quot;,&quot;sku&quot;:&quot;konop-cbdgosar5&quot;,&quot;price&quot;:29.89999999999999857891452847979962825775146484375,&quot;stocklevel&quot;:null,&quot;stockstatus&quot;:&quot;instock&quot;,&quot;google_business_vertical&quot;:&quot;retail&quot;,&quot;item_category&quot;:&quot;CBD ulje&quot;,&quot;id&quot;:520366,&quot;productlink&quot;:&quot;https:\\\/\\\/konopljazdravi.si\\\/hr\\\/produkt\\\/cbd-ulje-5-dr-gosar-bio\\\/&quot;,&quot;item_list_name&quot;:&quot;General Product List&quot;,&quot;index&quot;:1,&quot;product_type&quot;:&quot;simple&quot;,&quot;item_brand&quot;:&quot;&quot;}\"><\/span>        <\/div>\n        <\/a><\/li>\n<li class=\"product type-product post-521604 status-publish instock product_cat-cbd-ulje has-post-thumbnail shipping-taxable purchasable product-type-simple\">\n\t<a href=\"https:\/\/konopljazdravi.si\/hr\/produkt\/cbd-kapsule-enecta-premium\/\" class=\"woocommerce-LoopProduct-link woocommerce-loop-product__link\"><img decoding=\"async\" width=\"324\" height=\"324\" src=\"https:\/\/konopljazdravi.si\/app\/uploads\/2024\/08\/enecta-premium-CBD-kapsule-1000-mg-324x324.jpg\" class=\"attachment-woocommerce_thumbnail size-woocommerce_thumbnail\" alt=\"enecta premium cbd kapsula 1000 mg v \u0161katlici\" srcset=\"https:\/\/konopljazdravi.si\/app\/uploads\/2024\/08\/enecta-premium-CBD-kapsule-1000-mg-324x324.jpg 324w, https:\/\/konopljazdravi.si\/app\/uploads\/2024\/08\/enecta-premium-CBD-kapsule-1000-mg-300x300.jpg 300w, https:\/\/konopljazdravi.si\/app\/uploads\/2024\/08\/enecta-premium-CBD-kapsule-1000-mg-150x150.jpg 150w, https:\/\/konopljazdravi.si\/app\/uploads\/2024\/08\/enecta-premium-CBD-kapsule-1000-mg-768x768.jpg 768w, https:\/\/konopljazdravi.si\/app\/uploads\/2024\/08\/enecta-premium-CBD-kapsule-1000-mg-416x416.jpg 416w, https:\/\/konopljazdravi.si\/app\/uploads\/2024\/08\/enecta-premium-CBD-kapsule-1000-mg-100x100.jpg 100w, https:\/\/konopljazdravi.si\/app\/uploads\/2024\/08\/enecta-premium-CBD-kapsule-1000-mg.jpg 1000w\" sizes=\"(max-width: 324px) 100vw, 324px\" \/>                        <div class=\"product__content\">\n        <h2 class=\"woocommerce-loop-product__title\">CBD kapsule Enecta premium 1000mg<\/h2>        <span class=\"product__attribute\">30 kap. 33 mg svaka<\/span>\n        <div class=\"star-rating\" role=\"img\" aria-label=\"Ocjenjeno 5.00 od 5\">        <div class=\"kz-icon-rating\">\n            <span class='icon icon--small '><svg width=\"12\" height=\"12\" viewBox=\"0 0 12 12\" fill=\"none\" xmlns=\"http:\/\/www.w3.org\/2000\/svg\">\n<g id=\"star\">\n<path id=\"Path\" d=\"M8.78038 10.5C8.70042 10.5003 8.62155 10.4814 8.55038 10.445L6.00038 9.10998L3.45038 10.445C3.28145 10.5338 3.07668 10.5187 2.9226 10.4061C2.76851 10.2934 2.692 10.1029 2.72538 9.91498L3.22538 7.09998L1.16538 5.09998C1.03441 4.96928 0.986325 4.77694 1.04038 4.59998C1.0995 4.41869 1.25659 4.28681 1.44538 4.25998L4.29538 3.84498L5.55038 1.27998C5.63393 1.10748 5.80872 0.997925 6.00038 0.997925C6.19204 0.997925 6.36684 1.10748 6.45038 1.27998L7.72038 3.83998L10.5704 4.25498C10.7592 4.28181 10.9163 4.41369 10.9754 4.59498C11.0294 4.77194 10.9814 4.96428 10.8504 5.09498L8.79038 7.09498L9.29038 9.90998C9.32683 10.1014 9.24877 10.2965 9.09038 10.41C8.99984 10.4734 8.89082 10.5051 8.78038 10.5Z\" fill=\"#F7C623\"\/>\n<\/g>\n<\/svg>\n<\/span>            <span class=\"kz-icon-rating__rating\">\n                    5.0\/5.0                <\/span>\n            <span class=\"kz-icon-rating__dot\">\n                \u00b7\n            <\/span>\n                            <span class=\"kz-icon-rating__count-text\">\n                        1 ocjena                    <\/span>\n                    <\/div>\n        <\/div>                <div class=\"product__points\">\n            <ul><li>Puni spektar<\/li><li>Jak proizvod<\/li><li>Delikatan okus<\/li><ul>        <\/div>\n            \n\t<span class=\"price\"><span class=\"woocommerce-Price-amount amount\"><bdi class=\"woocommerce-Price-bidi\">29,90<span class=\"woocommerce-Price-currencySymbol\">&euro;<\/span><\/bdi><\/span><\/span>\n<span class=\"gtm4wp_productdata\" style=\"display:none; visibility:hidden;\" data-gtm4wp_product_data=\"{&quot;internal_id&quot;:521604,&quot;item_id&quot;:521604,&quot;item_name&quot;:&quot;CBD kapsule Enecta premium 1000mg&quot;,&quot;sku&quot;:&quot;konop-kapsule-enecta&quot;,&quot;price&quot;:29.89999999999999857891452847979962825775146484375,&quot;stocklevel&quot;:null,&quot;stockstatus&quot;:&quot;instock&quot;,&quot;google_business_vertical&quot;:&quot;retail&quot;,&quot;item_category&quot;:&quot;CBD ulje&quot;,&quot;id&quot;:521604,&quot;productlink&quot;:&quot;https:\\\/\\\/konopljazdravi.si\\\/hr\\\/produkt\\\/cbd-kapsule-enecta-premium\\\/&quot;,&quot;item_list_name&quot;:&quot;General Product List&quot;,&quot;index&quot;:2,&quot;product_type&quot;:&quot;simple&quot;,&quot;item_brand&quot;:&quot;&quot;}\"><\/span>        <\/div>\n        <\/a><\/li>\n<li class=\"product type-product post-520514 status-publish last instock product_cat-cbd-ulje has-post-thumbnail shipping-taxable purchasable product-type-simple\">\n\t<a href=\"https:\/\/konopljazdravi.si\/hr\/produkt\/cbg-ulje-5-dr-gosar\/\" class=\"woocommerce-LoopProduct-link woocommerce-loop-product__link\"><img decoding=\"async\" width=\"324\" height=\"324\" src=\"https:\/\/konopljazdravi.si\/app\/uploads\/2024\/08\/CBG-kapljice-dr-borut-gosarja-v-rjavi-steklenicki-velikosti-20-ml-324x324.jpg\" class=\"attachment-woocommerce_thumbnail size-woocommerce_thumbnail\" alt=\"CBG kapljice dr borut gosarja v rjavi steklenicki velikosti 20 ml in s pisano nalepko ki predstavlja barve polnega spektra\" srcset=\"https:\/\/konopljazdravi.si\/app\/uploads\/2024\/08\/CBG-kapljice-dr-borut-gosarja-v-rjavi-steklenicki-velikosti-20-ml-324x324.jpg 324w, https:\/\/konopljazdravi.si\/app\/uploads\/2024\/08\/CBG-kapljice-dr-borut-gosarja-v-rjavi-steklenicki-velikosti-20-ml-300x300.jpg 300w, https:\/\/konopljazdravi.si\/app\/uploads\/2024\/08\/CBG-kapljice-dr-borut-gosarja-v-rjavi-steklenicki-velikosti-20-ml-150x150.jpg 150w, https:\/\/konopljazdravi.si\/app\/uploads\/2024\/08\/CBG-kapljice-dr-borut-gosarja-v-rjavi-steklenicki-velikosti-20-ml-416x416.jpg 416w, https:\/\/konopljazdravi.si\/app\/uploads\/2024\/08\/CBG-kapljice-dr-borut-gosarja-v-rjavi-steklenicki-velikosti-20-ml-100x100.jpg 100w, https:\/\/konopljazdravi.si\/app\/uploads\/2024\/08\/CBG-kapljice-dr-borut-gosarja-v-rjavi-steklenicki-velikosti-20-ml.jpg 600w\" sizes=\"(max-width: 324px) 100vw, 324px\" \/>                        <div class=\"product__content\">\n        <h2 class=\"woocommerce-loop-product__title\">CBG ulje: 5% CBG + 3% CBD Dr. Gosar [20 ml]<\/h2>        <span class=\"product__attribute\">20 ml, 1000mg CBG<\/span>\n        <div class=\"star-rating\" role=\"img\" aria-label=\"Ocjenjeno 5.00 od 5\">        <div class=\"kz-icon-rating\">\n            <span class='icon icon--small '><svg width=\"12\" height=\"12\" viewBox=\"0 0 12 12\" fill=\"none\" xmlns=\"http:\/\/www.w3.org\/2000\/svg\">\n<g id=\"star\">\n<path id=\"Path\" d=\"M8.78038 10.5C8.70042 10.5003 8.62155 10.4814 8.55038 10.445L6.00038 9.10998L3.45038 10.445C3.28145 10.5338 3.07668 10.5187 2.9226 10.4061C2.76851 10.2934 2.692 10.1029 2.72538 9.91498L3.22538 7.09998L1.16538 5.09998C1.03441 4.96928 0.986325 4.77694 1.04038 4.59998C1.0995 4.41869 1.25659 4.28681 1.44538 4.25998L4.29538 3.84498L5.55038 1.27998C5.63393 1.10748 5.80872 0.997925 6.00038 0.997925C6.19204 0.997925 6.36684 1.10748 6.45038 1.27998L7.72038 3.83998L10.5704 4.25498C10.7592 4.28181 10.9163 4.41369 10.9754 4.59498C11.0294 4.77194 10.9814 4.96428 10.8504 5.09498L8.79038 7.09498L9.29038 9.90998C9.32683 10.1014 9.24877 10.2965 9.09038 10.41C8.99984 10.4734 8.89082 10.5051 8.78038 10.5Z\" fill=\"#F7C623\"\/>\n<\/g>\n<\/svg>\n<\/span>            <span class=\"kz-icon-rating__rating\">\n                    5.0\/5.0                <\/span>\n            <span class=\"kz-icon-rating__dot\">\n                \u00b7\n            <\/span>\n                            <span class=\"kz-icon-rating__count-text\">\n                        15 ocjen                    <\/span>\n                    <\/div>\n        <\/div>                <div class=\"product__points\">\n            <ul><li>Puni spektar<\/li><li>Doma\u0107e<\/li><li>Analizirano<\/li><ul>        <\/div>\n            \n\t<span class=\"price\"><span class=\"woocommerce-Price-amount amount\"><bdi class=\"woocommerce-Price-bidi\">34,90<span class=\"woocommerce-Price-currencySymbol\">&euro;<\/span><\/bdi><\/span><\/span>\n<span class=\"gtm4wp_productdata\" style=\"display:none; visibility:hidden;\" data-gtm4wp_product_data=\"{&quot;internal_id&quot;:520514,&quot;item_id&quot;:520514,&quot;item_name&quot;:&quot;CBG ulje: 5% CBG + 3% CBD Dr. Gosar [20 ml]&quot;,&quot;sku&quot;:&quot;konop-gosar-cbg&quot;,&quot;price&quot;:34.89999999999999857891452847979962825775146484375,&quot;stocklevel&quot;:null,&quot;stockstatus&quot;:&quot;instock&quot;,&quot;google_business_vertical&quot;:&quot;retail&quot;,&quot;item_category&quot;:&quot;CBD ulje&quot;,&quot;id&quot;:520514,&quot;productlink&quot;:&quot;https:\\\/\\\/konopljazdravi.si\\\/hr\\\/produkt\\\/cbg-ulje-5-dr-gosar\\\/&quot;,&quot;item_list_name&quot;:&quot;General Product List&quot;,&quot;index&quot;:3,&quot;product_type&quot;:&quot;simple&quot;,&quot;item_brand&quot;:&quot;&quot;}\"><\/span>        <\/div>\n        <\/a><\/li>\n<li class=\"product type-product post-521607 status-publish first outofstock product_cat-cbd-ulje has-post-thumbnail shipping-taxable purchasable product-type-simple\">\n\t<a href=\"https:\/\/konopljazdravi.si\/hr\/produkt\/cbd-sprej-bez-thc-harmony-citrus\/\" class=\"woocommerce-LoopProduct-link woocommerce-loop-product__link\"><img decoding=\"async\" width=\"324\" height=\"324\" src=\"https:\/\/konopljazdravi.si\/app\/uploads\/2024\/08\/cbd-prsilo-harmony-500-mg-324x324.jpg\" class=\"attachment-woocommerce_thumbnail size-woocommerce_thumbnail\" alt=\"cbd pr\u0161ilo harmony 500 citrus\" srcset=\"https:\/\/konopljazdravi.si\/app\/uploads\/2024\/08\/cbd-prsilo-harmony-500-mg-324x324.jpg 324w, https:\/\/konopljazdravi.si\/app\/uploads\/2024\/08\/cbd-prsilo-harmony-500-mg-300x300.jpg 300w, https:\/\/konopljazdravi.si\/app\/uploads\/2024\/08\/cbd-prsilo-harmony-500-mg-150x150.jpg 150w, https:\/\/konopljazdravi.si\/app\/uploads\/2024\/08\/cbd-prsilo-harmony-500-mg-768x768.jpg 768w, https:\/\/konopljazdravi.si\/app\/uploads\/2024\/08\/cbd-prsilo-harmony-500-mg-416x416.jpg 416w, https:\/\/konopljazdravi.si\/app\/uploads\/2024\/08\/cbd-prsilo-harmony-500-mg-100x100.jpg 100w, https:\/\/konopljazdravi.si\/app\/uploads\/2024\/08\/cbd-prsilo-harmony-500-mg.jpg 1000w\" sizes=\"(max-width: 324px) 100vw, 324px\" \/>                        <div class=\"product__content\">\n        <h2 class=\"woocommerce-loop-product__title\">CBD sprej bez THC-a Harmony citrus, 500mg<\/h2>        <span class=\"product__attribute\">15ml, 150 prskanja<\/span>\n                        <div class=\"product__points\">\n            <ul><li>Brez THC<\/li><li>Za dnevne uporabo<\/li><li>Okus limone<\/li><ul>        <\/div>\n            \n\t<span class=\"price\"><span class=\"woocommerce-Price-amount amount\"><bdi class=\"woocommerce-Price-bidi\">23,90<span class=\"woocommerce-Price-currencySymbol\">&euro;<\/span><\/bdi><\/span><\/span>\n<span class=\"gtm4wp_productdata\" style=\"display:none; visibility:hidden;\" data-gtm4wp_product_data=\"{&quot;internal_id&quot;:521607,&quot;item_id&quot;:521607,&quot;item_name&quot;:&quot;CBD sprej bez THC-a Harmony citrus, 500mg&quot;,&quot;sku&quot;:&quot;konop-prsilo-harmony&quot;,&quot;price&quot;:23.89999999999999857891452847979962825775146484375,&quot;stocklevel&quot;:0,&quot;stockstatus&quot;:&quot;outofstock&quot;,&quot;google_business_vertical&quot;:&quot;retail&quot;,&quot;item_category&quot;:&quot;CBD ulje&quot;,&quot;id&quot;:521607,&quot;productlink&quot;:&quot;https:\\\/\\\/konopljazdravi.si\\\/hr\\\/produkt\\\/cbd-sprej-bez-thc-harmony-citrus\\\/&quot;,&quot;item_list_name&quot;:&quot;General Product List&quot;,&quot;index&quot;:4,&quot;product_type&quot;:&quot;simple&quot;,&quot;item_brand&quot;:&quot;&quot;}\"><\/span>        <\/div>\n        <\/a><\/li>\n            <\/ul>\n        <\/div>\n    <\/div>\n<\/div>\n\n\n    <\/div>\n<\/div>\n","protected":false},"excerpt":{"rendered":"","protected":false},"featured_media":521436,"comment_status":"open","ping_status":"closed","template":"","meta":{"inline_featured_image":false},"product_brand":[],"product_cat":[87],"product_tag":[],"class_list":{"0":"post-521766","1":"product","2":"type-product","3":"status-publish","4":"has-post-thumbnail","6":"product_cat-cbd-ulje","8":"","9":"instock","10":"shipping-taxable","11":"purchasable","12":"product-type-simple"},"acf":[],"_links":{"self":[{"href":"https:\/\/konopljazdravi.si\/hr\/wp-json\/wp\/v2\/product\/521766","targetHints":{"allow":["GET"]}}],"collection":[{"href":"https:\/\/konopljazdravi.si\/hr\/wp-json\/wp\/v2\/product"}],"about":[{"href":"https:\/\/konopljazdravi.si\/hr\/wp-json\/wp\/v2\/types\/product"}],"replies":[{"embeddable":true,"href":"https:\/\/konopljazdravi.si\/hr\/wp-json\/wp\/v2\/comments?post=521766"}],"wp:featuredmedia":[{"embeddable":true,"href":"https:\/\/konopljazdravi.si\/hr\/wp-json\/wp\/v2\/media\/521436"}],"wp:attachment":[{"href":"https:\/\/konopljazdravi.si\/hr\/wp-json\/wp\/v2\/media?parent=521766"}],"wp:term":[{"taxonomy":"product_brand","embeddable":true,"href":"https:\/\/konopljazdravi.si\/hr\/wp-json\/wp\/v2\/product_brand?post=521766"},{"taxonomy":"product_cat","embeddable":true,"href":"https:\/\/konopljazdravi.si\/hr\/wp-json\/wp\/v2\/product_cat?post=521766"},{"taxonomy":"product_tag","embeddable":true,"href":"https:\/\/konopljazdravi.si\/hr\/wp-json\/wp\/v2\/product_tag?post=521766"}],"curies":[{"name":"wp","href":"https:\/\/api.w.org\/{rel}","templated":true}]}}