{"id":522062,"date":"2024-08-29T15:35:24","date_gmt":"2024-08-29T13:35:24","guid":{"rendered":"https:\/\/konopljazdravi.si\/izdelek\/xvape-fog-pro\/"},"modified":"2026-02-24T21:57:07","modified_gmt":"2026-02-24T20:57:07","slug":"xvape-fog-pro","status":"publish","type":"product","link":"https:\/\/konopljazdravi.si\/hr\/produkt\/xvape-fog-pro\/","title":{"rendered":"XVape Fog Pro konvekcija [THC vejp sa pupoljcima]"},"content":{"rendered":"\n<div  class=\"container__wrapper mb-120\" >\n    <div class=\"container container--normal  \">\n        \n<div class=\"kz-icons\">\n                    <div  class=\"kz-icon\">\n            <div class=\"kz-icon__image\" style=\"background-color: #E5EED6\">\n                <img decoding=\"async\" width=\"150\" height=\"150\" src=\"https:\/\/konopljazdravi.si\/app\/uploads\/2024\/03\/icon-quality.svg\" class=\"attachment-thumbnail size-thumbnail\" alt=\"\" \/>            <\/div>\n            <span>XVape osnovan u Kaliforniji<\/span>\n        <\/div>\n                    <div  class=\"kz-icon\">\n            <div class=\"kz-icon__image\" style=\"background-color: #E5EED6\">\n                <img decoding=\"async\" width=\"150\" height=\"150\" src=\"https:\/\/konopljazdravi.si\/app\/uploads\/2024\/03\/icon-quality.svg\" class=\"attachment-thumbnail size-thumbnail\" alt=\"\" \/>            <\/div>\n            <span>Ve\u0107a kvaliteta po razumnoj cijeni<\/span>\n        <\/div>\n                    <div  class=\"kz-icon\">\n            <div class=\"kz-icon__image\" style=\"background-color: #E5EED6\">\n                <img decoding=\"async\" width=\"150\" height=\"150\" src=\"https:\/\/konopljazdravi.si\/app\/uploads\/2024\/03\/icon-quality.svg\" class=\"attachment-thumbnail size-thumbnail\" alt=\"\" \/>            <\/div>\n            <span>Ovaj model se razvija od 2018<\/span>\n        <\/div>\n                    <div  class=\"kz-icon\">\n            <div class=\"kz-icon__image\" style=\"background-color: #E5EED6\">\n                <img decoding=\"async\" width=\"150\" height=\"150\" src=\"https:\/\/konopljazdravi.si\/app\/uploads\/2024\/03\/icon-quality.svg\" class=\"attachment-thumbnail size-thumbnail\" alt=\"\" \/>            <\/div>\n            <span>Jednostavno kori\u0161tenje<\/span>\n        <\/div>\n    <\/div>\n\n\n    <\/div>\n<\/div>\n\n\n\n<div  class=\"container__wrapper\" >\n    <div class=\"container container--normal pb-64  \">\n        \n\n<div class=\"kz-text-image \">\n    <div class=\"kz-text-image__text\">\n        <h2><strong>Kome je namjenjen XVape Fog pro?<\/strong><\/h2>\n<p><strong>Za sve one koji ga \u017eele koristiti svaki dan. Tako\u0111er ga smatram elegantnim.<\/strong><\/p>\n<p>XVape Fog Pro je bolja verzija XVape Fog. Bez gri\u017enje savjesti mo\u017eemo re\u0107i da spada u <strong>besprijekorno ispravne<\/strong>, pouzdane ispariva\u010de. Lako se koristi i daje paru dobrog okusa. Izra\u0111en je od <strong>izdr\u017eljivih materijala<\/strong> koji nas ne\u0107e iznevjeriti nakon nekoliko kori\u0161tenja.<\/p>\n<p>Izvrsna konvekcijska komora sprje\u010dava izravan kontakt izme\u0111u izvora topline i bilja.<\/p>\n<p>Ima sve \u0161to ve\u0107ini ljudi treba i jednostavan je za kori\u0161tenje. Za ne\u0161to izvanrednije, morat \u0107emo pogledati proizvode iznad 200 \u20ac.<\/p>\n    <\/div>\n            <div class=\"kz-text-image__image\">\n            <img decoding=\"async\" width=\"600\" height=\"400\" src=\"https:\/\/konopljazdravi.si\/app\/uploads\/2024\/08\/dim-vejpa.jpg\" class=\"attachment-large size-large\" alt=\"\" srcset=\"https:\/\/konopljazdravi.si\/app\/uploads\/2024\/08\/dim-vejpa.jpg 600w, https:\/\/konopljazdravi.si\/app\/uploads\/2024\/08\/dim-vejpa-300x200.jpg 300w, https:\/\/konopljazdravi.si\/app\/uploads\/2024\/08\/dim-vejpa-416x277.jpg 416w\" sizes=\"(max-width: 600px) 100vw, 600px\" \/>        <\/div>\n    <\/div>\n\n\n    <\/div>\n<\/div>\n\n\n\n<div  class=\"container__wrapper\" style='background-color:#f1f4eb;'>\n    <div class=\"container container--normal pt-64 pb-64  \">\n        \n\n<div class=\"kz-text-image kz-text-image--switch\">\n    <div class=\"kz-text-image__text\">\n        <h2><strong>\u0160to dobivamo uz kupnju?<\/strong><\/h2>\n<p><strong>XVape fog pro vaporizer dolazi s osnovnim kompletom. Taman da ga po\u010dnete koristiti odmah.<\/strong><\/p>\n<p>Cijena uklju\u010duje:<\/p>\n<ul>\n<li>pribor za \u010di\u0161\u0107enje (\u010detka i alkoholne maramice)<\/li>\n<li>USB-C kabel za punjenje baterije<\/li>\n<li>cirkonij usnik<\/li>\n<li>\u0161alica za koncentrate konoplje<\/li>\n<li>korisni\u010dki priru\u010dnik<\/li>\n<\/ul>\n    <\/div>\n            <div class=\"kz-text-image__image\">\n            <img decoding=\"async\" width=\"700\" height=\"700\" src=\"https:\/\/konopljazdravi.si\/app\/uploads\/2024\/08\/prikaz-kompleta-pripomockov-in-skatle-za-xvape-fog-pro.jpg\" class=\"attachment-large size-large\" alt=\"\" srcset=\"https:\/\/konopljazdravi.si\/app\/uploads\/2024\/08\/prikaz-kompleta-pripomockov-in-skatle-za-xvape-fog-pro.jpg 700w, https:\/\/konopljazdravi.si\/app\/uploads\/2024\/08\/prikaz-kompleta-pripomockov-in-skatle-za-xvape-fog-pro-300x300.jpg 300w, https:\/\/konopljazdravi.si\/app\/uploads\/2024\/08\/prikaz-kompleta-pripomockov-in-skatle-za-xvape-fog-pro-150x150.jpg 150w, https:\/\/konopljazdravi.si\/app\/uploads\/2024\/08\/prikaz-kompleta-pripomockov-in-skatle-za-xvape-fog-pro-324x324.jpg 324w, https:\/\/konopljazdravi.si\/app\/uploads\/2024\/08\/prikaz-kompleta-pripomockov-in-skatle-za-xvape-fog-pro-416x416.jpg 416w, https:\/\/konopljazdravi.si\/app\/uploads\/2024\/08\/prikaz-kompleta-pripomockov-in-skatle-za-xvape-fog-pro-100x100.jpg 100w\" sizes=\"(max-width: 700px) 100vw, 700px\" \/>        <\/div>\n    <\/div>\n\n\n    <\/div>\n<\/div>\n\n\n\n<div  class=\"container__wrapper\" >\n    <div class=\"container container--normal pt-64 pb-64  \">\n        \n\n<div class=\"kz-text-image \">\n    <div class=\"kz-text-image__text\">\n        <h2><strong>Dizajn i raspored elemenata<\/strong><\/h2>\n<p><strong>Ovaj vaporizer se ne isti\u010de izgledom. Xvape fog serija dizajnirana je da ostane \u0161to je vi\u0161e mogu\u0107e nevidljiva tijekom vejpanja bilja.<\/strong><\/p>\n<p>Kada dr\u017eite Xvape fog pro u rukama, definitivno mo\u017eete osjetiti kvalitetu izrade. Osje\u0107amo njegovu te\u017einu dobrih materijala. Na prednjoj donjoj polovici ure\u0111aja nalazi se svijetli OLED ekran koji jasno prikazuje trenutnu temperaturu.<\/p>\n<p>Fog pro omogu\u0107uje precizno nano\u0161enje prema temperaturi. Tri gumba promi\u0161ljeno su postavljena sa strane ure\u0111aja za jednostavno isparavanje bilja. Na istoj strani nalazi se i USB-C priklju\u010dak za punjenje.<\/p>\n<p>Poklopac nastavka za usta pri\u010dvr\u0161\u0107uje se na komoru pomo\u0107u magneta, \u0161to je pobolj\u0161anje u odnosu na prethodnu verziju.<\/p>\n    <\/div>\n            <div class=\"kz-text-image__image\">\n            <img decoding=\"async\" width=\"700\" height=\"700\" src=\"https:\/\/konopljazdravi.si\/app\/uploads\/2024\/08\/fog-pro-slikan-iz-sprednje-strani-s-prizganim-zaslonom.jpg\" class=\"attachment-large size-large\" alt=\"\" srcset=\"https:\/\/konopljazdravi.si\/app\/uploads\/2024\/08\/fog-pro-slikan-iz-sprednje-strani-s-prizganim-zaslonom.jpg 700w, https:\/\/konopljazdravi.si\/app\/uploads\/2024\/08\/fog-pro-slikan-iz-sprednje-strani-s-prizganim-zaslonom-300x300.jpg 300w, https:\/\/konopljazdravi.si\/app\/uploads\/2024\/08\/fog-pro-slikan-iz-sprednje-strani-s-prizganim-zaslonom-150x150.jpg 150w, https:\/\/konopljazdravi.si\/app\/uploads\/2024\/08\/fog-pro-slikan-iz-sprednje-strani-s-prizganim-zaslonom-324x324.jpg 324w, https:\/\/konopljazdravi.si\/app\/uploads\/2024\/08\/fog-pro-slikan-iz-sprednje-strani-s-prizganim-zaslonom-416x416.jpg 416w, https:\/\/konopljazdravi.si\/app\/uploads\/2024\/08\/fog-pro-slikan-iz-sprednje-strani-s-prizganim-zaslonom-100x100.jpg 100w\" sizes=\"(max-width: 700px) 100vw, 700px\" \/>        <\/div>\n    <\/div>\n\n\n    <\/div>\n<\/div>\n\n\n\n<div  class=\"container__wrapper\" style='background-color:#f1f4eb;'>\n    <div class=\"container container--normal pt-64 pb-64  \">\n        \n\n<div class=\"kz-text-image kz-text-image--switch\">\n    <div class=\"kz-text-image__text\">\n        <h2><strong>Za\u0161to usnik od cirkonija?<\/strong><\/h2>\n<p><strong>20 puta izdr\u017eljiviji od stakla<\/strong><\/p>\n<p>XVape fog pro ima rotiraju\u0107i nastavak za usta od cirkonija. Cirkonij (poput stakla) neutralan je materijal koji poma\u017ee u odr\u017eavanju pare \u010distom. Pru\u017ea izvrsno korisni\u010dko iskustvo \u2013 bolje \u0107emo osjetiti sve okuse. Tako\u0111er je 20 puta izdr\u017eljiviji od stakla.<\/p>\n<p>In\u017eenjeri su imali na umu ure\u0111aj nositi u d\u017eepu hla\u010da ili torbici pa su se odlu\u010dili za takav materijal. Zakretanje tako\u0111er \u010dini ovaj biljni vejp lak\u0161im za no\u0161enje.<\/p>\n    <\/div>\n            <div class=\"kz-text-image__image\">\n            <img decoding=\"async\" width=\"700\" height=\"700\" src=\"https:\/\/konopljazdravi.si\/app\/uploads\/2024\/08\/odprta-komora-za-zelisca.jpg\" class=\"attachment-large size-large\" alt=\"\" srcset=\"https:\/\/konopljazdravi.si\/app\/uploads\/2024\/08\/odprta-komora-za-zelisca.jpg 700w, https:\/\/konopljazdravi.si\/app\/uploads\/2024\/08\/odprta-komora-za-zelisca-300x300.jpg 300w, https:\/\/konopljazdravi.si\/app\/uploads\/2024\/08\/odprta-komora-za-zelisca-150x150.jpg 150w, https:\/\/konopljazdravi.si\/app\/uploads\/2024\/08\/odprta-komora-za-zelisca-324x324.jpg 324w, https:\/\/konopljazdravi.si\/app\/uploads\/2024\/08\/odprta-komora-za-zelisca-416x416.jpg 416w, https:\/\/konopljazdravi.si\/app\/uploads\/2024\/08\/odprta-komora-za-zelisca-100x100.jpg 100w\" sizes=\"(max-width: 700px) 100vw, 700px\" \/>        <\/div>\n    <\/div>\n\n\n    <\/div>\n<\/div>\n\n\n\n<div  class=\"container__wrapper mb-80\" >\n    <div class=\"container container--normal pt-64 pb-64  \">\n        \n\n<div class=\"kz-text-image \">\n    <div class=\"kz-text-image__text\">\n        <h2><strong>\u0160to je s baterijom?<\/strong><\/h2>\n<p><strong>Ono \u0161to mi se svi\u0111a kod XVape Fog pro je to \u0161to vam omogu\u0107uje zamjenu baterije. I istovremena upotreba prilikom punjenja.<\/strong><\/p>\n<p>Nemojte me krivo shvatiti &#8211; apsolutno ni\u0161ta nije u redu s postoje\u0107om baterijom. Ali ponekad postoji situacija u kojoj punjenje nije mogu\u0107e. Ponekad vejpamo bilje tamo gdje nema struje. Tada mo\u017eemo samo zamijeniti baterije.<\/p>\n<p>Ure\u0111aj Fog pro napaja izmjenjiva baterija 18650 kapaciteta 3200 mAH. U praksi to zna\u010di da je dovoljno za oko 6-8 sesija. Punjenje preko USB-C je br\u017ee nego kod starih modela.<\/p>\n<p>Tako\u0111er je super \u0161to se XVape Fog pro mo\u017ee koristiti dok se baterija puni.<\/p>\n    <\/div>\n            <div class=\"kz-text-image__image\">\n            <img decoding=\"async\" width=\"600\" height=\"400\" src=\"https:\/\/konopljazdravi.si\/app\/uploads\/2024\/08\/2.jpg\" class=\"attachment-large size-large\" alt=\"\" srcset=\"https:\/\/konopljazdravi.si\/app\/uploads\/2024\/08\/2.jpg 600w, https:\/\/konopljazdravi.si\/app\/uploads\/2024\/08\/2-300x200.jpg 300w, https:\/\/konopljazdravi.si\/app\/uploads\/2024\/08\/2-416x277.jpg 416w\" sizes=\"(max-width: 600px) 100vw, 600px\" \/>        <\/div>\n    <\/div>\n\n\n    <\/div>\n<\/div>\n\n\n\n<div  class=\"container__wrapper mb-120\" >\n    <div class=\"container container--small  \">\n        \n\n<div class=\"kz-commments\">\n    <\/div>\n\n\n    <\/div>\n<\/div>\n\n\n\n<div  class=\"container__wrapper\" >\n    <div class=\"container container--normal  \">\n        \n\n<div class=\"kz-products-block\">\n    <div class=\"kz-products-block__header\">\n        \n\n<h2 class=\"wp-block-heading\">Najprodavaniji<\/h2>\n\n\n            <\/div>\n    <div class=\"kz-products-block__wrapper\">\n        <div class=\"kz-products-block__wrapper-inner\">\n            <ul class=\"products products--3\">\n                <li class=\"product type-product post-522060 status-publish first instock product_cat-isparivaci has-post-thumbnail shipping-taxable purchasable product-type-simple\">\n\t<a href=\"https:\/\/konopljazdravi.si\/hr\/produkt\/xvape-vital\/\" class=\"woocommerce-LoopProduct-link woocommerce-loop-product__link\"><img decoding=\"async\" width=\"324\" height=\"324\" src=\"https:\/\/konopljazdravi.si\/app\/uploads\/2024\/08\/xvape-xmax-vital-thc-vape-za-zacetnike-324x324.jpg\" class=\"attachment-woocommerce_thumbnail size-woocommerce_thumbnail\" alt=\"xvape xmax vital thc vape za za\u010detnike\" srcset=\"https:\/\/konopljazdravi.si\/app\/uploads\/2024\/08\/xvape-xmax-vital-thc-vape-za-zacetnike-324x324.jpg 324w, https:\/\/konopljazdravi.si\/app\/uploads\/2024\/08\/xvape-xmax-vital-thc-vape-za-zacetnike-300x300.jpg 300w, https:\/\/konopljazdravi.si\/app\/uploads\/2024\/08\/xvape-xmax-vital-thc-vape-za-zacetnike-150x150.jpg 150w, https:\/\/konopljazdravi.si\/app\/uploads\/2024\/08\/xvape-xmax-vital-thc-vape-za-zacetnike-416x416.jpg 416w, https:\/\/konopljazdravi.si\/app\/uploads\/2024\/08\/xvape-xmax-vital-thc-vape-za-zacetnike-100x100.jpg 100w, https:\/\/konopljazdravi.si\/app\/uploads\/2024\/08\/xvape-xmax-vital-thc-vape-za-zacetnike.jpg 700w\" sizes=\"(max-width: 324px) 100vw, 324px\" \/>                        <div class=\"product__content\">\n        <h2 class=\"woocommerce-loop-product__title\">XVape Vital [THC vejp za po\u010detnike]<\/h2>        <span class=\"product__attribute\">Prijatan za po\u010detnike<\/span>\n        <div class=\"star-rating\" role=\"img\" aria-label=\"Ocjenjeno 4.50 od 5\">        <div class=\"kz-icon-rating\">\n            <span class='icon icon--small '><svg width=\"12\" height=\"12\" viewBox=\"0 0 12 12\" fill=\"none\" xmlns=\"http:\/\/www.w3.org\/2000\/svg\">\n<g id=\"star\">\n<path id=\"Path\" d=\"M8.78038 10.5C8.70042 10.5003 8.62155 10.4814 8.55038 10.445L6.00038 9.10998L3.45038 10.445C3.28145 10.5338 3.07668 10.5187 2.9226 10.4061C2.76851 10.2934 2.692 10.1029 2.72538 9.91498L3.22538 7.09998L1.16538 5.09998C1.03441 4.96928 0.986325 4.77694 1.04038 4.59998C1.0995 4.41869 1.25659 4.28681 1.44538 4.25998L4.29538 3.84498L5.55038 1.27998C5.63393 1.10748 5.80872 0.997925 6.00038 0.997925C6.19204 0.997925 6.36684 1.10748 6.45038 1.27998L7.72038 3.83998L10.5704 4.25498C10.7592 4.28181 10.9163 4.41369 10.9754 4.59498C11.0294 4.77194 10.9814 4.96428 10.8504 5.09498L8.79038 7.09498L9.29038 9.90998C9.32683 10.1014 9.24877 10.2965 9.09038 10.41C8.99984 10.4734 8.89082 10.5051 8.78038 10.5Z\" fill=\"#F7C623\"\/>\n<\/g>\n<\/svg>\n<\/span>            <span class=\"kz-icon-rating__rating\">\n                    4.5\/5.0                <\/span>\n            <span class=\"kz-icon-rating__dot\">\n                \u00b7\n            <\/span>\n                            <span class=\"kz-icon-rating__count-text\">\n                        2 ocjene                     <\/span>\n                    <\/div>\n        <\/div>                <div class=\"product__points\">\n            <ul><li>20 sek. zagrijavanje<\/li><li>Diskretno malen<\/li><li>OLED ekran<\/li><ul>        <\/div>\n            \n\t<span class=\"price\"><span class=\"woocommerce-Price-amount amount\"><bdi class=\"woocommerce-Price-bidi\">79,90<span class=\"woocommerce-Price-currencySymbol\">&euro;<\/span><\/bdi><\/span><\/span>\n<span class=\"gtm4wp_productdata\" style=\"display:none; visibility:hidden;\" data-gtm4wp_product_data=\"{&quot;internal_id&quot;:522060,&quot;item_id&quot;:522060,&quot;item_name&quot;:&quot;XVape Vital [THC vejp za po\\u010detnike]&quot;,&quot;sku&quot;:&quot;konop-xvape-vital&quot;,&quot;price&quot;:79.900000000000005684341886080801486968994140625,&quot;stocklevel&quot;:4,&quot;stockstatus&quot;:&quot;instock&quot;,&quot;google_business_vertical&quot;:&quot;retail&quot;,&quot;item_category&quot;:&quot;Ispariva\\u010di&quot;,&quot;id&quot;:522060,&quot;productlink&quot;:&quot;https:\\\/\\\/konopljazdravi.si\\\/hr\\\/produkt\\\/xvape-vital\\\/&quot;,&quot;item_list_name&quot;:&quot;General Product List&quot;,&quot;index&quot;:1,&quot;product_type&quot;:&quot;simple&quot;,&quot;item_brand&quot;:&quot;&quot;}\"><\/span>        <\/div>\n        <\/a><\/li>\n<li class=\"product type-product post-522169 status-publish outofstock product_cat-novi-kanabinoidi product_cat-isparivaci has-post-thumbnail shipping-taxable purchasable product-type-simple\">\n\t<a href=\"https:\/\/konopljazdravi.si\/hr\/produkt\/10-oh-thc-cvjetovi-canapuff\/\" class=\"woocommerce-LoopProduct-link woocommerce-loop-product__link\"><img decoding=\"async\" width=\"324\" height=\"324\" src=\"https:\/\/konopljazdravi.si\/app\/uploads\/2024\/09\/10-oh-thc-canapuff-vrsicki-permanent-marker-60-odstotkov-moci-324x324.jpg\" class=\"attachment-woocommerce_thumbnail size-woocommerce_thumbnail\" alt=\"10-oh-thc canapuff vr\u0161i\u010dki rde\u010dem pakiranju sorte permanent marker 60 odstotne mo\u010di\" srcset=\"https:\/\/konopljazdravi.si\/app\/uploads\/2024\/09\/10-oh-thc-canapuff-vrsicki-permanent-marker-60-odstotkov-moci-324x324.jpg 324w, https:\/\/konopljazdravi.si\/app\/uploads\/2024\/09\/10-oh-thc-canapuff-vrsicki-permanent-marker-60-odstotkov-moci-300x300.jpg 300w, https:\/\/konopljazdravi.si\/app\/uploads\/2024\/09\/10-oh-thc-canapuff-vrsicki-permanent-marker-60-odstotkov-moci-150x150.jpg 150w, https:\/\/konopljazdravi.si\/app\/uploads\/2024\/09\/10-oh-thc-canapuff-vrsicki-permanent-marker-60-odstotkov-moci-768x768.jpg 768w, https:\/\/konopljazdravi.si\/app\/uploads\/2024\/09\/10-oh-thc-canapuff-vrsicki-permanent-marker-60-odstotkov-moci-416x416.jpg 416w, https:\/\/konopljazdravi.si\/app\/uploads\/2024\/09\/10-oh-thc-canapuff-vrsicki-permanent-marker-60-odstotkov-moci-100x100.jpg 100w, https:\/\/konopljazdravi.si\/app\/uploads\/2024\/09\/10-oh-thc-canapuff-vrsicki-permanent-marker-60-odstotkov-moci.jpg 800w\" sizes=\"(max-width: 324px) 100vw, 324px\" \/>                        <div class=\"product__content\">\n        <h2 class=\"woocommerce-loop-product__title\">10-OH-THC Permanent marker 60% Canapuff cvjetovi<\/h2>        <span class=\"product__attribute\">2 g<\/span>\n        <div class=\"star-rating\" role=\"img\" aria-label=\"Ocjenjeno 5.00 od 5\">        <div class=\"kz-icon-rating\">\n            <span class='icon icon--small '><svg width=\"12\" height=\"12\" viewBox=\"0 0 12 12\" fill=\"none\" xmlns=\"http:\/\/www.w3.org\/2000\/svg\">\n<g id=\"star\">\n<path id=\"Path\" d=\"M8.78038 10.5C8.70042 10.5003 8.62155 10.4814 8.55038 10.445L6.00038 9.10998L3.45038 10.445C3.28145 10.5338 3.07668 10.5187 2.9226 10.4061C2.76851 10.2934 2.692 10.1029 2.72538 9.91498L3.22538 7.09998L1.16538 5.09998C1.03441 4.96928 0.986325 4.77694 1.04038 4.59998C1.0995 4.41869 1.25659 4.28681 1.44538 4.25998L4.29538 3.84498L5.55038 1.27998C5.63393 1.10748 5.80872 0.997925 6.00038 0.997925C6.19204 0.997925 6.36684 1.10748 6.45038 1.27998L7.72038 3.83998L10.5704 4.25498C10.7592 4.28181 10.9163 4.41369 10.9754 4.59498C11.0294 4.77194 10.9814 4.96428 10.8504 5.09498L8.79038 7.09498L9.29038 9.90998C9.32683 10.1014 9.24877 10.2965 9.09038 10.41C8.99984 10.4734 8.89082 10.5051 8.78038 10.5Z\" fill=\"#F7C623\"\/>\n<\/g>\n<\/svg>\n<\/span>            <span class=\"kz-icon-rating__rating\">\n                    5.0\/5.0                <\/span>\n            <span class=\"kz-icon-rating__dot\">\n                \u00b7\n            <\/span>\n                            <span class=\"kz-icon-rating__count-text\">\n                        1 ocjena                    <\/span>\n                    <\/div>\n        <\/div>                <div class=\"product__points\">\n            <ul><li>Sinteti\u010dki proizvod<\/li><li>Slabiji od THC-a<\/li><li>Sli\u010dni u\u010dinci<\/li><ul>        <\/div>\n            \n\t<span class=\"price\"><span class=\"woocommerce-Price-amount amount\"><bdi class=\"woocommerce-Price-bidi\">27,90<span class=\"woocommerce-Price-currencySymbol\">&euro;<\/span><\/bdi><\/span><\/span>\n<span class=\"gtm4wp_productdata\" style=\"display:none; visibility:hidden;\" data-gtm4wp_product_data=\"{&quot;internal_id&quot;:522169,&quot;item_id&quot;:522169,&quot;item_name&quot;:&quot;10-OH-THC Permanent marker 60% Canapuff cvjetovi&quot;,&quot;sku&quot;:&quot;konop-canapuff-vrsicki-marker&quot;,&quot;price&quot;:27.89999999999999857891452847979962825775146484375,&quot;stocklevel&quot;:null,&quot;stockstatus&quot;:&quot;outofstock&quot;,&quot;google_business_vertical&quot;:&quot;retail&quot;,&quot;item_category&quot;:&quot;Novi kanabinoidi&quot;,&quot;id&quot;:522169,&quot;productlink&quot;:&quot;https:\\\/\\\/konopljazdravi.si\\\/hr\\\/produkt\\\/10-oh-thc-cvjetovi-canapuff\\\/&quot;,&quot;item_list_name&quot;:&quot;General Product List&quot;,&quot;index&quot;:2,&quot;product_type&quot;:&quot;simple&quot;,&quot;item_brand&quot;:&quot;&quot;}\"><\/span>        <\/div>\n        <\/a><\/li>\n<li class=\"product type-product post-522164 status-publish last instock product_cat-novi-kanabinoidi product_cat-isparivaci has-post-thumbnail shipping-taxable purchasable product-type-variable has-default-attributes\">\n\t<a href=\"https:\/\/konopljazdravi.si\/hr\/produkt\/10-oh-thc-isparivac-jednokratna-upotreba\/\" class=\"woocommerce-LoopProduct-link woocommerce-loop-product__link\"><img decoding=\"async\" width=\"324\" height=\"324\" src=\"https:\/\/konopljazdravi.si\/app\/uploads\/2025\/09\/T9hc-vape-za-enkratno-uporabo-2ml-watermellon-punch-euphoria-324x324.jpg\" class=\"attachment-woocommerce_thumbnail size-woocommerce_thumbnail\" alt=\"T9HC vape Euphoria 2 okusa [2 ml] Jednokratna upotreba\" srcset=\"https:\/\/konopljazdravi.si\/app\/uploads\/2025\/09\/T9hc-vape-za-enkratno-uporabo-2ml-watermellon-punch-euphoria-324x324.jpg 324w, https:\/\/konopljazdravi.si\/app\/uploads\/2025\/09\/T9hc-vape-za-enkratno-uporabo-2ml-watermellon-punch-euphoria-300x300.jpg 300w, https:\/\/konopljazdravi.si\/app\/uploads\/2025\/09\/T9hc-vape-za-enkratno-uporabo-2ml-watermellon-punch-euphoria-1024x1024.jpg 1024w, https:\/\/konopljazdravi.si\/app\/uploads\/2025\/09\/T9hc-vape-za-enkratno-uporabo-2ml-watermellon-punch-euphoria-150x150.jpg 150w, https:\/\/konopljazdravi.si\/app\/uploads\/2025\/09\/T9hc-vape-za-enkratno-uporabo-2ml-watermellon-punch-euphoria-768x768.jpg 768w, https:\/\/konopljazdravi.si\/app\/uploads\/2025\/09\/T9hc-vape-za-enkratno-uporabo-2ml-watermellon-punch-euphoria-416x416.jpg 416w, https:\/\/konopljazdravi.si\/app\/uploads\/2025\/09\/T9hc-vape-za-enkratno-uporabo-2ml-watermellon-punch-euphoria-100x100.jpg 100w, https:\/\/konopljazdravi.si\/app\/uploads\/2025\/09\/T9hc-vape-za-enkratno-uporabo-2ml-watermellon-punch-euphoria.jpg 1167w\" sizes=\"(max-width: 324px) 100vw, 324px\" \/>                        <div class=\"product__content\">\n        <h2 class=\"woocommerce-loop-product__title\">T9HC vape Euphoria 2 okusa [2 ml] Jednokratna upotreba<\/h2>        <span class=\"product__attribute\">2ml<\/span>\n        <div class=\"star-rating\" role=\"img\" aria-label=\"Ocjenjeno 4.88 od 5\">        <div class=\"kz-icon-rating\">\n            <span class='icon icon--small '><svg width=\"12\" height=\"12\" viewBox=\"0 0 12 12\" fill=\"none\" xmlns=\"http:\/\/www.w3.org\/2000\/svg\">\n<g id=\"star\">\n<path id=\"Path\" d=\"M8.78038 10.5C8.70042 10.5003 8.62155 10.4814 8.55038 10.445L6.00038 9.10998L3.45038 10.445C3.28145 10.5338 3.07668 10.5187 2.9226 10.4061C2.76851 10.2934 2.692 10.1029 2.72538 9.91498L3.22538 7.09998L1.16538 5.09998C1.03441 4.96928 0.986325 4.77694 1.04038 4.59998C1.0995 4.41869 1.25659 4.28681 1.44538 4.25998L4.29538 3.84498L5.55038 1.27998C5.63393 1.10748 5.80872 0.997925 6.00038 0.997925C6.19204 0.997925 6.36684 1.10748 6.45038 1.27998L7.72038 3.83998L10.5704 4.25498C10.7592 4.28181 10.9163 4.41369 10.9754 4.59498C11.0294 4.77194 10.9814 4.96428 10.8504 5.09498L8.79038 7.09498L9.29038 9.90998C9.32683 10.1014 9.24877 10.2965 9.09038 10.41C8.99984 10.4734 8.89082 10.5051 8.78038 10.5Z\" fill=\"#F7C623\"\/>\n<\/g>\n<\/svg>\n<\/span>            <span class=\"kz-icon-rating__rating\">\n                    4.9\/5.0                <\/span>\n            <span class=\"kz-icon-rating__dot\">\n                \u00b7\n            <\/span>\n                            <span class=\"kz-icon-rating__count-text\">\n                        17 ocjen                    <\/span>\n                    <\/div>\n        <\/div>                <div class=\"product__points\">\n            <ul><li>Traje 6-10 sati<\/li><li>Malo ja\u010di od THC-a<\/li><li>Samo za iskusne korisnike<\/li><ul>        <\/div>\n            \n\t<span class=\"price\"><span class=\"woocommerce-Price-amount amount\"><bdi class=\"woocommerce-Price-bidi\">33,49<span class=\"woocommerce-Price-currencySymbol\">&euro;<\/span><\/bdi><\/span><\/span>\n<span class=\"gtm4wp_productdata\" style=\"display:none; visibility:hidden;\" data-gtm4wp_product_data=\"{&quot;internal_id&quot;:522164,&quot;item_id&quot;:522164,&quot;item_name&quot;:&quot;T9HC vape Euphoria 2 okusa [2 ml] Jednokratna upotreba&quot;,&quot;sku&quot;:&quot;konop-euphoria-vapewater&quot;,&quot;price&quot;:33.49000000000000198951966012828052043914794921875,&quot;stocklevel&quot;:null,&quot;stockstatus&quot;:&quot;instock&quot;,&quot;google_business_vertical&quot;:&quot;retail&quot;,&quot;item_category&quot;:&quot;Novi kanabinoidi&quot;,&quot;id&quot;:522164,&quot;productlink&quot;:&quot;https:\\\/\\\/konopljazdravi.si\\\/hr\\\/produkt\\\/10-oh-thc-isparivac-jednokratna-upotreba\\\/&quot;,&quot;item_list_name&quot;:&quot;General Product List&quot;,&quot;index&quot;:3,&quot;product_type&quot;:&quot;variable&quot;,&quot;item_brand&quot;:&quot;&quot;}\"><\/span>        <\/div>\n        <\/a><\/li>\n            <\/ul>\n        <\/div>\n    <\/div>\n<\/div>\n\n\n    <\/div>\n<\/div>\n\n\n\n<p><\/p>\n","protected":false},"excerpt":{"rendered":"","protected":false},"featured_media":521470,"comment_status":"open","ping_status":"closed","template":"","meta":{"inline_featured_image":false},"product_brand":[],"product_cat":[130],"product_tag":[],"class_list":{"0":"post-522062","1":"product","2":"type-product","3":"status-publish","4":"has-post-thumbnail","6":"product_cat-isparivaci","8":"first","9":"instock","10":"shipping-taxable","11":"purchasable","12":"product-type-simple"},"acf":[],"_links":{"self":[{"href":"https:\/\/konopljazdravi.si\/hr\/wp-json\/wp\/v2\/product\/522062","targetHints":{"allow":["GET"]}}],"collection":[{"href":"https:\/\/konopljazdravi.si\/hr\/wp-json\/wp\/v2\/product"}],"about":[{"href":"https:\/\/konopljazdravi.si\/hr\/wp-json\/wp\/v2\/types\/product"}],"replies":[{"embeddable":true,"href":"https:\/\/konopljazdravi.si\/hr\/wp-json\/wp\/v2\/comments?post=522062"}],"wp:featuredmedia":[{"embeddable":true,"href":"https:\/\/konopljazdravi.si\/hr\/wp-json\/wp\/v2\/media\/521470"}],"wp:attachment":[{"href":"https:\/\/konopljazdravi.si\/hr\/wp-json\/wp\/v2\/media?parent=522062"}],"wp:term":[{"taxonomy":"product_brand","embeddable":true,"href":"https:\/\/konopljazdravi.si\/hr\/wp-json\/wp\/v2\/product_brand?post=522062"},{"taxonomy":"product_cat","embeddable":true,"href":"https:\/\/konopljazdravi.si\/hr\/wp-json\/wp\/v2\/product_cat?post=522062"},{"taxonomy":"product_tag","embeddable":true,"href":"https:\/\/konopljazdravi.si\/hr\/wp-json\/wp\/v2\/product_tag?post=522062"}],"curies":[{"name":"wp","href":"https:\/\/api.w.org\/{rel}","templated":true}]}}