{"id":522127,"date":"2024-08-26T16:05:03","date_gmt":"2024-08-26T14:05:03","guid":{"rendered":"https:\/\/konopljazdravi.si\/izdelek\/konopljino-cbd-mazilo\/"},"modified":"2026-04-02T12:11:02","modified_gmt":"2026-04-02T10:11:02","slug":"cbd-mast-od-konoplje-ilesol","status":"publish","type":"product","link":"https:\/\/konopljazdravi.si\/hr\/produkt\/cbd-mast-od-konoplje-ilesol\/","title":{"rendered":"Terapijska CBD mast od konoplje Ilesol [30ml]"},"content":{"rendered":"\n<div  class=\"container__wrapper mb-120\" >\n    <div class=\"container container--normal  \">\n        \n<div class=\"kz-icons\">\n                    <div  class=\"kz-icon\">\n            <div class=\"kz-icon__image\" style=\"background-color: #E5EED6\">\n                <img decoding=\"async\" width=\"150\" height=\"150\" src=\"https:\/\/konopljazdravi.si\/app\/uploads\/2024\/03\/icon-quality.svg\" class=\"attachment-thumbnail size-thumbnail\" alt=\"\" \/>            <\/div>\n            <span>Dermatolo\u0161ki testirano (ne na \u017eivotinjama)<\/span>\n        <\/div>\n                    <div  class=\"kz-icon\">\n            <div class=\"kz-icon__image\" style=\"background-color: #E5EED6\">\n                <img decoding=\"async\" width=\"150\" height=\"150\" src=\"https:\/\/konopljazdravi.si\/app\/uploads\/2024\/03\/icon-quality.svg\" class=\"attachment-thumbnail size-thumbnail\" alt=\"\" \/>            <\/div>\n            <span>Prikladno za vegane<\/span>\n        <\/div>\n                    <div  class=\"kz-icon\">\n            <div class=\"kz-icon__image\" style=\"background-color: #E5EED6\">\n                <img decoding=\"async\" width=\"150\" height=\"150\" src=\"https:\/\/konopljazdravi.si\/app\/uploads\/2024\/03\/icon-quality.svg\" class=\"attachment-thumbnail size-thumbnail\" alt=\"\" \/>            <\/div>\n            <span>4 certifikata za sigurnost i kvalitetu<\/span>\n        <\/div>\n                    <div  class=\"kz-icon\">\n            <div class=\"kz-icon__image\" style=\"background-color: #E5EED6\">\n                <img decoding=\"async\" width=\"150\" height=\"150\" src=\"https:\/\/konopljazdravi.si\/app\/uploads\/2024\/03\/icon-quality.svg\" class=\"attachment-thumbnail size-thumbnail\" alt=\"\" \/>            <\/div>\n            <span>99,60 % prirodnih sastojaka<\/span>\n        <\/div>\n    <\/div>\n\n\n    <\/div>\n<\/div>\n\n\n\n<div  class=\"container__wrapper\" >\n    <div class=\"container container--normal pb-64  \">\n        \n\n<div class=\"kz-text-image \">\n    <div class=\"kz-text-image__text\">\n        <h2><strong>Za\u0161to CBD mast od konoplje sadr\u017ei 30 aktivnih sastojaka?<\/strong><\/h2>\n<p><strong>Jer djeluju u sinergiji u lije\u010denju i njezi suhe, svrbe\u017ene ili upaljene ko\u017ee. Pogledajmo \u0161to ima Ilesol CBD mast.<\/strong><\/p>\n<ul>\n<li>Vla\u017ei i njeguje ko\u017eu &#8211; <strong>Shea maslac, ulje konoplje, bademovo ulje i suncokretovo ulje<\/strong> bogati su masnim kiselinama i vitaminima. Oni poma\u017eu odr\u017eati ko\u017eu vla\u017enom i nahranjenom za optimalnu u\u010dinkovitost. [<a href=\"chrome-extension:\/\/efaidnbmnnnibpcajpcglclefindmkaj\/https:\/soapoilsandherbs.co.za\/wp-content\/uploads\/2023\/01\/Skin_Care_Creams_Formulation_and_Use-1.pdf\">izvor<\/a>]<\/li>\n<li>Obnavljamo barijeru ko\u017ee (eliminiramo osjetljivost, suho\u0107u) \u2013 <strong>p\u010delinji vosak i ceramidi<\/strong> poma\u017eu stvoriti svojevrsni \u0161tit koji sprje\u010dava gubitak vlage i \u0161titi od vanjskih stvari koje uzrokuju iritaciju ili upalu. [<a href=\"https:\/\/www.sciencedirect.com\/science\/article\/pii\/S0005273699000577?via%3Dihub\" target=\"_blank\" rel=\"noopener\">izvor<\/a>]<\/li>\n<\/ul>\n    <\/div>\n            <div class=\"kz-text-image__image\">\n            <img decoding=\"async\" width=\"600\" height=\"400\" src=\"https:\/\/konopljazdravi.si\/app\/uploads\/2024\/08\/vejica-rozmarina-evkaliptusa-in-citronele-brez-ozadja.png\" class=\"attachment-large size-large\" alt=\"vejica ro\u017emarina evkaliptusa in citronele\" srcset=\"https:\/\/konopljazdravi.si\/app\/uploads\/2024\/08\/vejica-rozmarina-evkaliptusa-in-citronele-brez-ozadja.png 600w, https:\/\/konopljazdravi.si\/app\/uploads\/2024\/08\/vejica-rozmarina-evkaliptusa-in-citronele-brez-ozadja-300x200.png 300w, https:\/\/konopljazdravi.si\/app\/uploads\/2024\/08\/vejica-rozmarina-evkaliptusa-in-citronele-brez-ozadja-416x277.png 416w\" sizes=\"(max-width: 600px) 100vw, 600px\" \/>        <\/div>\n    <\/div>\n\n\n    <\/div>\n<\/div>\n\n\n\n<div  class=\"container__wrapper\" style='background-color:#f1f4eb;'>\n    <div class=\"container container--normal pt-64 pb-64  \">\n        \n\n<div class=\"kz-text-image kz-text-image--switch\">\n    <div class=\"kz-text-image__text\">\n        <h2><strong>Ho\u0107e li na\u0161u osjetljivu ko\u017eu lak\u0161e dovesti u red?<\/strong><\/h2>\n<p><strong>Osim navedenih svojstava, pomno odabrana kombinacija sastojaka CBD masti pru\u017ea i&#8230;<\/strong><\/p>\n<ul>\n<li>Za\u0161titite se od oksidansa \u2013 <strong>vitamin E, ulje ru\u017emarina, ester vitamina C<\/strong> <strong>i vitamin C<\/strong> nude za\u0161titu od stresa (mentalnog), zaga\u0111iva\u010da iz okoli\u0161a i UV zra\u010denja. Ulje borovice je u\u010dinkovit prirodni uni\u0161tava\u010d mikroorganizama na ko\u017ei. [<a href=\"https:\/\/www.sciencedirect.com\/science\/article\/abs\/pii\/B9780444596031000151\" target=\"_blank\" rel=\"noopener\">izvor<\/a>]<\/li>\n<li>Umirite nadra\u017eenu ko\u017eu &#8211; <strong>CBD, p\u010delinji vosak, ulje eukaliptusa, ru\u017emarina i tamjana<\/strong> imaju protuupalna, antimikrobna i umiruju\u0107a svojstva. Ovo mo\u017ee biti korisno za smanjenje crvenila, svrbe\u017ea i lo\u0161ih osje\u0107aja zbog nadra\u017eene ko\u017ee. [<a href=\"https:\/\/journals.sagepub.com\/doi\/abs\/10.1177\/1934578X1601100234\" target=\"_blank\" rel=\"noopener\">izvor<\/a>]<\/li>\n<\/ul>\n    <\/div>\n            <div class=\"kz-text-image__image\">\n            <img decoding=\"async\" width=\"600\" height=\"400\" src=\"https:\/\/konopljazdravi.si\/app\/uploads\/2024\/08\/vejica-bora-s-storzi-in-boswellia-ter-tri-palcke-cimeta-brez-ozadja.png\" class=\"attachment-large size-large\" alt=\"vejica bora s stor\u017ei in boswellia ter tri pal\u010dke cimeta\" srcset=\"https:\/\/konopljazdravi.si\/app\/uploads\/2024\/08\/vejica-bora-s-storzi-in-boswellia-ter-tri-palcke-cimeta-brez-ozadja.png 600w, https:\/\/konopljazdravi.si\/app\/uploads\/2024\/08\/vejica-bora-s-storzi-in-boswellia-ter-tri-palcke-cimeta-brez-ozadja-300x200.png 300w, https:\/\/konopljazdravi.si\/app\/uploads\/2024\/08\/vejica-bora-s-storzi-in-boswellia-ter-tri-palcke-cimeta-brez-ozadja-416x277.png 416w\" sizes=\"(max-width: 600px) 100vw, 600px\" \/>        <\/div>\n    <\/div>\n\n\n    <\/div>\n<\/div>\n\n\n\n<div  class=\"container__wrapper\" >\n    <div class=\"container container--normal pt-64 pb-64  \">\n        \n\n<div class=\"kz-text-image \">\n    <div class=\"kz-text-image__text\">\n        <h2><strong>\u0160to je s glavnim sastojkom CBD masti?<\/strong><\/h2>\n<p><strong>CBD smanjuje sintezu masti u \u017elijezdama lojnicama, \u0161to ko\u017eu \u010dini \u010di\u0161\u0107om. Tako\u0111er po\u010dinje uspostavljati ravnote\u017eu u ko\u017ei putem endokanabinoidnog sustava.<\/strong><\/p>\n<ul>\n<li>Pretklini\u010dke studije pokazuju da mo\u017ee u\u010dinkovito smanjiti <strong>upalu<\/strong>. [<a href=\"https:\/\/www.ncbi.nlm.nih.gov\/pmc\/articles\/PMC9210160\/\" target=\"_blank\" rel=\"noopener\">izvor<\/a>]<\/li>\n<li>Ubla\u017eava <strong>svrbe\u017e<\/strong>, \u0161to mo\u017ee sprije\u010diti daljnje o\u0161te\u0107enje ko\u017ee \u010de\u0161anjem. [<a href=\"https:\/\/link.springer.com\/article\/10.1007\/s11101-023-09860-5\" target=\"_blank\" rel=\"noopener\">izvor<\/a>]<\/li>\n<li><strong>Vla\u017ei<\/strong> suhu ko\u017eu i otklanja suho\u0107u koja se \u010desto javlja kod ko\u017enih problema. [<a href=\"https:\/\/www.ncbi.nlm.nih.gov\/pmc\/articles\/PMC10672037\/\" target=\"_blank\" rel=\"noopener\">izvor<\/a>]<\/li>\n<li>Neka istra\u017eivanja pokazuju da CBD mo\u017ee sprije\u010diti <strong>bakterijske<\/strong> infekcije [<a href=\"https:\/\/www.ncbi.nlm.nih.gov\/pmc\/articles\/PMC7736837\/\" target=\"_blank\" rel=\"noopener\">izvor<\/a>]<\/li>\n<li>U znanstvenim istra\u017eivanjima najvi\u0161e se istra\u017euje.<strong> svrbe\u017e ko\u017ee, ekcem (atopijski dermatitis), psorijaza, akne i zacjeljivanje rana.<\/strong><\/li>\n<\/ul>\n    <\/div>\n            <div class=\"kz-text-image__image\">\n            <img decoding=\"async\" width=\"600\" height=\"400\" src=\"https:\/\/konopljazdravi.si\/app\/uploads\/2024\/08\/industrijska-cbd-konoplja-slikana-od-zgoraj-v-fazi-rasti-brez-ozadja.png\" class=\"attachment-large size-large\" alt=\"industrijska cbd konoplja slikana od zgoraj v fazi rasti\" srcset=\"https:\/\/konopljazdravi.si\/app\/uploads\/2024\/08\/industrijska-cbd-konoplja-slikana-od-zgoraj-v-fazi-rasti-brez-ozadja.png 600w, https:\/\/konopljazdravi.si\/app\/uploads\/2024\/08\/industrijska-cbd-konoplja-slikana-od-zgoraj-v-fazi-rasti-brez-ozadja-300x200.png 300w, https:\/\/konopljazdravi.si\/app\/uploads\/2024\/08\/industrijska-cbd-konoplja-slikana-od-zgoraj-v-fazi-rasti-brez-ozadja-416x277.png 416w\" sizes=\"(max-width: 600px) 100vw, 600px\" \/>        <\/div>\n    <\/div>\n\n\n    <\/div>\n<\/div>\n\n\n\n<div  class=\"container__wrapper mb-80\" style='background-color:#f1f4eb;'>\n    <div class=\"container container--normal pt-64 pb-64  \">\n        \n\n<div class=\"kz-text-image kz-text-image--text-only\">\n    <div class=\"kz-text-image__text\">\n        <p><strong>Ljudi svaki dan proizvode ne\u0161to poput CBD-a<\/strong><\/p>\n<p><strong>Istina, i sami znamo u pomo\u0107 pozvati spojeve sli\u010dne CBD-u koji spa\u0161avaju osjetljivu ko\u017eu i poku\u0161avaju je izbalansirati. Kada je kriza, moramo dodati CBD mast od konoplje.<\/strong><\/p>\n<p>Kao i drugi organi, <strong>ko\u017ea ima svoj endokanabinoidni sustav<\/strong>. Ima sposobnost proizvodnje vlastitih kanabinoida i tako\u0111er sadr\u017ei receptore za to. Zbog toga na\u0161a ko\u017ea mo\u017ee reagirati na kanabinoide sadr\u017eane u terapijskoj CBD masti.<\/p>\n<p>Mnogo puta, me\u0111utim, <strong>zbog bolesti ravnote\u017ea je previ\u0161e naru\u0161ena<\/strong> da bismo mogli rije\u0161iti problem vlastitim kanabinoidima. Stoga je u terapijske svrhe CBD mast od industrijske konoplje ponekad potrebno koristiti dulje vrijeme.<\/p>\n<p><strong>Terapeutska CBD mast od konoplje<\/strong> oboga\u0107ena je idealnom koncentracijom CBD-a i drugih prirodnih sastojaka koji djeluju protuupalno i umiruju\u0107e. Dermatolo\u0161ki je ispitan i kod velike ve\u0107ine ljudi ne izaziva glavobolje koje bi mogle dodatno pogor\u0161ati stanje ko\u017ee.<\/p>\n    <\/div>\n    <\/div>\n\n\n    <\/div>\n<\/div>\n\n\n\n<div  class=\"container__wrapper mb-120\" >\n    <div class=\"container container--small  \">\n        \n\n<div class=\"kz-commments\">\n    <\/div>\n\n\n    <\/div>\n<\/div>\n\n\n\n<div  class=\"container__wrapper\" >\n    <div class=\"container container--normal  \">\n        \n\n<div class=\"kz-products-block\">\n    <div class=\"kz-products-block__header\">\n        \n\n<h2 class=\"wp-block-heading\">Najbolje prodajani<\/h2>\n\n\n            <\/div>\n    <div class=\"kz-products-block__wrapper\">\n        <div class=\"kz-products-block__wrapper-inner\">\n            <ul class=\"products products--2\">\n                <li class=\"product type-product post-522124 status-publish first outofstock product_cat-cbd-kozmetika-od-konoplje has-post-thumbnail shipping-taxable purchasable product-type-simple\">\n\t<a href=\"https:\/\/konopljazdravi.si\/hr\/produkt\/cbd-krema-za-lice-od-konoplje-ilesol\/\" class=\"woocommerce-LoopProduct-link woocommerce-loop-product__link\"><img decoding=\"async\" width=\"324\" height=\"324\" src=\"https:\/\/konopljazdravi.si\/app\/uploads\/2024\/08\/cbd-konopljina-krema-za-obraz-v-belo-zeleni-kombinaciji-steklenicke-324x324.jpg\" class=\"attachment-woocommerce_thumbnail size-woocommerce_thumbnail\" alt=\"cbd konopljina krema za obraz v belo zeleni kombinaciji steklenicke\" srcset=\"https:\/\/konopljazdravi.si\/app\/uploads\/2024\/08\/cbd-konopljina-krema-za-obraz-v-belo-zeleni-kombinaciji-steklenicke-324x324.jpg 324w, https:\/\/konopljazdravi.si\/app\/uploads\/2024\/08\/cbd-konopljina-krema-za-obraz-v-belo-zeleni-kombinaciji-steklenicke-300x300.jpg 300w, https:\/\/konopljazdravi.si\/app\/uploads\/2024\/08\/cbd-konopljina-krema-za-obraz-v-belo-zeleni-kombinaciji-steklenicke-150x150.jpg 150w, https:\/\/konopljazdravi.si\/app\/uploads\/2024\/08\/cbd-konopljina-krema-za-obraz-v-belo-zeleni-kombinaciji-steklenicke-768x768.jpg 768w, https:\/\/konopljazdravi.si\/app\/uploads\/2024\/08\/cbd-konopljina-krema-za-obraz-v-belo-zeleni-kombinaciji-steklenicke-416x416.jpg 416w, https:\/\/konopljazdravi.si\/app\/uploads\/2024\/08\/cbd-konopljina-krema-za-obraz-v-belo-zeleni-kombinaciji-steklenicke-100x100.jpg 100w, https:\/\/konopljazdravi.si\/app\/uploads\/2024\/08\/cbd-konopljina-krema-za-obraz-v-belo-zeleni-kombinaciji-steklenicke.jpg 800w\" sizes=\"(max-width: 324px) 100vw, 324px\" \/>                        <div class=\"product__content\">\n        <h2 class=\"woocommerce-loop-product__title\">CBD krema za lice od konoplje &#8211; Ilesol [50 ml]<\/h2>        <span class=\"product__attribute\">50ml, 490mgCBD<\/span>\n        <div class=\"star-rating\" role=\"img\" aria-label=\"Ocjenjeno 5.00 od 5\">        <div class=\"kz-icon-rating\">\n            <span class='icon icon--small '><svg width=\"12\" height=\"12\" viewBox=\"0 0 12 12\" fill=\"none\" xmlns=\"http:\/\/www.w3.org\/2000\/svg\">\n<g id=\"star\">\n<path id=\"Path\" d=\"M8.78038 10.5C8.70042 10.5003 8.62155 10.4814 8.55038 10.445L6.00038 9.10998L3.45038 10.445C3.28145 10.5338 3.07668 10.5187 2.9226 10.4061C2.76851 10.2934 2.692 10.1029 2.72538 9.91498L3.22538 7.09998L1.16538 5.09998C1.03441 4.96928 0.986325 4.77694 1.04038 4.59998C1.0995 4.41869 1.25659 4.28681 1.44538 4.25998L4.29538 3.84498L5.55038 1.27998C5.63393 1.10748 5.80872 0.997925 6.00038 0.997925C6.19204 0.997925 6.36684 1.10748 6.45038 1.27998L7.72038 3.83998L10.5704 4.25498C10.7592 4.28181 10.9163 4.41369 10.9754 4.59498C11.0294 4.77194 10.9814 4.96428 10.8504 5.09498L8.79038 7.09498L9.29038 9.90998C9.32683 10.1014 9.24877 10.2965 9.09038 10.41C8.99984 10.4734 8.89082 10.5051 8.78038 10.5Z\" fill=\"#F7C623\"\/>\n<\/g>\n<\/svg>\n<\/span>            <span class=\"kz-icon-rating__rating\">\n                    5.0\/5.0                <\/span>\n            <span class=\"kz-icon-rating__dot\">\n                \u00b7\n            <\/span>\n                            <span class=\"kz-icon-rating__count-text\">\n                        3 ocjene                     <\/span>\n                    <\/div>\n        <\/div>                <div class=\"product__points\">\n            <ul><li>Nije za masnu ko\u017eu<\/li><li>MSM, Aloe vera<\/li><li>1 % CBD<\/li><ul>        <\/div>\n            \n\t<span class=\"price\"><span class=\"woocommerce-Price-amount amount\"><bdi class=\"woocommerce-Price-bidi\">22,50<span class=\"woocommerce-Price-currencySymbol\">&euro;<\/span><\/bdi><\/span><\/span>\n<span class=\"gtm4wp_productdata\" style=\"display:none; visibility:hidden;\" data-gtm4wp_product_data=\"{&quot;internal_id&quot;:522124,&quot;item_id&quot;:522124,&quot;item_name&quot;:&quot;CBD krema za lice od konoplje - Ilesol [50 ml]&quot;,&quot;sku&quot;:&quot;konop-ilesol-kremaobraz&quot;,&quot;price&quot;:22.5,&quot;stocklevel&quot;:null,&quot;stockstatus&quot;:&quot;outofstock&quot;,&quot;google_business_vertical&quot;:&quot;retail&quot;,&quot;item_category&quot;:&quot;CBD kozmetika od konoplje&quot;,&quot;id&quot;:522124,&quot;productlink&quot;:&quot;https:\\\/\\\/konopljazdravi.si\\\/hr\\\/produkt\\\/cbd-krema-za-lice-od-konoplje-ilesol\\\/&quot;,&quot;item_list_name&quot;:&quot;General Product List&quot;,&quot;index&quot;:1,&quot;product_type&quot;:&quot;simple&quot;,&quot;item_brand&quot;:&quot;&quot;}\"><\/span>        <\/div>\n        <\/a><\/li>\n<li class=\"product type-product post-522129 status-publish instock product_cat-cbd-kozmetika-od-konoplje has-post-thumbnail shipping-taxable purchasable product-type-simple\">\n\t<a href=\"https:\/\/konopljazdravi.si\/hr\/produkt\/cbd-lagana-hidratantna-krema-za-lice-ilesol\/\" class=\"woocommerce-LoopProduct-link woocommerce-loop-product__link\"><img decoding=\"async\" width=\"324\" height=\"324\" src=\"https:\/\/konopljazdravi.si\/app\/uploads\/2024\/08\/CBD-lahka-vlazilna-krema-ilesol-v-belo-zeleni-plastenki-324x324.jpg\" class=\"attachment-woocommerce_thumbnail size-woocommerce_thumbnail\" alt=\"cbd lahka vla\u017eilna krema ilesol v belo zeleni plastenki\" srcset=\"https:\/\/konopljazdravi.si\/app\/uploads\/2024\/08\/CBD-lahka-vlazilna-krema-ilesol-v-belo-zeleni-plastenki-324x324.jpg 324w, https:\/\/konopljazdravi.si\/app\/uploads\/2024\/08\/CBD-lahka-vlazilna-krema-ilesol-v-belo-zeleni-plastenki-300x300.jpg 300w, https:\/\/konopljazdravi.si\/app\/uploads\/2024\/08\/CBD-lahka-vlazilna-krema-ilesol-v-belo-zeleni-plastenki-150x150.jpg 150w, https:\/\/konopljazdravi.si\/app\/uploads\/2024\/08\/CBD-lahka-vlazilna-krema-ilesol-v-belo-zeleni-plastenki-768x768.jpg 768w, https:\/\/konopljazdravi.si\/app\/uploads\/2024\/08\/CBD-lahka-vlazilna-krema-ilesol-v-belo-zeleni-plastenki-416x416.jpg 416w, https:\/\/konopljazdravi.si\/app\/uploads\/2024\/08\/CBD-lahka-vlazilna-krema-ilesol-v-belo-zeleni-plastenki-100x100.jpg 100w, https:\/\/konopljazdravi.si\/app\/uploads\/2024\/08\/CBD-lahka-vlazilna-krema-ilesol-v-belo-zeleni-plastenki.jpg 800w\" sizes=\"(max-width: 324px) 100vw, 324px\" \/>                        <div class=\"product__content\">\n        <h2 class=\"woocommerce-loop-product__title\">CBD lagana hidratantna krema za lice &#8211; Ilesol [50 ml]<\/h2>        <span class=\"product__attribute\">50ml, 490mgCBD<\/span>\n        <div class=\"star-rating\" role=\"img\" aria-label=\"Ocjenjeno 5.00 od 5\">        <div class=\"kz-icon-rating\">\n            <span class='icon icon--small '><svg width=\"12\" height=\"12\" viewBox=\"0 0 12 12\" fill=\"none\" xmlns=\"http:\/\/www.w3.org\/2000\/svg\">\n<g id=\"star\">\n<path id=\"Path\" d=\"M8.78038 10.5C8.70042 10.5003 8.62155 10.4814 8.55038 10.445L6.00038 9.10998L3.45038 10.445C3.28145 10.5338 3.07668 10.5187 2.9226 10.4061C2.76851 10.2934 2.692 10.1029 2.72538 9.91498L3.22538 7.09998L1.16538 5.09998C1.03441 4.96928 0.986325 4.77694 1.04038 4.59998C1.0995 4.41869 1.25659 4.28681 1.44538 4.25998L4.29538 3.84498L5.55038 1.27998C5.63393 1.10748 5.80872 0.997925 6.00038 0.997925C6.19204 0.997925 6.36684 1.10748 6.45038 1.27998L7.72038 3.83998L10.5704 4.25498C10.7592 4.28181 10.9163 4.41369 10.9754 4.59498C11.0294 4.77194 10.9814 4.96428 10.8504 5.09498L8.79038 7.09498L9.29038 9.90998C9.32683 10.1014 9.24877 10.2965 9.09038 10.41C8.99984 10.4734 8.89082 10.5051 8.78038 10.5Z\" fill=\"#F7C623\"\/>\n<\/g>\n<\/svg>\n<\/span>            <span class=\"kz-icon-rating__rating\">\n                    5.0\/5.0                <\/span>\n            <span class=\"kz-icon-rating__dot\">\n                \u00b7\n            <\/span>\n                            <span class=\"kz-icon-rating__count-text\">\n                        4 ocjene                     <\/span>\n                    <\/div>\n        <\/div>                <div class=\"product__points\">\n            <ul><li>Svi tipovi ko\u017ee<\/li><li>MSM, Arnika<\/li><li>1 % CBD<\/li><ul>        <\/div>\n            \n\t<span class=\"price\"><span class=\"woocommerce-Price-amount amount\"><bdi class=\"woocommerce-Price-bidi\">22,50<span class=\"woocommerce-Price-currencySymbol\">&euro;<\/span><\/bdi><\/span><\/span>\n<span class=\"gtm4wp_productdata\" style=\"display:none; visibility:hidden;\" data-gtm4wp_product_data=\"{&quot;internal_id&quot;:522129,&quot;item_id&quot;:522129,&quot;item_name&quot;:&quot;CBD lagana hidratantna krema za lice - Ilesol [50 ml]&quot;,&quot;sku&quot;:&quot;konop-ilesol-lahkakr&quot;,&quot;price&quot;:22.5,&quot;stocklevel&quot;:13,&quot;stockstatus&quot;:&quot;instock&quot;,&quot;google_business_vertical&quot;:&quot;retail&quot;,&quot;item_category&quot;:&quot;CBD kozmetika od konoplje&quot;,&quot;id&quot;:522129,&quot;productlink&quot;:&quot;https:\\\/\\\/konopljazdravi.si\\\/hr\\\/produkt\\\/cbd-lagana-hidratantna-krema-za-lice-ilesol\\\/&quot;,&quot;item_list_name&quot;:&quot;General Product List&quot;,&quot;index&quot;:2,&quot;product_type&quot;:&quot;simple&quot;,&quot;item_brand&quot;:&quot;&quot;}\"><\/span>        <\/div>\n        <\/a><\/li>\n            <\/ul>\n        <\/div>\n    <\/div>\n<\/div>\n\n\n    <\/div>\n<\/div>\n","protected":false},"excerpt":{"rendered":"","protected":false},"featured_media":521923,"comment_status":"open","ping_status":"closed","template":"","meta":{"inline_featured_image":false},"product_brand":[],"product_cat":[100],"product_tag":[],"class_list":{"0":"post-522127","1":"product","2":"type-product","3":"status-publish","4":"has-post-thumbnail","6":"product_cat-cbd-kozmetika-od-konoplje","8":"last","9":"instock","10":"shipping-taxable","11":"purchasable","12":"product-type-simple"},"acf":[],"_links":{"self":[{"href":"https:\/\/konopljazdravi.si\/hr\/wp-json\/wp\/v2\/product\/522127","targetHints":{"allow":["GET"]}}],"collection":[{"href":"https:\/\/konopljazdravi.si\/hr\/wp-json\/wp\/v2\/product"}],"about":[{"href":"https:\/\/konopljazdravi.si\/hr\/wp-json\/wp\/v2\/types\/product"}],"replies":[{"embeddable":true,"href":"https:\/\/konopljazdravi.si\/hr\/wp-json\/wp\/v2\/comments?post=522127"}],"wp:featuredmedia":[{"embeddable":true,"href":"https:\/\/konopljazdravi.si\/hr\/wp-json\/wp\/v2\/media\/521923"}],"wp:attachment":[{"href":"https:\/\/konopljazdravi.si\/hr\/wp-json\/wp\/v2\/media?parent=522127"}],"wp:term":[{"taxonomy":"product_brand","embeddable":true,"href":"https:\/\/konopljazdravi.si\/hr\/wp-json\/wp\/v2\/product_brand?post=522127"},{"taxonomy":"product_cat","embeddable":true,"href":"https:\/\/konopljazdravi.si\/hr\/wp-json\/wp\/v2\/product_cat?post=522127"},{"taxonomy":"product_tag","embeddable":true,"href":"https:\/\/konopljazdravi.si\/hr\/wp-json\/wp\/v2\/product_tag?post=522127"}],"curies":[{"name":"wp","href":"https:\/\/api.w.org\/{rel}","templated":true}]}}