{"id":522129,"date":"2024-08-29T11:40:33","date_gmt":"2024-08-29T09:40:33","guid":{"rendered":"https:\/\/konopljazdravi.si\/izdelek\/cbd-lahka-vlazilna-krema-za-obraz-ilesol\/"},"modified":"2026-01-22T17:57:50","modified_gmt":"2026-01-22T16:57:50","slug":"cbd-lagana-hidratantna-krema-za-lice-ilesol","status":"publish","type":"product","link":"https:\/\/konopljazdravi.si\/hr\/produkt\/cbd-lagana-hidratantna-krema-za-lice-ilesol\/","title":{"rendered":"CBD lagana hidratantna krema za lice &#8211; Ilesol [50 ml]"},"content":{"rendered":"\n<div  class=\"container__wrapper mb-120\" >\n    <div class=\"container container--normal  \">\n        \n<div class=\"kz-icons\">\n                    <div  class=\"kz-icon\">\n            <div class=\"kz-icon__image\" style=\"background-color: #E5EED6\">\n                <img decoding=\"async\" width=\"150\" height=\"150\" src=\"https:\/\/konopljazdravi.si\/app\/uploads\/2024\/03\/icon-quality.svg\" class=\"attachment-thumbnail size-thumbnail\" alt=\"\" \/>            <\/div>\n            <span>Dermatolo\u0161ki testirani (ne na \u017eivotinjama)<\/span>\n        <\/div>\n                    <div  class=\"kz-icon\">\n            <div class=\"kz-icon__image\" style=\"background-color: #E5EED6\">\n                <img decoding=\"async\" width=\"150\" height=\"150\" src=\"https:\/\/konopljazdravi.si\/app\/uploads\/2024\/03\/icon-quality.svg\" class=\"attachment-thumbnail size-thumbnail\" alt=\"\" \/>            <\/div>\n            <span>Prikladno za vegane<\/span>\n        <\/div>\n                    <div  class=\"kz-icon\">\n            <div class=\"kz-icon__image\" style=\"background-color: #E5EED6\">\n                <img decoding=\"async\" width=\"150\" height=\"150\" src=\"https:\/\/konopljazdravi.si\/app\/uploads\/2024\/03\/icon-quality.svg\" class=\"attachment-thumbnail size-thumbnail\" alt=\"\" \/>            <\/div>\n            <span>4 certifikata za sigurnost i kvalitetu<\/span>\n        <\/div>\n                    <div  class=\"kz-icon\">\n            <div class=\"kz-icon__image\" style=\"background-color: #E5EED6\">\n                <img decoding=\"async\" width=\"150\" height=\"150\" src=\"https:\/\/konopljazdravi.si\/app\/uploads\/2024\/03\/icon-quality.svg\" class=\"attachment-thumbnail size-thumbnail\" alt=\"\" \/>            <\/div>\n            <span>96,75% prirodni sastojci<\/span>\n        <\/div>\n    <\/div>\n\n\n    <\/div>\n<\/div>\n\n\n\n<div  class=\"container__wrapper\" >\n    <div class=\"container container--normal pb-64  \">\n        \n\n<div class=\"kz-text-image \">\n    <div class=\"kz-text-image__text\">\n        <h2><strong>Za\u0161to je CBD u\u010dinkovit u njezi osjetljive ko\u017ee?<\/strong><\/h2>\n<p><strong>Smanjuje sintezu masti u \u017elijezdama lojnicama, \u0161to ko\u017eu \u010dini \u010di\u0161\u0107om. Tako\u0111er po\u010dinje uspostavljati ravnote\u017eu u ko\u017ei putem endokanabinoidnog sustava.<\/strong><\/p>\n<ul>\n<li>Pretklini\u010dke studije pokazuju da mo\u017ee u\u010dinkovito smanjiti <strong>upalu<\/strong>. [<a href=\"https:\/\/www.ncbi.nlm.nih.gov\/pmc\/articles\/PMC9210160\/\" target=\"_blank\" rel=\"noopener\">izvor<\/a>]<\/li>\n<li>Ubla\u017eava <strong>svrbe\u017e<\/strong>, \u0161to mo\u017ee sprije\u010diti daljnje o\u0161te\u0107enje ko\u017ee \u010de\u0161anjem. [<a href=\"https:\/\/link.springer.com\/article\/10.1007\/s11101-023-09860-5\" target=\"_blank\" rel=\"noopener\">izvor<\/a>]<\/li>\n<li><strong>Vla\u017ei<\/strong> suhu ko\u017eu i otklanja suho\u0107u koja se \u010desto javlja kod ko\u017enih problema. [<a href=\"https:\/\/www.ncbi.nlm.nih.gov\/pmc\/articles\/PMC10672037\/\" target=\"_blank\" rel=\"noopener\">izvor<\/a>]<\/li>\n<li>Neka istra\u017eivanja pokazuju da CBD mo\u017ee sprije\u010diti <strong>bakterijske<\/strong> infekcije [<a href=\"https:\/\/www.ncbi.nlm.nih.gov\/pmc\/articles\/PMC7736837\/\" target=\"_blank\" rel=\"noopener\">izvor<\/a>]<\/li>\n<li>U znanstvenim studijama naj\u010de\u0161\u0107e se istra\u017euje <strong>svrbe\u017e ko\u017ee, ekcem, psorijaza i akne<\/strong>.<\/li>\n<\/ul>\n    <\/div>\n            <div class=\"kz-text-image__image\">\n            <img decoding=\"async\" width=\"600\" height=\"480\" src=\"https:\/\/konopljazdravi.si\/app\/uploads\/2024\/08\/konopljin-list-in-krema-na-bez-podlagi.jpg\" class=\"attachment-large size-large\" alt=\"konopljin list in krema na podlagi be\u017e barve\" srcset=\"https:\/\/konopljazdravi.si\/app\/uploads\/2024\/08\/konopljin-list-in-krema-na-bez-podlagi.jpg 600w, https:\/\/konopljazdravi.si\/app\/uploads\/2024\/08\/konopljin-list-in-krema-na-bez-podlagi-300x240.jpg 300w, https:\/\/konopljazdravi.si\/app\/uploads\/2024\/08\/konopljin-list-in-krema-na-bez-podlagi-416x333.jpg 416w\" sizes=\"(max-width: 600px) 100vw, 600px\" \/>        <\/div>\n    <\/div>\n\n\n    <\/div>\n<\/div>\n\n\n\n<div  class=\"container__wrapper\" style='background-color:#f1f4eb;'>\n    <div class=\"container container--normal pt-64 pb-64  \">\n        \n\n<div class=\"kz-text-image kz-text-image--switch\">\n    <div class=\"kz-text-image__text\">\n        <h2><strong>Lagana hidratantna krema za lice i obja\u0161njenje klju\u010dnih aktivnih sastojaka<\/strong><\/h2>\n<p><strong>CBD, arnika, MSM i vitamin E posebno su sna\u017eni sastojci zbog sna\u017enog protuupalnog djelovanja. Zdravlje ko\u017ee definitivno se pobolj\u0161ava.<\/strong><\/p>\n<ul>\n<li>MSM uzrokuje proizvodnju kolagena u ko\u017ei (prolje\u0107e)<\/li>\n<li>Glicerin uvla\u010di vlagu u gornji dio ko\u017ee<\/li>\n<li>Arnika djeluje protuupalno i pospje\u0161uje zacjeljivanje<\/li>\n<li>Maslinovo ulje je bogato antioksidansima i \u0161titi ko\u017eu<\/li>\n<li>Ulje slatkog badema daje hidrataciju i pove\u0107ava glatko\u0107u<\/li>\n<li>Shea maslac pove\u0107ava proizvodnju kolagena i zdrav izgled<\/li>\n<li>Glicerol vla\u017ei ko\u017eu jer privla\u010di vlagu iz okoline, sprje\u010davaju\u0107i lju\u0161tenje<\/li>\n<li>Vitamin E je sna\u017ean antioksidans, sprje\u010dava starenje i \u0161titi od UV zraka<\/li>\n<\/ul>\n    <\/div>\n            <div class=\"kz-text-image__image\">\n            <img decoding=\"async\" width=\"600\" height=\"480\" src=\"https:\/\/konopljazdravi.si\/app\/uploads\/2024\/08\/Cvet-rastline-arnike-rumene-barve-na-beli-podlagi.jpg\" class=\"attachment-large size-large\" alt=\"rumeni cvet rastline arnike polo\u017een na belo podlago\" srcset=\"https:\/\/konopljazdravi.si\/app\/uploads\/2024\/08\/Cvet-rastline-arnike-rumene-barve-na-beli-podlagi.jpg 600w, https:\/\/konopljazdravi.si\/app\/uploads\/2024\/08\/Cvet-rastline-arnike-rumene-barve-na-beli-podlagi-300x240.jpg 300w, https:\/\/konopljazdravi.si\/app\/uploads\/2024\/08\/Cvet-rastline-arnike-rumene-barve-na-beli-podlagi-416x333.jpg 416w\" sizes=\"(max-width: 600px) 100vw, 600px\" \/>        <\/div>\n    <\/div>\n\n\n    <\/div>\n<\/div>\n\n\n\n<div  class=\"container__wrapper\" >\n    <div class=\"container container--normal pt-64 pb-64  \">\n        \n\n<div class=\"kz-text-image kz-text-image--text-only\">\n    <div class=\"kz-text-image__text\">\n        <h2><strong>Za\u0161to je krema lagana i za\u0161to hidratantna?<\/strong><\/h2>\n<p><strong>Prirodni i sintetski sastojci zajedno optimiziraju u\u010dinke i istovremeno smanjuju rizike od roka trajanja.<\/strong><\/p>\n<p><strong>Krema je lagana<\/strong> zbog suncokretovog i maslinovog ulja koji se brzo upijaju u ko\u017eu i omogu\u0107uju joj da di\u0161e. Lagani emulgator Polyglyceryl-2 Dipolyhydroxystearate poma\u017ee u mije\u0161anju sastojaka vode i ulja te odr\u017eava teksturu kreme ugodno laganom. Glicero tako\u0111er doprinosi osje\u0107aju svjetlosti na ko\u017ei.<\/p>\n<p><strong>Krema je hidratantna<\/strong> jer sadr\u017ei kombinaciju sna\u017enih hidratantnih i hranjivih sastojaka. Glicerol djeluje kao magnet za vlagu. Shea maslac i ulje slatkog badema izvrsni su za dubinsku hidrataciju. Zajedno s ostalim sastojcima stvaraju bogatu hidratantnu formulu. Rezultat je hidratizirana i zdrava ko\u017ea mekog i glatkog izgleda.<\/p>\n    <\/div>\n    <\/div>\n\n\n    <\/div>\n<\/div>\n\n\n\n<div  class=\"container__wrapper mb-120\" >\n    <div class=\"container container--small  \">\n        \n\n<div class=\"kz-commments\">\n    <\/div>\n\n\n    <\/div>\n<\/div>\n\n\n\n<div  class=\"container__wrapper\" >\n    <div class=\"container container--normal  \">\n        \n\n<div class=\"kz-products-block\">\n    <div class=\"kz-products-block__header\">\n        \n\n<h2 class=\"wp-block-heading\">Najbolje prodajani<\/h2>\n\n\n            <\/div>\n    <div class=\"kz-products-block__wrapper\">\n        <div class=\"kz-products-block__wrapper-inner\">\n            <ul class=\"products products--3\">\n                <li class=\"product type-product post-522124 status-publish first outofstock product_cat-cbd-kozmetika-od-konoplje has-post-thumbnail shipping-taxable purchasable product-type-simple\">\n\t<a href=\"https:\/\/konopljazdravi.si\/hr\/produkt\/cbd-krema-za-lice-od-konoplje-ilesol\/\" class=\"woocommerce-LoopProduct-link woocommerce-loop-product__link\"><img decoding=\"async\" width=\"324\" height=\"324\" src=\"https:\/\/konopljazdravi.si\/app\/uploads\/2024\/08\/cbd-konopljina-krema-za-obraz-v-belo-zeleni-kombinaciji-steklenicke-324x324.jpg\" class=\"attachment-woocommerce_thumbnail size-woocommerce_thumbnail\" alt=\"cbd konopljina krema za obraz v belo zeleni kombinaciji steklenicke\" srcset=\"https:\/\/konopljazdravi.si\/app\/uploads\/2024\/08\/cbd-konopljina-krema-za-obraz-v-belo-zeleni-kombinaciji-steklenicke-324x324.jpg 324w, https:\/\/konopljazdravi.si\/app\/uploads\/2024\/08\/cbd-konopljina-krema-za-obraz-v-belo-zeleni-kombinaciji-steklenicke-300x300.jpg 300w, https:\/\/konopljazdravi.si\/app\/uploads\/2024\/08\/cbd-konopljina-krema-za-obraz-v-belo-zeleni-kombinaciji-steklenicke-150x150.jpg 150w, https:\/\/konopljazdravi.si\/app\/uploads\/2024\/08\/cbd-konopljina-krema-za-obraz-v-belo-zeleni-kombinaciji-steklenicke-768x768.jpg 768w, https:\/\/konopljazdravi.si\/app\/uploads\/2024\/08\/cbd-konopljina-krema-za-obraz-v-belo-zeleni-kombinaciji-steklenicke-416x416.jpg 416w, https:\/\/konopljazdravi.si\/app\/uploads\/2024\/08\/cbd-konopljina-krema-za-obraz-v-belo-zeleni-kombinaciji-steklenicke-100x100.jpg 100w, https:\/\/konopljazdravi.si\/app\/uploads\/2024\/08\/cbd-konopljina-krema-za-obraz-v-belo-zeleni-kombinaciji-steklenicke.jpg 800w\" sizes=\"(max-width: 324px) 100vw, 324px\" \/>                        <div class=\"product__content\">\n        <h2 class=\"woocommerce-loop-product__title\">CBD krema za lice od konoplje &#8211; Ilesol [50 ml]<\/h2>        <span class=\"product__attribute\">50ml, 490mgCBD<\/span>\n        <div class=\"star-rating\" role=\"img\" aria-label=\"Ocjenjeno 5.00 od 5\">        <div class=\"kz-icon-rating\">\n            <span class='icon icon--small '><svg width=\"12\" height=\"12\" viewBox=\"0 0 12 12\" fill=\"none\" xmlns=\"http:\/\/www.w3.org\/2000\/svg\">\n<g id=\"star\">\n<path id=\"Path\" d=\"M8.78038 10.5C8.70042 10.5003 8.62155 10.4814 8.55038 10.445L6.00038 9.10998L3.45038 10.445C3.28145 10.5338 3.07668 10.5187 2.9226 10.4061C2.76851 10.2934 2.692 10.1029 2.72538 9.91498L3.22538 7.09998L1.16538 5.09998C1.03441 4.96928 0.986325 4.77694 1.04038 4.59998C1.0995 4.41869 1.25659 4.28681 1.44538 4.25998L4.29538 3.84498L5.55038 1.27998C5.63393 1.10748 5.80872 0.997925 6.00038 0.997925C6.19204 0.997925 6.36684 1.10748 6.45038 1.27998L7.72038 3.83998L10.5704 4.25498C10.7592 4.28181 10.9163 4.41369 10.9754 4.59498C11.0294 4.77194 10.9814 4.96428 10.8504 5.09498L8.79038 7.09498L9.29038 9.90998C9.32683 10.1014 9.24877 10.2965 9.09038 10.41C8.99984 10.4734 8.89082 10.5051 8.78038 10.5Z\" fill=\"#F7C623\"\/>\n<\/g>\n<\/svg>\n<\/span>            <span class=\"kz-icon-rating__rating\">\n                    5.0\/5.0                <\/span>\n            <span class=\"kz-icon-rating__dot\">\n                \u00b7\n            <\/span>\n                            <span class=\"kz-icon-rating__count-text\">\n                        3 ocjene                     <\/span>\n                    <\/div>\n        <\/div>                <div class=\"product__points\">\n            <ul><li>Nije za masnu ko\u017eu<\/li><li>MSM, Aloe vera<\/li><li>1 % CBD<\/li><ul>        <\/div>\n            \n\t<span class=\"price\"><span class=\"woocommerce-Price-amount amount\"><bdi class=\"woocommerce-Price-bidi\">22,50<span class=\"woocommerce-Price-currencySymbol\">&euro;<\/span><\/bdi><\/span><\/span>\n<span class=\"gtm4wp_productdata\" style=\"display:none; visibility:hidden;\" data-gtm4wp_product_data=\"{&quot;internal_id&quot;:522124,&quot;item_id&quot;:522124,&quot;item_name&quot;:&quot;CBD krema za lice od konoplje - Ilesol [50 ml]&quot;,&quot;sku&quot;:&quot;konop-ilesol-kremaobraz&quot;,&quot;price&quot;:22.5,&quot;stocklevel&quot;:null,&quot;stockstatus&quot;:&quot;outofstock&quot;,&quot;google_business_vertical&quot;:&quot;retail&quot;,&quot;item_category&quot;:&quot;CBD kozmetika od konoplje&quot;,&quot;id&quot;:522124,&quot;productlink&quot;:&quot;https:\\\/\\\/konopljazdravi.si\\\/hr\\\/produkt\\\/cbd-krema-za-lice-od-konoplje-ilesol\\\/&quot;,&quot;item_list_name&quot;:&quot;General Product List&quot;,&quot;index&quot;:1,&quot;product_type&quot;:&quot;simple&quot;,&quot;item_brand&quot;:&quot;&quot;}\"><\/span>        <\/div>\n        <\/a><\/li>\n<li class=\"product type-product post-522127 status-publish instock product_cat-cbd-kozmetika-od-konoplje has-post-thumbnail shipping-taxable purchasable product-type-simple\">\n\t<a href=\"https:\/\/konopljazdravi.si\/hr\/produkt\/cbd-mast-od-konoplje-ilesol\/\" class=\"woocommerce-LoopProduct-link woocommerce-loop-product__link\"><img decoding=\"async\" width=\"324\" height=\"324\" src=\"https:\/\/konopljazdravi.si\/app\/uploads\/2024\/08\/cbd-konopljino-mazilo-ilesol-v-belem-pakiranju-z-zelenimi-napisi-324x324.jpg\" class=\"attachment-woocommerce_thumbnail size-woocommerce_thumbnail\" alt=\"cbd konopljino mazilo ilesol v belem pakiranju z zelenimi napisi\" srcset=\"https:\/\/konopljazdravi.si\/app\/uploads\/2024\/08\/cbd-konopljino-mazilo-ilesol-v-belem-pakiranju-z-zelenimi-napisi-324x324.jpg 324w, https:\/\/konopljazdravi.si\/app\/uploads\/2024\/08\/cbd-konopljino-mazilo-ilesol-v-belem-pakiranju-z-zelenimi-napisi-300x300.jpg 300w, https:\/\/konopljazdravi.si\/app\/uploads\/2024\/08\/cbd-konopljino-mazilo-ilesol-v-belem-pakiranju-z-zelenimi-napisi-150x150.jpg 150w, https:\/\/konopljazdravi.si\/app\/uploads\/2024\/08\/cbd-konopljino-mazilo-ilesol-v-belem-pakiranju-z-zelenimi-napisi-768x768.jpg 768w, https:\/\/konopljazdravi.si\/app\/uploads\/2024\/08\/cbd-konopljino-mazilo-ilesol-v-belem-pakiranju-z-zelenimi-napisi-416x416.jpg 416w, https:\/\/konopljazdravi.si\/app\/uploads\/2024\/08\/cbd-konopljino-mazilo-ilesol-v-belem-pakiranju-z-zelenimi-napisi-100x100.jpg 100w, https:\/\/konopljazdravi.si\/app\/uploads\/2024\/08\/cbd-konopljino-mazilo-ilesol-v-belem-pakiranju-z-zelenimi-napisi.jpg 800w\" sizes=\"(max-width: 324px) 100vw, 324px\" \/>                        <div class=\"product__content\">\n        <h2 class=\"woocommerce-loop-product__title\">Terapijska CBD mast od konoplje Ilesol [30ml]<\/h2>        <span class=\"product__attribute\">30ml, 550mgCBD<\/span>\n                        <div class=\"product__points\">\n            <ul><li>Suh osje\u0107aj<\/li><li>6 jakih ulja<\/li><li>2 % CBD<\/li><ul>        <\/div>\n            \n\t<span class=\"price\"><span class=\"woocommerce-Price-amount amount\"><bdi class=\"woocommerce-Price-bidi\">20,90<span class=\"woocommerce-Price-currencySymbol\">&euro;<\/span><\/bdi><\/span><\/span>\n<span class=\"gtm4wp_productdata\" style=\"display:none; visibility:hidden;\" data-gtm4wp_product_data=\"{&quot;internal_id&quot;:522127,&quot;item_id&quot;:522127,&quot;item_name&quot;:&quot;Terapijska CBD mast od konoplje Ilesol [30ml]&quot;,&quot;sku&quot;:&quot;konop-ilesol-mazilo&quot;,&quot;price&quot;:20.89999999999999857891452847979962825775146484375,&quot;stocklevel&quot;:3,&quot;stockstatus&quot;:&quot;instock&quot;,&quot;google_business_vertical&quot;:&quot;retail&quot;,&quot;item_category&quot;:&quot;CBD kozmetika od konoplje&quot;,&quot;id&quot;:522127,&quot;productlink&quot;:&quot;https:\\\/\\\/konopljazdravi.si\\\/hr\\\/produkt\\\/cbd-mast-od-konoplje-ilesol\\\/&quot;,&quot;item_list_name&quot;:&quot;General Product List&quot;,&quot;index&quot;:2,&quot;product_type&quot;:&quot;simple&quot;,&quot;item_brand&quot;:&quot;&quot;}\"><\/span>        <\/div>\n        <\/a><\/li>\n<li class=\"product type-product post-520366 status-publish last instock product_cat-cbd-ulje has-post-thumbnail shipping-taxable purchasable product-type-simple\">\n\t<a href=\"https:\/\/konopljazdravi.si\/hr\/produkt\/cbd-ulje-5-dr-gosar-bio\/\" class=\"woocommerce-LoopProduct-link woocommerce-loop-product__link\"><img decoding=\"async\" width=\"324\" height=\"324\" src=\"https:\/\/konopljazdravi.si\/app\/uploads\/2024\/02\/7-odstotne-cbd-kapljice-dr-gosar-324x324.jpg\" class=\"attachment-woocommerce_thumbnail size-woocommerce_thumbnail\" alt=\"Bio CBD ulje 7 %, dr. Gosar [20 ml] \u2013 sa farme\" srcset=\"https:\/\/konopljazdravi.si\/app\/uploads\/2024\/02\/7-odstotne-cbd-kapljice-dr-gosar-324x324.jpg 324w, https:\/\/konopljazdravi.si\/app\/uploads\/2024\/02\/7-odstotne-cbd-kapljice-dr-gosar-300x300.jpg 300w, https:\/\/konopljazdravi.si\/app\/uploads\/2024\/02\/7-odstotne-cbd-kapljice-dr-gosar-150x150.jpg 150w, https:\/\/konopljazdravi.si\/app\/uploads\/2024\/02\/7-odstotne-cbd-kapljice-dr-gosar-768x768.jpg 768w, https:\/\/konopljazdravi.si\/app\/uploads\/2024\/02\/7-odstotne-cbd-kapljice-dr-gosar-416x416.jpg 416w, https:\/\/konopljazdravi.si\/app\/uploads\/2024\/02\/7-odstotne-cbd-kapljice-dr-gosar-100x100.jpg 100w, https:\/\/konopljazdravi.si\/app\/uploads\/2024\/02\/7-odstotne-cbd-kapljice-dr-gosar.jpg 1000w\" sizes=\"(max-width: 324px) 100vw, 324px\" \/>                        <div class=\"product__content\">\n        <h2 class=\"woocommerce-loop-product__title\">Bio CBD ulje 7 %, dr. Gosar [20 ml] \u2013 sa farme<\/h2>        <span class=\"product__attribute\">20ml, 1000mg CBD<\/span>\n        <div class=\"star-rating\" role=\"img\" aria-label=\"Ocjenjeno 4.85 od 5\">        <div class=\"kz-icon-rating\">\n            <span class='icon icon--small '><svg width=\"12\" height=\"12\" viewBox=\"0 0 12 12\" fill=\"none\" xmlns=\"http:\/\/www.w3.org\/2000\/svg\">\n<g id=\"star\">\n<path id=\"Path\" d=\"M8.78038 10.5C8.70042 10.5003 8.62155 10.4814 8.55038 10.445L6.00038 9.10998L3.45038 10.445C3.28145 10.5338 3.07668 10.5187 2.9226 10.4061C2.76851 10.2934 2.692 10.1029 2.72538 9.91498L3.22538 7.09998L1.16538 5.09998C1.03441 4.96928 0.986325 4.77694 1.04038 4.59998C1.0995 4.41869 1.25659 4.28681 1.44538 4.25998L4.29538 3.84498L5.55038 1.27998C5.63393 1.10748 5.80872 0.997925 6.00038 0.997925C6.19204 0.997925 6.36684 1.10748 6.45038 1.27998L7.72038 3.83998L10.5704 4.25498C10.7592 4.28181 10.9163 4.41369 10.9754 4.59498C11.0294 4.77194 10.9814 4.96428 10.8504 5.09498L8.79038 7.09498L9.29038 9.90998C9.32683 10.1014 9.24877 10.2965 9.09038 10.41C8.99984 10.4734 8.89082 10.5051 8.78038 10.5Z\" fill=\"#F7C623\"\/>\n<\/g>\n<\/svg>\n<\/span>            <span class=\"kz-icon-rating__rating\">\n                    4.9\/5.0                <\/span>\n            <span class=\"kz-icon-rating__dot\">\n                \u00b7\n            <\/span>\n                            <span class=\"kz-icon-rating__count-text\">\n                        52 ocjen                    <\/span>\n                    <\/div>\n        <\/div>                <div class=\"product__points\">\n            <ul><li>Puni spektar<\/li><li>Prirodno iz SLO<\/li><li>Maksimalni THC<\/li><ul>        <\/div>\n            \n\t<span class=\"price\"><span class=\"woocommerce-Price-amount amount\"><bdi class=\"woocommerce-Price-bidi\">29,90<span class=\"woocommerce-Price-currencySymbol\">&euro;<\/span><\/bdi><\/span><\/span>\n<span class=\"gtm4wp_productdata\" style=\"display:none; visibility:hidden;\" data-gtm4wp_product_data=\"{&quot;internal_id&quot;:520366,&quot;item_id&quot;:520366,&quot;item_name&quot;:&quot;Bio CBD ulje 7 %, dr. Gosar [20 ml] \\u2013 sa farme&quot;,&quot;sku&quot;:&quot;konop-cbdgosar5&quot;,&quot;price&quot;:29.89999999999999857891452847979962825775146484375,&quot;stocklevel&quot;:null,&quot;stockstatus&quot;:&quot;instock&quot;,&quot;google_business_vertical&quot;:&quot;retail&quot;,&quot;item_category&quot;:&quot;CBD ulje&quot;,&quot;id&quot;:520366,&quot;productlink&quot;:&quot;https:\\\/\\\/konopljazdravi.si\\\/hr\\\/produkt\\\/cbd-ulje-5-dr-gosar-bio\\\/&quot;,&quot;item_list_name&quot;:&quot;General Product List&quot;,&quot;index&quot;:3,&quot;product_type&quot;:&quot;simple&quot;,&quot;item_brand&quot;:&quot;&quot;}\"><\/span>        <\/div>\n        <\/a><\/li>\n            <\/ul>\n        <\/div>\n    <\/div>\n<\/div>\n\n\n    <\/div>\n<\/div>\n","protected":false},"excerpt":{"rendered":"","protected":false},"featured_media":521896,"comment_status":"open","ping_status":"closed","template":"","meta":{"inline_featured_image":false},"product_brand":[],"product_cat":[100],"product_tag":[],"class_list":{"0":"post-522129","1":"product","2":"type-product","3":"status-publish","4":"has-post-thumbnail","6":"product_cat-cbd-kozmetika-od-konoplje","8":"first","9":"instock","10":"shipping-taxable","11":"purchasable","12":"product-type-simple"},"acf":[],"_links":{"self":[{"href":"https:\/\/konopljazdravi.si\/hr\/wp-json\/wp\/v2\/product\/522129","targetHints":{"allow":["GET"]}}],"collection":[{"href":"https:\/\/konopljazdravi.si\/hr\/wp-json\/wp\/v2\/product"}],"about":[{"href":"https:\/\/konopljazdravi.si\/hr\/wp-json\/wp\/v2\/types\/product"}],"replies":[{"embeddable":true,"href":"https:\/\/konopljazdravi.si\/hr\/wp-json\/wp\/v2\/comments?post=522129"}],"wp:featuredmedia":[{"embeddable":true,"href":"https:\/\/konopljazdravi.si\/hr\/wp-json\/wp\/v2\/media\/521896"}],"wp:attachment":[{"href":"https:\/\/konopljazdravi.si\/hr\/wp-json\/wp\/v2\/media?parent=522129"}],"wp:term":[{"taxonomy":"product_brand","embeddable":true,"href":"https:\/\/konopljazdravi.si\/hr\/wp-json\/wp\/v2\/product_brand?post=522129"},{"taxonomy":"product_cat","embeddable":true,"href":"https:\/\/konopljazdravi.si\/hr\/wp-json\/wp\/v2\/product_cat?post=522129"},{"taxonomy":"product_tag","embeddable":true,"href":"https:\/\/konopljazdravi.si\/hr\/wp-json\/wp\/v2\/product_tag?post=522129"}],"curies":[{"name":"wp","href":"https:\/\/api.w.org\/{rel}","templated":true}]}}